{"id":158212,"date":"2025-04-29T17:38:15","date_gmt":"2025-04-29T15:38:15","guid":{"rendered":"https:\/\/gaussko.urbangap.dev\/faq\/"},"modified":"2026-03-24T15:59:18","modified_gmt":"2026-03-24T14:59:18","slug":"faq","status":"publish","type":"page","link":"https:\/\/gaussko.urbangap.dev\/pt-pt\/faq\/","title":{"rendered":"Faq"},"content":{"rendered":"<div class=\"wpb-content-wrapper\"><p>[vc_row row_height_percent=&#8221;0&#8243; override_padding=&#8221;yes&#8221; h_padding=&#8221;2&#8243; top_padding=&#8221;7&#8243; bottom_padding=&#8221;7&#8243; back_color=&#8221;color-165227&#8243; back_image=&#8221;157012&#8243; overlay_alpha=&#8221;50&#8243; equal_height=&#8221;yes&#8221; gutter_size=&#8221;4&#8243; column_width_percent=&#8221;100&#8243; shift_y=&#8221;0&#8243; z_index=&#8221;0&#8243; content_parallax=&#8221;0&#8243; uncode_shortcode_id=&#8221;204839&#8243; back_color_type=&#8221;uncode-palette&#8221;][vc_column column_width_percent=&#8221;100&#8243; gutter_size=&#8221;3&#8243; style=&#8221;dark&#8221; overlay_alpha=&#8221;50&#8243; shift_x=&#8221;0&#8243; shift_y=&#8221;0&#8243; shift_y_down=&#8221;0&#8243; z_index=&#8221;0&#8243; medium_width=&#8221;0&#8243; mobile_width=&#8221;0&#8243; width=&#8221;1\/1&#8243; uncode_shortcode_id=&#8221;322707&#8243;]<div id=\"vcparticlesbackground_1755697245_853028330\" data-theid=\"vcparticlesbackground_1755697245_853028330\" data-particles-number-value=\"60\" data-particles-density-value=\"600\" data-particles-shape-type=\"Circle\" data-particles-color=\"#0063A0\" data-particles-shape-stroke-color=\"#0063A0\" data-particles-shape-stroke-width=\"0\" data-particles-size-value=\"5\" data-particles-size-random=\"true\" data-particles-size-anim-enable=\"false\" data-particles-opacity-value=\"0.45\" data-particles-opacity-random=\"true\" data-particles-opacity-anim-enable=\"false\" data-particles-move-enabled=\"true\" data-particles-move-direction=\"none\" data-particles-move-random=\"false\" data-particles-move-straight=\"false\" data-particles-move-speed=\"5\" data-particles-move-out-mode=\"bounce\" data-particles-line-linked-enable-auto=\"true\" data-particles-line-linked-distance=\"160\" data-particles-line-linked-color=\"#0063A0\" data-particles-line-linked-opacity=\"0.40\" data-particles-line-linked-width=\"1\" data-particles-interactivity-onhover-enable=\"false\" data-particles-compatibility-customclass=\".boomapps_vcrow, .vc_row, .wpb_row\" data-particles-compatibility-zindex=\"2\" data-particles-shape-image-src=\"\" data-particles-shape-image-width=\"\" data-particles-shape-image-height=\"\" class=\"vc-particles-background\" style=\"display:none;\"><\/div>[vc_row_inner row_inner_height_percent=&#8221;0&#8243; overlay_alpha=&#8221;50&#8243; gutter_size=&#8221;4&#8243; shift_y=&#8221;0&#8243; z_index=&#8221;0&#8243; uncode_shortcode_id=&#8221;396108&#8243;][vc_column_inner column_width_percent=&#8221;100&#8243; gutter_size=&#8221;3&#8243; style=&#8221;dark&#8221; overlay_alpha=&#8221;50&#8243; shift_x=&#8221;0&#8243; shift_y=&#8221;0&#8243; shift_y_down=&#8221;0&#8243; z_index=&#8221;0&#8243; medium_width=&#8221;0&#8243; mobile_width=&#8221;0&#8243; width=&#8221;1\/2&#8243; uncode_shortcode_id=&#8221;137074&#8243;][vc_custom_heading heading_semantic=&#8221;h1&#8243; text_size=&#8221;h1&#8243; sub_lead=&#8221;yes&#8221; uncode_shortcode_id=&#8221;506545&#8243;]Perguntas frequentes[\/vc_custom_heading][vc_column_text uncode_shortcode_id=&#8221;155881&#8243;]Voc\u00ea precisa lavar pe\u00e7as de a\u00e7o, mas a poeira met\u00e1lica continua presa \u00e0 superf\u00edcie? Voc\u00ea tem um problema de magnetismo residual! Quando as pe\u00e7as de a\u00e7o est\u00e3o magnetizadas, elas agem como \u00edm\u00e3s, atraindo p\u00f3 de ferro.[\/vc_column_text][\/vc_column_inner][vc_column_inner column_width_percent=&#8221;100&#8243; position_vertical=&#8221;middle&#8221; gutter_size=&#8221;3&#8243; override_padding=&#8221;yes&#8221; column_padding=&#8221;3&#8243; overlay_alpha=&#8221;50&#8243; radius=&#8221;lg&#8221; shift_x=&#8221;0&#8243; shift_y=&#8221;0&#8243; shift_y_down=&#8221;0&#8243; z_index=&#8221;0&#8243; medium_width=&#8221;0&#8243; mobile_width=&#8221;0&#8243; width=&#8221;1\/2&#8243; uncode_shortcode_id=&#8221;176458&#8243;][\/vc_column_inner][\/vc_row_inner][\/vc_column][\/vc_row][vc_row row_height_percent=&#8221;0&#8243; override_padding=&#8221;yes&#8221; h_padding=&#8221;2&#8243; top_padding=&#8221;5&#8243; bottom_padding=&#8221;5&#8243; overlay_alpha=&#8221;50&#8243; gutter_size=&#8221;3&#8243; column_width_percent=&#8221;100&#8243; shift_y=&#8221;0&#8243; z_index=&#8221;0&#8243; content_parallax=&#8221;0&#8243; uncode_shortcode_id=&#8221;882683&#8243;][vc_column width=&#8221;1\/1&#8243;][vc_accordion typography=&#8221;advanced&#8221; gutter_simple=&#8221;0&#8243; heading_semantic=&#8221;h3&#8243; titles_size=&#8221;h4&#8243; titles_weight=&#8221;500&#8243; uncode_shortcode_id=&#8221;206245&#8243; active_tab=&#8221;0&#8243;][vc_accordion_tab gutter_size=&#8221;2&#8243; column_padding=&#8221;2&#8243; title=&#8221;Quando uma pe\u00e7a \u00e9 magnetizada?&#8221; tab_id=&#8221;1745941096-1-7&#8243;][vc_column_text uncode_shortcode_id=&#8221;497909&#8243;]Uma pe\u00e7a \u00e9 considerada magnetizada quando ela pr\u00f3pria se torna um \u00edm\u00e3 mais ou menos forte; ou seja, quando tem o poder de atrair part\u00edculas ferrosas (ferromagn\u00e9ticas). Existem outros efeitos relacionados a uma pe\u00e7a magn\u00e9tica, mas esse \u00e9 o mais evidente.[\/vc_column_text][\/vc_accordion_tab][vc_accordion_tab gutter_size=&#8221;2&#8243; column_padding=&#8221;2&#8243; title=&#8221;O que \u00e9 um material ferromagn\u00e9tico?&#8221; tab_id=&#8221;1745941096-2-23&#8243;][vc_column_text uncode_shortcode_id=&#8221;474235&#8243;]Material ferromagn\u00e9tico \u00e9 aquele que reage a um campo magn\u00e9tico externo. \u00c9 ferromagn\u00e9tico um material que \u00e9 atra\u00eddo ou atrai um \u00edm\u00e3 ou outro material magnetizado. Quase todos os a\u00e7os, exceto a maioria dos a\u00e7os inoxid\u00e1veis, e os ferros fundidos s\u00e3o ferromagn\u00e9ticos.[\/vc_column_text][\/vc_accordion_tab][vc_accordion_tab gutter_size=&#8221;2&#8243; column_padding=&#8221;2&#8243; title=&#8221;O que significa desmagnetizar?&#8221; tab_id=&#8221;1745941317690-2-5&#8243;][vc_column_text uncode_shortcode_id=&#8221;148841&#8243;]Significa fazer com que o material ferromagn\u00e9tico perca seu magnetismo residual, reduzindo sua capacidade de atrair part\u00edculas ferrosas.[\/vc_column_text][\/vc_accordion_tab][vc_accordion_tab gutter_size=&#8221;2&#8243; column_padding=&#8221;2&#8243; title=&#8221;Por que uma pe\u00e7a se magnetiza?&#8221; tab_id=&#8221;1745941353498-3-9&#8243;][vc_column_text uncode_shortcode_id=&#8221;185693&#8243;]Um componente feito de material ferromagn\u00e9tico pode se magnetizar por v\u00e1rias raz\u00f5es, como:<\/p>\n<ul>\n<li>Avvicinamento a un magnete (ad es. magneti di sollevamento, piani magnetici di ancoraggio usati in rettifica\u2026)<\/li>\n<li>Aproxima\u00e7\u00e3o a uma pe\u00e7a ferromagn\u00e9tica magnetizada (ex. em estoque, durante o transporte&#8230;)<\/li>\n<li>Passagem de corrente el\u00e9trica pela pe\u00e7a<br \/>Controles n\u00e3o destrutivos (magnetoscopia, correntes induzidas&#8230;)<\/li>\n<li>Orienta\u00e7\u00e3o de uma pe\u00e7a longa no eixo norte-sul<\/li>\n<li>Processo de usinagem (corte, dobra&#8230;)<\/li>\n<\/ul>\n<p>[\/vc_column_text][\/vc_accordion_tab][vc_accordion_tab gutter_size=&#8221;2&#8243; column_padding=&#8221;2&#8243; title=&#8221;Ap\u00f3s a desmagnetiza\u00e7\u00e3o, uma pe\u00e7a pode remagnetizar-se?&#8221; tab_id=&#8221;1745941510524-4-8&#8243;][vc_column_text uncode_shortcode_id=&#8221;631489&#8243;]Quando uma pe\u00e7a \u00e9 desmagnetizada, ela n\u00e3o perde a capacidade de remagnetizar-se: se a causa da primeira magnetiza\u00e7\u00e3o n\u00e3o for eliminada, a pe\u00e7a se remagnetizar\u00e1. Al\u00e9m disso, se apenas uma parte da pe\u00e7a for desmagnetizada (por exemplo, apenas uma extremidade ou apenas as camadas mais externas), as por\u00e7\u00f5es que permanecerem magn\u00e9ticas remagnetizar\u00e3o as partes desmagnetizadas.[\/vc_column_text][\/vc_accordion_tab][vc_accordion_tab gutter_size=&#8221;2&#8243; column_padding=&#8221;2&#8243; title=&#8221;Ap\u00f3s a desmagnetiza\u00e7\u00e3o, uma pe\u00e7a pode ser remagnetizada?&#8221; tab_id=&#8221;1745941528529-5-5&#8243;][vc_column_text uncode_shortcode_id=&#8221;128511&#8243;]Sim.[\/vc_column_text][\/vc_accordion_tab][vc_accordion_tab gutter_size=&#8221;2&#8243; column_padding=&#8221;2&#8243; title=&#8221;Tenho uma pe\u00e7a que \u00e9 atra\u00edda por um \u00edm\u00e3 ou que atrai um \u00edm\u00e3. Como ela se comportar\u00e1 ap\u00f3s a desmagnetiza\u00e7\u00e3o? &#8221; tab_id=&#8221;1745941554835-6-1&#8243;][vc_column_text uncode_shortcode_id=&#8221;126378&#8243;]Essa situa\u00e7\u00e3o n\u00e3o mudar\u00e1: ela continuar\u00e1 a ser atra\u00edda ou atrair o \u00edm\u00e3. O que alteramos \u00e9 a capacidade de atrair part\u00edculas ferrosas ou peda\u00e7os de ferro.[\/vc_column_text][\/vc_accordion_tab][vc_accordion_tab gutter_size=&#8221;2&#8243; column_padding=&#8221;2&#8243; title=&#8221;Desmagnetizei um tubo\/barra. Depois de algum tempo, ele se remagnetizou sozinho. Por qu\u00ea?  &#8221; tab_id=&#8221;1745941573273-7-4&#8243;][vc_column_text uncode_shortcode_id=&#8221;278629&#8243;]Se o tubo\/barra foi desmagnetizado apenas em uma parte e n\u00e3o ao longo de toda a sua extens\u00e3o, a parte n\u00e3o desmagnetizada ir\u00e1 remagnetizar a parte tratada. Se o tubo\/barra foi desmagnetizado ao longo de toda a sua extens\u00e3o, \u00e9 poss\u00edvel que tenha sido desmagnetizado apenas superficialmente. Portanto, a parte sob a superf\u00edcie remagnetizar\u00e1 a parte superficial.[\/vc_column_text][\/vc_accordion_tab][vc_accordion_tab gutter_size=&#8221;2&#8243; column_padding=&#8221;2&#8243; title=&#8221;Qual \u00e9 a diferen\u00e7a entre uma pe\u00e7a magn\u00e9tica, magnetizada, ferromagn\u00e9tica e imantada?&#8221; tab_id=&#8221;1745941601589-8-3&#8243;][vc_column_text uncode_shortcode_id=&#8221;778087&#8243;]Dizer magn\u00e9tico \u00e9 o mesmo que dizer magnetizado ou imantado. S\u00e3o sin\u00f4nimos. Ferromagn\u00e9tico significa suscet\u00edvel de ser atra\u00eddo ou atrair \u00edm\u00e3s e outras pe\u00e7as magn\u00e9ticas.[\/vc_column_text][\/vc_accordion_tab][vc_accordion_tab gutter_size=&#8221;2&#8243; column_padding=&#8221;2&#8243; title=&#8221;Como posso tornar uma pe\u00e7a n\u00e3o &quot;imant\u00e1vel&quot; ou n\u00e3o ferromagn\u00e9tica?&#8221; tab_id=&#8221;1745941824007-9-1&#8243;][vc_column_text uncode_shortcode_id=&#8221;869948&#8243;]Isso n\u00e3o \u00e9 poss\u00edvel.[\/vc_column_text][\/vc_accordion_tab][vc_accordion_tab gutter_size=&#8221;2&#8243; column_padding=&#8221;2&#8243; title=&#8221;Desmagnetizei muito bem uma pe\u00e7a. Ap\u00f3s a usinagem, no entanto, ela ficou muito magnetizada. Por qu\u00ea?  &#8221; tab_id=&#8221;1745941846346-10-8&#8243;][vc_column_text uncode_shortcode_id=&#8221;450371&#8243;]Os processos de usinagem podem magnetizar uma pe\u00e7a. \u00c9 tamb\u00e9m poss\u00edvel que a pe\u00e7a n\u00e3o tenha sido desmagnetizada t\u00e3o bem: por exemplo, um anel pode parecer perfeitamente desmagnetizado, mas quando cortado, pode surgir na superf\u00edcie um campo magn\u00e9tico que estava preso dentro da pe\u00e7a.[\/vc_column_text][\/vc_accordion_tab][vc_accordion_tab gutter_size=&#8221;2&#8243; column_padding=&#8221;2&#8243; title=&#8221;Como se mede o magnetismo residual?&#8221; tab_id=&#8221;1745941864433-11-9&#8243;][vc_column_text uncode_shortcode_id=&#8221;506635&#8243;]\u00c9 poss\u00edvel medir o magnetismo residual que sai da pe\u00e7a; infelizmente, n\u00e3o \u00e9 poss\u00edvel medir o magnetismo que fica preso dentro da pe\u00e7a e que s\u00f3 \u00e9 &#8220;exposto&#8221; ap\u00f3s a usinagem. O m\u00e9todo mais preciso para medir o magnetismo residual \u00e9 o uso de um instrumento digital chamado gauss\u00edmetro ou teslametro. Especialmente para pe\u00e7as de grande porte, indicadores de campo magn\u00e9tico anal\u00f3gicos chamados gausstest s\u00e3o muito convenientes. Um m\u00e9todo simples, mas aproximado, \u00e9 o uso de clipes de papel de a\u00e7o empilhados: se forem atra\u00eddos pela pe\u00e7a, ent\u00e3o ela tem um res\u00edduo magn\u00e9tico que nessa \u00e1rea da superf\u00edcie est\u00e1 saindo da pe\u00e7a.[\/vc_column_text][\/vc_accordion_tab][vc_accordion_tab gutter_size=&#8221;2&#8243; column_padding=&#8221;2&#8243; title=&#8221;N\u00e3o posso arcar com o investimento em um sistema de desmagnetiza\u00e7\u00e3o para apenas uma pe\u00e7a. O que posso fazer? &#8221; tab_id=&#8221;1745941882871-12-5&#8243;][vc_column_text uncode_shortcode_id=&#8221;443924&#8243;]Nossa equipe est\u00e1 \u00e0 sua disposi\u00e7\u00e3o para desmagnetizar seus componentes, seja em nossa sede ou na sua.[\/vc_column_text][\/vc_accordion_tab][vc_accordion_tab gutter_size=&#8221;2&#8243; column_padding=&#8221;2&#8243; title=&#8221;Quantos nomes diferentes recebem os seus sistemas em diferentes regi\u00f5es de It\u00e1lia?&#8221; tab_id=&#8221;1745941903510-13-0&#8243;][vc_column_text uncode_shortcode_id=&#8221;213705&#8243;]Nas nossas carreiras profissionais, visit\u00e1mos empresas por toda a It\u00e1lia, de norte a sul, incluindo as ilhas. Encontramos os seguintes termos por ordem de frequ\u00eancia: Smagnetizzatore, Demagnetizzatore, Scalamitatore, Scalamizzatore, Scalamitatrice. Curiosamente, a maioria dos termos femininos n\u00e3o s\u00e3o utilizados: Scalamizzatrice, Smagnetizzatrice, Demagnetizzatrice&#8230;[\/vc_column_text][\/vc_accordion_tab][vc_accordion_tab gutter_size=&#8221;2&#8243; column_padding=&#8221;2&#8243; title=&#8221;Como se mede o magnetismo residual?&#8221; tab_id=&#8221;1745942023960-14-8&#8243;][vc_column_text uncode_shortcode_id=&#8221;127587&#8243;]A magnetiza\u00e7\u00e3o residual de pe\u00e7as de a\u00e7o \u00e9 medida, dependendo do n\u00edvel de precis\u00e3o exigido, utilizando instrumentos anal\u00f3gicos (como gausstests) ou dispositivos digitais (como gauss\u00edmetros ou teslametros).<\/p>\n<p>Recomenda-se realizar a medi\u00e7\u00e3o em um ambiente neutro, ou seja, que n\u00e3o interfira nos resultados da medi\u00e7\u00e3o. Exemplos de ambientes neutros incluem \u00e1reas afastadas de grandes massas ferromagn\u00e9ticas, \u00edm\u00e3s, eletro\u00edm\u00e3s ou pain\u00e9is el\u00e9tricos. Se necess\u00e1rio, as medi\u00e7\u00f5es devem ser realizadas em um ambiente devidamente blindado.  <\/p>\n<p>Para pe\u00e7as longas, recomenda-se que sejam posicionadas na dire\u00e7\u00e3o leste-oeste para minimizar a influ\u00eancia do campo magn\u00e9tico terrestre.[\/vc_column_text][\/vc_accordion_tab][vc_accordion_tab gutter_size=&#8221;2&#8243; column_padding=&#8221;2&#8243; title=&#8221;Como medir o magnetismo de pe\u00e7as de a\u00e7o?&#8221; tab_id=&#8221;1745942069072-15-2&#8243;][vc_column_text uncode_shortcode_id=&#8221;213005&#8243;]Veja a resposta \u00e0 pergunta &#8220;Como se mede o magnetismo residual?&#8221;.[\/vc_column_text][\/vc_accordion_tab][vc_accordion_tab gutter_size=&#8221;2&#8243; column_padding=&#8221;2&#8243; title=&#8221;Por que as pe\u00e7as se magnetizam?&#8221; tab_id=&#8221;1745942098740-16-0&#8243;][vc_column_text uncode_shortcode_id=&#8221;105786&#8243;]Veja a resposta \u00e0 pergunta &#8220;Por que uma pe\u00e7a se magnetiza?&#8221;.[\/vc_column_text][\/vc_accordion_tab][\/vc_accordion][\/vc_column][\/vc_row][vc_row row_height_percent=&#8221;0&#8243; override_padding=&#8221;yes&#8221; h_padding=&#8221;2&#8243; top_padding=&#8221;5&#8243; bottom_padding=&#8221;0&#8243; overlay_alpha=&#8221;50&#8243; gutter_size=&#8221;3&#8243; column_width_use_pixel=&#8221;yes&#8221; shift_y=&#8221;0&#8243; z_index=&#8221;2&#8243; top_divider=&#8221;gradient&#8221; enable_bottom_divider=&#8221;default&#8221; bottom_divider=&#8221;step&#8221; shape_bottom_h_use_pixel=&#8221;&#8221; shape_bottom_height=&#8221;96&#8243; shape_bottom_color=&#8221;color-165227&#8243; shape_bottom_opacity=&#8221;100&#8243; shape_bottom_index=&#8221;1&#8243; content_parallax=&#8221;0&#8243; uncode_shortcode_id=&#8221;174917&#8243; back_color_type=&#8221;uncode-solid&#8221; shape_bottom_color_type=&#8221;uncode-palette&#8221; back_color_solid=&#8221;#0b1a35&#8243; el_id=&#8221;modulo-contatti&#8221;][vc_column column_width_percent=&#8221;100&#8243; gutter_size=&#8221;3&#8243; overlay_alpha=&#8221;50&#8243; shift_x=&#8221;0&#8243; shift_y=&#8221;0&#8243; shift_y_down=&#8221;0&#8243; z_index=&#8221;0&#8243; medium_width=&#8221;0&#8243; mobile_width=&#8221;0&#8243; width=&#8221;1\/1&#8243; uncode_shortcode_id=&#8221;491323&#8243;]<div id=\"vcparticlesbackground_1755697245_853028331\" data-theid=\"vcparticlesbackground_1755697245_853028331\" data-particles-number-value=\"30\" data-particles-density-value=\"400\" data-particles-shape-type=\"Circle\" data-particles-color=\"#E41E2F\" data-particles-shape-stroke-color=\"#E41E2F\" data-particles-shape-stroke-width=\"0\" data-particles-size-value=\"2\" data-particles-size-random=\"true\" data-particles-size-anim-enable=\"false\" data-particles-opacity-value=\"0.55\" data-particles-opacity-random=\"true\" data-particles-opacity-anim-enable=\"false\" data-particles-move-enabled=\"true\" data-particles-move-direction=\"none\" data-particles-move-random=\"false\" data-particles-move-straight=\"false\" data-particles-move-speed=\"5\" data-particles-move-out-mode=\"bounce\" data-particles-line-linked-enable-auto=\"true\" data-particles-line-linked-distance=\"150\" data-particles-line-linked-color=\"#E41E2F\" data-particles-line-linked-opacity=\"0.40\" data-particles-line-linked-width=\"1\" data-particles-interactivity-onhover-enable=\"false\" data-particles-compatibility-customclass=\".boomapps_vcrow, .vc_row, .wpb_row\" data-particles-compatibility-zindex=\"2\" data-particles-shape-image-src=\"\" data-particles-shape-image-width=\"\" data-particles-shape-image-height=\"\" class=\"vc-particles-background\" style=\"display:none;\"><\/div>[vc_row_inner][vc_column_inner column_width_use_pixel=&#8221;yes&#8221; position_horizontal=&#8221;left&#8221; gutter_size=&#8221;3&#8243; style=&#8221;dark&#8221; overlay_alpha=&#8221;50&#8243; shift_x=&#8221;0&#8243; shift_y=&#8221;0&#8243; shift_y_down=&#8221;0&#8243; z_index=&#8221;0&#8243; medium_width=&#8221;0&#8243; mobile_width=&#8221;0&#8243; width=&#8221;1\/2&#8243; uncode_shortcode_id=&#8221;171322&#8243; column_width_pixel=&#8221;480&#8243;][vc_empty_space empty_h=&#8221;1&#8243; medium_visibility=&#8221;yes&#8221; mobile_visibility=&#8221;yes&#8221;][vc_custom_heading text_size=&#8221;&#8221; uncode_shortcode_id=&#8221;394886&#8243;]Ainda tem d\u00favidas?[\/vc_custom_heading][vc_column_text uncode_shortcode_id=&#8221;958200&#8243;]Estamos \u00e0 disposi\u00e7\u00e3o para responder a qualquer pergunta sobre qualquer tipo de problema relacionado \u00e0 desmagnetiza\u00e7\u00e3o ou sobre nossos produtos.<\/p>\n<p>Acha que seu problema de desmagnetiza\u00e7\u00e3o \u00e9 insol\u00favel? Juntos, encontraremos a solu\u00e7\u00e3o mais adequada para suas necessidades.[\/vc_column_text][\/vc_column_inner][vc_column_inner column_width_percent=&#8221;100&#8243; gutter_size=&#8221;3&#8243; override_padding=&#8221;yes&#8221; column_padding=&#8221;3&#8243; back_color=&#8221;color-xsdn&#8221; overlay_alpha=&#8221;50&#8243; radius=&#8221;lg&#8221; shadow=&#8221;std&#8221; shift_x=&#8221;0&#8243; shift_y=&#8221;0&#8243; shift_y_down=&#8221;0&#8243; z_index=&#8221;0&#8243; medium_width=&#8221;0&#8243; mobile_width=&#8221;0&#8243; width=&#8221;1\/2&#8243; uncode_shortcode_id=&#8221;164176&#8243; back_color_type=&#8221;uncode-palette&#8221;]\n<div class=\"wpcf7 no-js\" id=\"wpcf7-f158608-o1\" lang=\"pt-PT\" dir=\"ltr\" data-wpcf7-id=\"158608\">\n<div class=\"screen-reader-response\"><p role=\"status\" aria-live=\"polite\" aria-atomic=\"true\"><\/p> <ul><\/ul><\/div>\n<form action=\"\/pt-pt\/wp-json\/wp\/v2\/pages\/158212#wpcf7-f158608-o1\" method=\"post\" class=\"wpcf7-form init input-underline\" aria-label=\"Formul\u00e1rio de contacto\" novalidate=\"novalidate\" data-status=\"init\">\n<fieldset class=\"hidden-fields-container\"><input type=\"hidden\" name=\"_wpcf7\" value=\"158608\" \/><input type=\"hidden\" name=\"_wpcf7_version\" value=\"6.1.5\" \/><input type=\"hidden\" name=\"_wpcf7_locale\" value=\"pt_PT\" \/><input type=\"hidden\" name=\"_wpcf7_unit_tag\" value=\"wpcf7-f158608-o1\" \/><input type=\"hidden\" name=\"_wpcf7_container_post\" value=\"0\" \/><input type=\"hidden\" name=\"_wpcf7_posted_data_hash\" value=\"\" \/>\n<\/fieldset>\n<div class=\"wpcf7-inline-wrapper\">\n\t<p class=\"wpcf7-inline-field\"><span class=\"wpcf7-form-control-wrap\" data-name=\"nome\"><input size=\"40\" maxlength=\"400\" class=\"wpcf7-form-control wpcf7-text wpcf7-validates-as-required\" aria-required=\"true\" aria-invalid=\"false\" placeholder=\"Nome\" value=\"\" type=\"text\" name=\"nome\" \/><\/span>\n\t<\/p>\n\t<p class=\"wpcf7-inline-field\"><span class=\"wpcf7-form-control-wrap\" data-name=\"cognome\"><input size=\"40\" maxlength=\"400\" class=\"wpcf7-form-control wpcf7-text wpcf7-validates-as-required form-fluid\" aria-required=\"true\" aria-invalid=\"false\" placeholder=\"Sobrenome\" value=\"\" type=\"text\" name=\"cognome\" \/><\/span>\n\t<\/p>\n<\/div>\n<div class=\"wpcf7-inline-wrapper\">\n\t<p class=\"wpcf7-inline-field\"><span class=\"wpcf7-form-control-wrap\" data-name=\"email\"><input size=\"40\" maxlength=\"400\" class=\"wpcf7-form-control wpcf7-email wpcf7-validates-as-required wpcf7-text wpcf7-validates-as-email\" aria-required=\"true\" aria-invalid=\"false\" placeholder=\"Email\" value=\"\" type=\"email\" name=\"email\" \/><\/span>\n\t<\/p>\n\t<p class=\"wpcf7-inline-field\"><span class=\"wpcf7-form-control-wrap\" data-name=\"telefono\"><input size=\"40\" maxlength=\"400\" class=\"wpcf7-form-control wpcf7-text wpcf7-validates-as-required form-fluid\" aria-required=\"true\" aria-invalid=\"false\" placeholder=\"Telefone\" value=\"\" type=\"text\" name=\"telefono\" \/><\/span>\n\t<\/p>\n<\/div>\n<p><span class=\"wpcf7-form-control-wrap\" data-name=\"your-message\"><textarea cols=\"40\" rows=\"8\" maxlength=\"2000\" class=\"wpcf7-form-control wpcf7-textarea\" aria-invalid=\"false\" placeholder=\"Mensagem\" name=\"your-message\"><\/textarea><\/span>\n<\/p>\n<p><span class=\"wpcf7-form-control-wrap\" data-name=\"acceptance-476\"><span class=\"wpcf7-form-control wpcf7-acceptance optional\"><span class=\"wpcf7-list-item\"><label><input type=\"checkbox\" name=\"acceptance-476\" value=\"1\" aria-invalid=\"false\" \/><span class=\"wpcf7-list-item-label\">Li a pol\u00edtica de privacidade e concordo com o tratamento dos meus dados pessoais para receber as informa\u00e7\u00f5es solicitadas (obrigat\u00f3rio).<\/span><\/label><\/span><\/span><\/span>\n<\/p>\n<p><input class=\"wpcf7-form-control wpcf7-submit has-spinner btn btn-accent btn-circle btn-lg\" type=\"submit\" value=\"Enviar\" \/>\n<\/p><div class=\"wpcf7-response-output\" aria-hidden=\"true\"><\/div>\n<\/form>\n<\/div>\n[\/vc_column_inner][\/vc_row_inner][\/vc_column][\/vc_row]<\/p>\n<\/div>","protected":false},"excerpt":{"rendered":"<p>[vc_row row_height_percent=&#8221;0&#8243; override_padding=&#8221;yes&#8221; h_padding=&#8221;2&#8243; top_padding=&#8221;7&#8243; bottom_padding=&#8221;7&#8243; back_color=&#8221;color-165227&#8243; back_image=&#8221;157012&#8243; overlay_alpha=&#8221;50&#8243; equal_height=&#8221;yes&#8221; gutter_size=&#8221;4&#8243; column_width_percent=&#8221;100&#8243; shift_y=&#8221;0&#8243; z_index=&#8221;0&#8243; content_parallax=&#8221;0&#8243; uncode_shortcode_id=&#8221;204839&#8243; back_color_type=&#8221;uncode-palette&#8221;][vc_column column_width_percent=&#8221;100&#8243; gutter_size=&#8221;3&#8243; style=&#8221;dark&#8221; [&hellip;]<\/p>\n","protected":false},"author":1,"featured_media":0,"parent":0,"menu_order":0,"comment_status":"closed","ping_status":"closed","template":"","meta":{"footnotes":""},"class_list":["post-158212","page","type-page","status-publish","hentry"],"_links":{"self":[{"href":"https:\/\/gaussko.urbangap.dev\/pt-pt\/wp-json\/wp\/v2\/pages\/158212","targetHints":{"allow":["GET"]}}],"collection":[{"href":"https:\/\/gaussko.urbangap.dev\/pt-pt\/wp-json\/wp\/v2\/pages"}],"about":[{"href":"https:\/\/gaussko.urbangap.dev\/pt-pt\/wp-json\/wp\/v2\/types\/page"}],"author":[{"embeddable":true,"href":"https:\/\/gaussko.urbangap.dev\/pt-pt\/wp-json\/wp\/v2\/users\/1"}],"replies":[{"embeddable":true,"href":"https:\/\/gaussko.urbangap.dev\/pt-pt\/wp-json\/wp\/v2\/comments?post=158212"}],"version-history":[{"count":2,"href":"https:\/\/gaussko.urbangap.dev\/pt-pt\/wp-json\/wp\/v2\/pages\/158212\/revisions"}],"predecessor-version":[{"id":158214,"href":"https:\/\/gaussko.urbangap.dev\/pt-pt\/wp-json\/wp\/v2\/pages\/158212\/revisions\/158214"}],"wp:attachment":[{"href":"https:\/\/gaussko.urbangap.dev\/pt-pt\/wp-json\/wp\/v2\/media?parent=158212"}],"curies":[{"name":"wp","href":"https:\/\/api.w.org\/{rel}","templated":true}]}}