{"id":157881,"date":"2025-04-29T17:17:33","date_gmt":"2025-04-29T15:17:33","guid":{"rendered":"https:\/\/gaussko.urbangap.dev\/desmagnetizacao-pre-limpeza\/"},"modified":"2026-03-19T00:09:03","modified_gmt":"2026-03-18T23:09:03","slug":"desmagnetizacao-pre-limpeza","status":"publish","type":"page","link":"https:\/\/gaussko.urbangap.dev\/pt-pt\/aplicacoes\/desmagnetizacao-pre-limpeza\/","title":{"rendered":"Desmagnetiza\u00e7\u00e3o pr\u00e9-limpeza"},"content":{"rendered":"<div class=\"wpb-content-wrapper\"><p>[vc_row row_height_percent=&#8221;0&#8243; override_padding=&#8221;yes&#8221; h_padding=&#8221;2&#8243; top_padding=&#8221;7&#8243; bottom_padding=&#8221;7&#8243; back_color=&#8221;color-165227&#8243; back_image=&#8221;157012&#8243; overlay_alpha=&#8221;50&#8243; equal_height=&#8221;yes&#8221; gutter_size=&#8221;4&#8243; column_width_percent=&#8221;100&#8243; shift_y=&#8221;0&#8243; z_index=&#8221;0&#8243; content_parallax=&#8221;0&#8243; uncode_shortcode_id=&#8221;965868&#8243; back_color_type=&#8221;uncode-palette&#8221;][vc_column column_width_percent=&#8221;100&#8243; gutter_size=&#8221;3&#8243; style=&#8221;dark&#8221; overlay_alpha=&#8221;50&#8243; shift_x=&#8221;0&#8243; shift_y=&#8221;0&#8243; shift_y_down=&#8221;0&#8243; z_index=&#8221;0&#8243; medium_width=&#8221;0&#8243; mobile_width=&#8221;0&#8243; width=&#8221;1\/1&#8243; uncode_shortcode_id=&#8221;322707&#8243;]<div id=\"vcparticlesbackground_1755697245_853028330\" data-theid=\"vcparticlesbackground_1755697245_853028330\" data-particles-number-value=\"60\" data-particles-density-value=\"600\" data-particles-shape-type=\"Circle\" data-particles-color=\"#0063A0\" data-particles-shape-stroke-color=\"#0063A0\" data-particles-shape-stroke-width=\"0\" data-particles-size-value=\"5\" data-particles-size-random=\"true\" data-particles-size-anim-enable=\"false\" data-particles-opacity-value=\"0.45\" data-particles-opacity-random=\"true\" data-particles-opacity-anim-enable=\"false\" data-particles-move-enabled=\"true\" data-particles-move-direction=\"none\" data-particles-move-random=\"false\" data-particles-move-straight=\"false\" data-particles-move-speed=\"5\" data-particles-move-out-mode=\"bounce\" data-particles-line-linked-enable-auto=\"true\" data-particles-line-linked-distance=\"160\" data-particles-line-linked-color=\"#0063A0\" data-particles-line-linked-opacity=\"0.40\" data-particles-line-linked-width=\"1\" data-particles-interactivity-onhover-enable=\"false\" data-particles-compatibility-customclass=\".boomapps_vcrow, .vc_row, .wpb_row\" data-particles-compatibility-zindex=\"2\" data-particles-shape-image-src=\"\" data-particles-shape-image-width=\"\" data-particles-shape-image-height=\"\" class=\"vc-particles-background\" style=\"display:none;\"><\/div>[uncode_breadcrumbs text_lead=&#8221;small&#8221;][vc_row_inner row_inner_height_percent=&#8221;0&#8243; overlay_alpha=&#8221;50&#8243; gutter_size=&#8221;4&#8243; shift_y=&#8221;0&#8243; z_index=&#8221;0&#8243; uncode_shortcode_id=&#8221;396108&#8243;][vc_column_inner column_width_percent=&#8221;100&#8243; gutter_size=&#8221;3&#8243; style=&#8221;dark&#8221; overlay_alpha=&#8221;50&#8243; shift_x=&#8221;0&#8243; shift_y=&#8221;0&#8243; shift_y_down=&#8221;0&#8243; z_index=&#8221;0&#8243; medium_width=&#8221;0&#8243; mobile_width=&#8221;0&#8243; width=&#8221;1\/2&#8243; uncode_shortcode_id=&#8221;149840&#8243;][vc_custom_heading heading_semantic=&#8221;h1&#8243; text_size=&#8221;h1&#8243; sub_lead=&#8221;yes&#8221; uncode_shortcode_id=&#8221;935631&#8243;]Limpeza e Lavagem[\/vc_custom_heading][vc_column_text uncode_shortcode_id=&#8221;155881&#8243;]Voc\u00ea precisa lavar pe\u00e7as de a\u00e7o, mas a poeira met\u00e1lica continua presa \u00e0 superf\u00edcie? Voc\u00ea tem um problema de magnetismo residual! Quando as pe\u00e7as de a\u00e7o est\u00e3o magnetizadas, elas agem como \u00edm\u00e3s, atraindo p\u00f3 de ferro.[\/vc_column_text][vc_button button_color=&#8221;color-457632&#8243; size=&#8221;btn-lg&#8221; radius=&#8221;btn-circle&#8221; border_width=&#8221;0&#8243; uncode_shortcode_id=&#8221;174163&#8243; button_color_type=&#8221;uncode-palette&#8221; link=&#8221;url:%23modulo-contatti|&#8221;]Ajude-me a resolver o problema![\/vc_button][\/vc_column_inner][vc_column_inner column_width_percent=&#8221;100&#8243; gutter_size=&#8221;3&#8243; override_padding=&#8221;yes&#8221; column_padding=&#8221;3&#8243; back_color=&#8221;color-lxmt&#8221; overlay_alpha=&#8221;50&#8243; radius=&#8221;lg&#8221; shift_x=&#8221;0&#8243; shift_y=&#8221;0&#8243; shift_y_down=&#8221;0&#8243; z_index=&#8221;0&#8243; medium_width=&#8221;0&#8243; mobile_width=&#8221;0&#8243; width=&#8221;1\/2&#8243; uncode_shortcode_id=&#8221;195828&#8243; back_color_type=&#8221;uncode-palette&#8221;][uncode_list icon=&#8221;fa fa-arrow-right2&#8243; uncode_shortcode_id=&#8221;234200&#8243; el_class=&#8221;gaussko-summary&#8221;]<\/p>\n<ul>\n<li><a href=\"#soluzione-problema-pulizia-pezzi-acciaio-smagnetizzatore\">Aqui est\u00e1 a solu\u00e7\u00e3o: Desmagnetizadores para Limpeza<\/a><\/li>\n<li><a href=\"#magnetismo-residuo-pulizia-pezzi-acciaio\">Como o magnetismo dificulta a lavagem de pe\u00e7as de a\u00e7o<\/a><\/li>\n<li><a href=\"#modulo-contatti\">Solicite nossa consultoria gratuita<\/a><\/li>\n<\/ul>\n<p>[\/uncode_list][\/vc_column_inner][\/vc_row_inner][\/vc_column][\/vc_row][vc_row row_height_percent=&#8221;0&#8243; override_padding=&#8221;yes&#8221; h_padding=&#8221;2&#8243; top_padding=&#8221;5&#8243; bottom_padding=&#8221;5&#8243; back_color=&#8221;color-165227&#8243; overlay_alpha=&#8221;50&#8243; gutter_size=&#8221;4&#8243; column_width_percent=&#8221;100&#8243; shift_y=&#8221;0&#8243; z_index=&#8221;0&#8243; content_parallax=&#8221;0&#8243; uncode_shortcode_id=&#8221;847462&#8243; back_color_type=&#8221;uncode-palette&#8221; row_name=&#8221;soluzione-problema-pulizia-pezzi-acciaio-smagnetizzatore&#8221;][vc_column column_width_percent=&#8221;100&#8243; gutter_size=&#8221;3&#8243; overlay_alpha=&#8221;50&#8243; shift_x=&#8221;0&#8243; shift_y=&#8221;0&#8243; shift_y_down=&#8221;0&#8243; z_index=&#8221;0&#8243; medium_width=&#8221;0&#8243; mobile_width=&#8221;0&#8243; css_animation=&#8221;alpha-anim&#8221; animation_speed=&#8221;1000&#8243; width=&#8221;1\/2&#8243; uncode_shortcode_id=&#8221;448319&#8243;][vc_single_image media=&#8221;157500&#8243; media_width_percent=&#8221;100&#8243; media_ratio=&#8221;one-one&#8221; alignment=&#8221;center&#8221; shape=&#8221;img-round&#8221; radius=&#8221;lg&#8221; uncode_shortcode_id=&#8221;196622&#8243;][\/vc_column][vc_column column_width_percent=&#8221;100&#8243; gutter_size=&#8221;3&#8243; style=&#8221;dark&#8221; overlay_alpha=&#8221;50&#8243; shift_x=&#8221;0&#8243; shift_y=&#8221;0&#8243; shift_y_down=&#8221;0&#8243; z_index=&#8221;0&#8243; medium_width=&#8221;0&#8243; mobile_width=&#8221;0&#8243; css_animation=&#8221;alpha-anim&#8221; animation_speed=&#8221;1000&#8243; width=&#8221;1\/2&#8243; uncode_shortcode_id=&#8221;414328&#8243;][vc_empty_space empty_h=&#8221;1&#8243; medium_visibility=&#8221;yes&#8221; mobile_visibility=&#8221;yes&#8221;][vc_custom_heading text_size=&#8221;&#8221; uncode_shortcode_id=&#8221;290355&#8243;]Resolva o problema com nosso desmagnetizador de alto desempenho![\/vc_custom_heading][vc_column_text uncode_shortcode_id=&#8221;941438&#8243;]Nossos <strong>desmagnetizadores de t\u00fanel<\/strong> minimizam a magnetiza\u00e7\u00e3o superficial das pe\u00e7as de a\u00e7o. Eles s\u00e3o frequentemente instalados na entrada de lavadoras industriais para garantir que cada pe\u00e7a que entra na lavadora esteja pronta para ser corretamente limpa.[\/vc_column_text][vc_button button_color=&#8221;color-457632&#8243; size=&#8221;btn-lg&#8221; radius=&#8221;btn-circle&#8221; border_width=&#8221;0&#8243; uncode_shortcode_id=&#8221;620756&#8243; button_color_type=&#8221;uncode-palette&#8221; link=&#8221;url:https%3A%2F%2Fgaussko.urbangap.dev%2Fpt-pt%2Fdesmagnetizador-industrial-de-alto-desempenho%2F|title:Desmagnetizador%20industrial%20de%20alto%20desempenho|&#8221;]Mostre-me tudo sobre o desmagnetizador[\/vc_button][\/vc_column][\/vc_row][vc_row row_height_percent=&#8221;0&#8243; override_padding=&#8221;yes&#8221; h_padding=&#8221;2&#8243; top_padding=&#8221;5&#8243; bottom_padding=&#8221;5&#8243; back_color=&#8221;color-lxmt&#8221; overlay_alpha=&#8221;50&#8243; gutter_size=&#8221;6&#8243; column_width_percent=&#8221;100&#8243; shift_y=&#8221;0&#8243; z_index=&#8221;0&#8243; content_parallax=&#8221;0&#8243; uncode_shortcode_id=&#8221;156705&#8243; back_color_type=&#8221;uncode-palette&#8221; row_name=&#8221;magnetismo-residuo-pulizia-pezzi-acciaio&#8221;][vc_column column_width_percent=&#8221;100&#8243; gutter_size=&#8221;3&#8243; overlay_alpha=&#8221;50&#8243; shift_x=&#8221;0&#8243; shift_y=&#8221;0&#8243; shift_y_down=&#8221;0&#8243; z_index=&#8221;0&#8243; medium_width=&#8221;0&#8243; mobile_width=&#8221;0&#8243; sticky=&#8221;yes&#8221; width=&#8221;1\/2&#8243; uncode_shortcode_id=&#8221;120365&#8243;][vc_empty_space empty_h=&#8221;1&#8243; medium_visibility=&#8221;yes&#8221; mobile_visibility=&#8221;yes&#8221;][vc_custom_heading text_size=&#8221;&#8221; uncode_shortcode_id=&#8221;635304&#8243;]Como o magnetismo dificulta a lavagem[\/vc_custom_heading][vc_column_text uncode_shortcode_id=&#8221;156786&#8243;]A pe\u00e7a se comporta como um \u00edm\u00e3, em maior ou menor intensidade. Mesmo as lavadoras mais potentes n\u00e3o conseguem remover completamente o p\u00f3 de ferro.[\/vc_column_text][\/vc_column][vc_column width=&#8221;1\/2&#8243;][vc_row_inner row_inner_height_percent=&#8221;0&#8243; overlay_alpha=&#8221;50&#8243; equal_height=&#8221;yes&#8221; gutter_size=&#8221;3&#8243; shift_y=&#8221;0&#8243; z_index=&#8221;0&#8243; uncode_shortcode_id=&#8221;324723&#8243;][vc_column_inner column_width_percent=&#8221;100&#8243; gutter_size=&#8221;2&#8243; override_padding=&#8221;yes&#8221; column_padding=&#8221;3&#8243; back_color=&#8221;color-xsdn&#8221; overlay_alpha=&#8221;50&#8243; radius=&#8221;lg&#8221; shift_x=&#8221;0&#8243; shift_y=&#8221;0&#8243; shift_y_down=&#8221;0&#8243; z_index=&#8221;0&#8243; medium_width=&#8221;0&#8243; mobile_width=&#8221;0&#8243; width=&#8221;1\/1&#8243; uncode_shortcode_id=&#8221;452674&#8243; back_color_type=&#8221;uncode-palette&#8221;][vc_custom_heading heading_semantic=&#8221;h3&#8243; text_size=&#8221;&#8221; uncode_shortcode_id=&#8221;168161&#8243;]Problemas posteriores[\/vc_custom_heading][vc_column_text uncode_shortcode_id=&#8221;125754&#8243;]A presen\u00e7a de p\u00f3 de ferro em pe\u00e7as que deveriam estar limpas pode levar \u00e0 rejei\u00e7\u00e3o da entrega, \u00e0 n\u00e3o conformidade ou a problemas relacionados ao uso de pe\u00e7as n\u00e3o devidamente limpas.[\/vc_column_text][\/vc_column_inner][\/vc_row_inner][vc_row_inner row_inner_height_percent=&#8221;0&#8243; overlay_alpha=&#8221;50&#8243; equal_height=&#8221;yes&#8221; gutter_size=&#8221;3&#8243; shift_y=&#8221;0&#8243; z_index=&#8221;0&#8243; uncode_shortcode_id=&#8221;324723&#8243;][vc_column_inner column_width_percent=&#8221;100&#8243; gutter_size=&#8221;2&#8243; override_padding=&#8221;yes&#8221; column_padding=&#8221;3&#8243; back_color=&#8221;color-xsdn&#8221; overlay_alpha=&#8221;50&#8243; radius=&#8221;lg&#8221; shift_x=&#8221;0&#8243; shift_y=&#8221;0&#8243; shift_y_down=&#8221;0&#8243; z_index=&#8221;0&#8243; medium_width=&#8221;0&#8243; mobile_width=&#8221;0&#8243; width=&#8221;1\/1&#8243; uncode_shortcode_id=&#8221;172606&#8243; back_color_type=&#8221;uncode-palette&#8221;][vc_custom_heading heading_semantic=&#8221;h3&#8243; text_size=&#8221;&#8221; uncode_shortcode_id=&#8221;139526&#8243;]Tempos de usinagem mais longos[\/vc_custom_heading][vc_column_text uncode_shortcode_id=&#8221;137831&#8243;]\u00c0s vezes, aumentar o tempo de lavagem resolve o problema, mas isso naturalmente resulta em perda de produtividade.[\/vc_column_text][\/vc_column_inner][\/vc_row_inner][\/vc_column][\/vc_row][vc_row row_height_percent=&#8221;0&#8243; override_padding=&#8221;yes&#8221; h_padding=&#8221;2&#8243; top_padding=&#8221;5&#8243; bottom_padding=&#8221;0&#8243; overlay_alpha=&#8221;50&#8243; gutter_size=&#8221;3&#8243; column_width_use_pixel=&#8221;yes&#8221; shift_y=&#8221;0&#8243; z_index=&#8221;2&#8243; top_divider=&#8221;gradient&#8221; enable_bottom_divider=&#8221;default&#8221; bottom_divider=&#8221;step&#8221; shape_bottom_h_use_pixel=&#8221;&#8221; shape_bottom_height=&#8221;96&#8243; shape_bottom_color=&#8221;color-165227&#8243; shape_bottom_opacity=&#8221;100&#8243; shape_bottom_index=&#8221;1&#8243; content_parallax=&#8221;0&#8243; uncode_shortcode_id=&#8221;604568&#8243; back_color_type=&#8221;uncode-solid&#8221; shape_bottom_color_type=&#8221;uncode-palette&#8221; back_color_solid=&#8221;#0b1a35&#8243; row_name=&#8221;modulo-contatti&#8221;][vc_column column_width_percent=&#8221;100&#8243; gutter_size=&#8221;3&#8243; overlay_alpha=&#8221;50&#8243; shift_x=&#8221;0&#8243; shift_y=&#8221;0&#8243; shift_y_down=&#8221;0&#8243; z_index=&#8221;0&#8243; medium_width=&#8221;0&#8243; mobile_width=&#8221;0&#8243; width=&#8221;1\/1&#8243; uncode_shortcode_id=&#8221;491323&#8243;]<div id=\"vcparticlesbackground_1755697245_853028331\" data-theid=\"vcparticlesbackground_1755697245_853028331\" data-particles-number-value=\"30\" data-particles-density-value=\"400\" data-particles-shape-type=\"Circle\" data-particles-color=\"#E41E2F\" data-particles-shape-stroke-color=\"#E41E2F\" data-particles-shape-stroke-width=\"0\" data-particles-size-value=\"2\" data-particles-size-random=\"true\" data-particles-size-anim-enable=\"false\" data-particles-opacity-value=\"0.55\" data-particles-opacity-random=\"true\" data-particles-opacity-anim-enable=\"false\" data-particles-move-enabled=\"true\" data-particles-move-direction=\"none\" data-particles-move-random=\"false\" data-particles-move-straight=\"false\" data-particles-move-speed=\"5\" data-particles-move-out-mode=\"bounce\" data-particles-line-linked-enable-auto=\"true\" data-particles-line-linked-distance=\"150\" data-particles-line-linked-color=\"#E41E2F\" data-particles-line-linked-opacity=\"0.40\" data-particles-line-linked-width=\"1\" data-particles-interactivity-onhover-enable=\"false\" data-particles-compatibility-customclass=\".boomapps_vcrow, .vc_row, .wpb_row\" data-particles-compatibility-zindex=\"2\" data-particles-shape-image-src=\"\" data-particles-shape-image-width=\"\" data-particles-shape-image-height=\"\" class=\"vc-particles-background\" style=\"display:none;\"><\/div>[vc_row_inner][vc_column_inner column_width_use_pixel=&#8221;yes&#8221; position_horizontal=&#8221;left&#8221; gutter_size=&#8221;3&#8243; style=&#8221;dark&#8221; overlay_alpha=&#8221;50&#8243; shift_x=&#8221;0&#8243; shift_y=&#8221;0&#8243; shift_y_down=&#8221;0&#8243; z_index=&#8221;0&#8243; medium_width=&#8221;0&#8243; mobile_width=&#8221;0&#8243; width=&#8221;1\/2&#8243; uncode_shortcode_id=&#8221;171322&#8243; column_width_pixel=&#8221;480&#8243;][vc_empty_space empty_h=&#8221;1&#8243; medium_visibility=&#8221;yes&#8221; mobile_visibility=&#8221;yes&#8221;][vc_custom_heading text_size=&#8221;&#8221; uncode_shortcode_id=&#8221;116261&#8243;]Desideri implementare uno smagnetizzatore al tuo sistema di lavaggio?[\/vc_custom_heading][vc_column_text uncode_shortcode_id=&#8221;162573&#8243;]Realize opera\u00e7\u00f5es de qualidade, eliminando o magnetismo residual: entre em contato agora para uma consultoria.[\/vc_column_text][\/vc_column_inner][vc_column_inner column_width_percent=&#8221;100&#8243; gutter_size=&#8221;3&#8243; override_padding=&#8221;yes&#8221; column_padding=&#8221;3&#8243; back_color=&#8221;color-xsdn&#8221; overlay_alpha=&#8221;50&#8243; radius=&#8221;lg&#8221; shadow=&#8221;std&#8221; shift_x=&#8221;0&#8243; shift_y=&#8221;0&#8243; shift_y_down=&#8221;0&#8243; z_index=&#8221;0&#8243; medium_width=&#8221;0&#8243; mobile_width=&#8221;0&#8243; width=&#8221;1\/2&#8243; uncode_shortcode_id=&#8221;164176&#8243; back_color_type=&#8221;uncode-palette&#8221;]\n<div class=\"wpcf7 no-js\" id=\"wpcf7-f158608-o1\" lang=\"pt-PT\" dir=\"ltr\" data-wpcf7-id=\"158608\">\n<div class=\"screen-reader-response\"><p role=\"status\" aria-live=\"polite\" aria-atomic=\"true\"><\/p> <ul><\/ul><\/div>\n<form action=\"\/pt-pt\/wp-json\/wp\/v2\/pages\/157881#wpcf7-f158608-o1\" method=\"post\" class=\"wpcf7-form init input-underline\" aria-label=\"Formul\u00e1rio de contacto\" novalidate=\"novalidate\" data-status=\"init\">\n<fieldset class=\"hidden-fields-container\"><input type=\"hidden\" name=\"_wpcf7\" value=\"158608\" \/><input type=\"hidden\" name=\"_wpcf7_version\" value=\"6.1.5\" \/><input type=\"hidden\" name=\"_wpcf7_locale\" value=\"pt_PT\" \/><input type=\"hidden\" name=\"_wpcf7_unit_tag\" value=\"wpcf7-f158608-o1\" \/><input type=\"hidden\" name=\"_wpcf7_container_post\" value=\"0\" \/><input type=\"hidden\" name=\"_wpcf7_posted_data_hash\" value=\"\" \/>\n<\/fieldset>\n<div class=\"wpcf7-inline-wrapper\">\n\t<p class=\"wpcf7-inline-field\"><span class=\"wpcf7-form-control-wrap\" data-name=\"nome\"><input size=\"40\" maxlength=\"400\" class=\"wpcf7-form-control wpcf7-text wpcf7-validates-as-required\" aria-required=\"true\" aria-invalid=\"false\" placeholder=\"Nome\" value=\"\" type=\"text\" name=\"nome\" \/><\/span>\n\t<\/p>\n\t<p class=\"wpcf7-inline-field\"><span class=\"wpcf7-form-control-wrap\" data-name=\"cognome\"><input size=\"40\" maxlength=\"400\" class=\"wpcf7-form-control wpcf7-text wpcf7-validates-as-required form-fluid\" aria-required=\"true\" aria-invalid=\"false\" placeholder=\"Sobrenome\" value=\"\" type=\"text\" name=\"cognome\" \/><\/span>\n\t<\/p>\n<\/div>\n<div class=\"wpcf7-inline-wrapper\">\n\t<p class=\"wpcf7-inline-field\"><span class=\"wpcf7-form-control-wrap\" data-name=\"email\"><input size=\"40\" maxlength=\"400\" class=\"wpcf7-form-control wpcf7-email wpcf7-validates-as-required wpcf7-text wpcf7-validates-as-email\" aria-required=\"true\" aria-invalid=\"false\" placeholder=\"Email\" value=\"\" type=\"email\" name=\"email\" \/><\/span>\n\t<\/p>\n\t<p class=\"wpcf7-inline-field\"><span class=\"wpcf7-form-control-wrap\" data-name=\"telefono\"><input size=\"40\" maxlength=\"400\" class=\"wpcf7-form-control wpcf7-text wpcf7-validates-as-required form-fluid\" aria-required=\"true\" aria-invalid=\"false\" placeholder=\"Telefone\" value=\"\" type=\"text\" name=\"telefono\" \/><\/span>\n\t<\/p>\n<\/div>\n<p><span class=\"wpcf7-form-control-wrap\" data-name=\"your-message\"><textarea cols=\"40\" rows=\"8\" maxlength=\"2000\" class=\"wpcf7-form-control wpcf7-textarea\" aria-invalid=\"false\" placeholder=\"Mensagem\" name=\"your-message\"><\/textarea><\/span>\n<\/p>\n<p><span class=\"wpcf7-form-control-wrap\" data-name=\"acceptance-476\"><span class=\"wpcf7-form-control wpcf7-acceptance optional\"><span class=\"wpcf7-list-item\"><label><input type=\"checkbox\" name=\"acceptance-476\" value=\"1\" aria-invalid=\"false\" \/><span class=\"wpcf7-list-item-label\">Li a pol\u00edtica de privacidade e concordo com o tratamento dos meus dados pessoais para receber as informa\u00e7\u00f5es solicitadas (obrigat\u00f3rio).<\/span><\/label><\/span><\/span><\/span>\n<\/p>\n<p><input class=\"wpcf7-form-control wpcf7-submit has-spinner btn btn-accent btn-circle btn-lg\" type=\"submit\" value=\"Enviar\" \/>\n<\/p><div class=\"wpcf7-response-output\" aria-hidden=\"true\"><\/div>\n<\/form>\n<\/div>\n[\/vc_column_inner][\/vc_row_inner][\/vc_column][\/vc_row]<\/p>\n<\/div>","protected":false},"excerpt":{"rendered":"<p>[vc_row row_height_percent=&#8221;0&#8243; override_padding=&#8221;yes&#8221; h_padding=&#8221;2&#8243; top_padding=&#8221;7&#8243; bottom_padding=&#8221;7&#8243; back_color=&#8221;color-165227&#8243; back_image=&#8221;157012&#8243; overlay_alpha=&#8221;50&#8243; equal_height=&#8221;yes&#8221; gutter_size=&#8221;4&#8243; column_width_percent=&#8221;100&#8243; shift_y=&#8221;0&#8243; z_index=&#8221;0&#8243; content_parallax=&#8221;0&#8243; uncode_shortcode_id=&#8221;965868&#8243; back_color_type=&#8221;uncode-palette&#8221;][vc_column column_width_percent=&#8221;100&#8243; gutter_size=&#8221;3&#8243; style=&#8221;dark&#8221; [&hellip;]<\/p>\n","protected":false},"author":1,"featured_media":0,"parent":158180,"menu_order":0,"comment_status":"closed","ping_status":"closed","template":"","meta":{"footnotes":""},"class_list":["post-157881","page","type-page","status-publish","hentry"],"_links":{"self":[{"href":"https:\/\/gaussko.urbangap.dev\/pt-pt\/wp-json\/wp\/v2\/pages\/157881","targetHints":{"allow":["GET"]}}],"collection":[{"href":"https:\/\/gaussko.urbangap.dev\/pt-pt\/wp-json\/wp\/v2\/pages"}],"about":[{"href":"https:\/\/gaussko.urbangap.dev\/pt-pt\/wp-json\/wp\/v2\/types\/page"}],"author":[{"embeddable":true,"href":"https:\/\/gaussko.urbangap.dev\/pt-pt\/wp-json\/wp\/v2\/users\/1"}],"replies":[{"embeddable":true,"href":"https:\/\/gaussko.urbangap.dev\/pt-pt\/wp-json\/wp\/v2\/comments?post=157881"}],"version-history":[{"count":2,"href":"https:\/\/gaussko.urbangap.dev\/pt-pt\/wp-json\/wp\/v2\/pages\/157881\/revisions"}],"predecessor-version":[{"id":157884,"href":"https:\/\/gaussko.urbangap.dev\/pt-pt\/wp-json\/wp\/v2\/pages\/157881\/revisions\/157884"}],"up":[{"embeddable":true,"href":"https:\/\/gaussko.urbangap.dev\/pt-pt\/wp-json\/wp\/v2\/pages\/158180"}],"wp:attachment":[{"href":"https:\/\/gaussko.urbangap.dev\/pt-pt\/wp-json\/wp\/v2\/media?parent=157881"}],"curies":[{"name":"wp","href":"https:\/\/api.w.org\/{rel}","templated":true}]}}