{"id":158209,"date":"2025-04-29T17:38:15","date_gmt":"2025-04-29T15:38:15","guid":{"rendered":"https:\/\/gaussko.urbangap.dev\/faq\/"},"modified":"2026-03-24T15:48:40","modified_gmt":"2026-03-24T14:48:40","slug":"faq","status":"publish","type":"page","link":"https:\/\/gaussko.urbangap.dev\/pl\/faq\/","title":{"rendered":"Faq"},"content":{"rendered":"<div class=\"wpb-content-wrapper\"><p>[vc_row row_height_percent=&#8221;0&#8243; override_padding=&#8221;yes&#8221; h_padding=&#8221;2&#8243; top_padding=&#8221;7&#8243; bottom_padding=&#8221;7&#8243; back_color=&#8221;color-165227&#8243; back_image=&#8221;157012&#8243; overlay_alpha=&#8221;50&#8243; equal_height=&#8221;yes&#8221; gutter_size=&#8221;4&#8243; column_width_percent=&#8221;100&#8243; shift_y=&#8221;0&#8243; z_index=&#8221;0&#8243; content_parallax=&#8221;0&#8243; uncode_shortcode_id=&#8221;204839&#8243; back_color_type=&#8221;uncode-palette&#8221;][vc_column column_width_percent=&#8221;100&#8243; gutter_size=&#8221;3&#8243; style=&#8221;dark&#8221; overlay_alpha=&#8221;50&#8243; shift_x=&#8221;0&#8243; shift_y=&#8221;0&#8243; shift_y_down=&#8221;0&#8243; z_index=&#8221;0&#8243; medium_width=&#8221;0&#8243; mobile_width=&#8221;0&#8243; width=&#8221;1\/1&#8243; uncode_shortcode_id=&#8221;322707&#8243;]<div id=\"vcparticlesbackground_1755697245_853028330\" data-theid=\"vcparticlesbackground_1755697245_853028330\" data-particles-number-value=\"60\" data-particles-density-value=\"600\" data-particles-shape-type=\"Circle\" data-particles-color=\"#0063A0\" data-particles-shape-stroke-color=\"#0063A0\" data-particles-shape-stroke-width=\"0\" data-particles-size-value=\"5\" data-particles-size-random=\"true\" data-particles-size-anim-enable=\"false\" data-particles-opacity-value=\"0.45\" data-particles-opacity-random=\"true\" data-particles-opacity-anim-enable=\"false\" data-particles-move-enabled=\"true\" data-particles-move-direction=\"none\" data-particles-move-random=\"false\" data-particles-move-straight=\"false\" data-particles-move-speed=\"5\" data-particles-move-out-mode=\"bounce\" data-particles-line-linked-enable-auto=\"true\" data-particles-line-linked-distance=\"160\" data-particles-line-linked-color=\"#0063A0\" data-particles-line-linked-opacity=\"0.40\" data-particles-line-linked-width=\"1\" data-particles-interactivity-onhover-enable=\"false\" data-particles-compatibility-customclass=\".boomapps_vcrow, .vc_row, .wpb_row\" data-particles-compatibility-zindex=\"2\" data-particles-shape-image-src=\"\" data-particles-shape-image-width=\"\" data-particles-shape-image-height=\"\" class=\"vc-particles-background\" style=\"display:none;\"><\/div>[vc_row_inner row_inner_height_percent=&#8221;0&#8243; overlay_alpha=&#8221;50&#8243; gutter_size=&#8221;4&#8243; shift_y=&#8221;0&#8243; z_index=&#8221;0&#8243; uncode_shortcode_id=&#8221;396108&#8243;][vc_column_inner column_width_percent=&#8221;100&#8243; gutter_size=&#8221;3&#8243; style=&#8221;dark&#8221; overlay_alpha=&#8221;50&#8243; shift_x=&#8221;0&#8243; shift_y=&#8221;0&#8243; shift_y_down=&#8221;0&#8243; z_index=&#8221;0&#8243; medium_width=&#8221;0&#8243; mobile_width=&#8221;0&#8243; width=&#8221;1\/2&#8243; uncode_shortcode_id=&#8221;137074&#8243;][vc_custom_heading heading_semantic=&#8221;h1&#8243; text_size=&#8221;h1&#8243; sub_lead=&#8221;yes&#8221; uncode_shortcode_id=&#8221;506545&#8243;]Cz\u0119sto zadawane pytania[\/vc_custom_heading][vc_column_text uncode_shortcode_id=&#8221;155881&#8243;]Musisz umy\u0107 stalowe elementy, ale drobiny metalu pozostaj\u0105 na powierzchni? Masz problem z magnetyzmem resztkowym! Gdy stalowe elementy s\u0105 namagnesowane, zachowuj\u0105 si\u0119 jak magnesy, przyci\u0105gaj\u0105c \u017celazny py\u0142.[\/vc_column_text][\/vc_column_inner][vc_column_inner column_width_percent=&#8221;100&#8243; position_vertical=&#8221;middle&#8221; gutter_size=&#8221;3&#8243; override_padding=&#8221;yes&#8221; column_padding=&#8221;3&#8243; overlay_alpha=&#8221;50&#8243; radius=&#8221;lg&#8221; shift_x=&#8221;0&#8243; shift_y=&#8221;0&#8243; shift_y_down=&#8221;0&#8243; z_index=&#8221;0&#8243; medium_width=&#8221;0&#8243; mobile_width=&#8221;0&#8243; width=&#8221;1\/2&#8243; uncode_shortcode_id=&#8221;176458&#8243;][\/vc_column_inner][\/vc_row_inner][\/vc_column][\/vc_row][vc_row row_height_percent=&#8221;0&#8243; override_padding=&#8221;yes&#8221; h_padding=&#8221;2&#8243; top_padding=&#8221;5&#8243; bottom_padding=&#8221;5&#8243; overlay_alpha=&#8221;50&#8243; gutter_size=&#8221;3&#8243; column_width_percent=&#8221;100&#8243; shift_y=&#8221;0&#8243; z_index=&#8221;0&#8243; content_parallax=&#8221;0&#8243; uncode_shortcode_id=&#8221;882683&#8243;][vc_column width=&#8221;1\/1&#8243;][vc_accordion typography=&#8221;advanced&#8221; gutter_simple=&#8221;0&#8243; heading_semantic=&#8221;h3&#8243; titles_size=&#8221;h4&#8243; titles_weight=&#8221;500&#8243; uncode_shortcode_id=&#8221;206245&#8243; active_tab=&#8221;0&#8243;][vc_accordion_tab gutter_size=&#8221;2&#8243; column_padding=&#8221;2&#8243; title=&#8221;Kiedy element jest namagnesowany?&#8221; tab_id=&#8221;1745941096-1-7&#8243;][vc_column_text uncode_shortcode_id=&#8221;497909&#8243;]Element jest namagnesowany, gdy sam staje si\u0119 magnesem o r\u00f3\u017cnej sile; innymi s\u0142owy, gdy ma zdolno\u015b\u0107 przyci\u0105gania cz\u0105stek \u017celaznych (ferromagnetycznych). Istnieje wiele innych efekt\u00f3w zwi\u0105zanych z namagnesowanym elementem, ale to jest najbardziej oczywiste.[\/vc_column_text][\/vc_accordion_tab][vc_accordion_tab gutter_size=&#8221;2&#8243; column_padding=&#8221;2&#8243; title=&#8221;Co to jest materia\u0142 ferromagnetyczny?&#8221; tab_id=&#8221;1745941096-2-23&#8243;][vc_column_text uncode_shortcode_id=&#8221;474235&#8243;]Materia\u0142 ferromagnetyczny to taki, kt\u00f3ry reaguje na zewn\u0119trzne pole magnetyczne. Jest to materia\u0142, kt\u00f3ry jest przyci\u0105gany lub sam przyci\u0105ga magnes lub inny namagnesowany materia\u0142. Ferromagnetyczne s\u0105 prawie wszystkie stale, z wyj\u0105tkiem wi\u0119kszo\u015bci stali nierdzewnych, oraz \u017celiwa.[\/vc_column_text][\/vc_accordion_tab][vc_accordion_tab gutter_size=&#8221;2&#8243; column_padding=&#8221;2&#8243; title=&#8221;Co oznacza demagnetyzacja?&#8221; tab_id=&#8221;1745941317690-2-5&#8243;][vc_column_text uncode_shortcode_id=&#8221;148841&#8243;]Demagnetyzacja to proces polegaj\u0105cy na usuni\u0119ciu magnetyzmu resztkowego z materia\u0142u ferromagnetycznego, redukuj\u0105c jego zdolno\u015b\u0107 do przyci\u0105gania cz\u0105stek \u017celaznych.[\/vc_column_text][\/vc_accordion_tab][vc_accordion_tab gutter_size=&#8221;2&#8243; column_padding=&#8221;2&#8243; title=&#8221;Dlaczego element si\u0119 magnetyzuje?&#8221; tab_id=&#8221;1745941353498-3-9&#8243;][vc_column_text uncode_shortcode_id=&#8221;185693&#8243;]Element ferromagnetyczny mo\u017ce si\u0119 namagnesowa\u0107 z r\u00f3\u017cnych powod\u00f3w, w tym:<\/p>\n<ul>\n<li>Avvicinamento a un magnete (ad es. magneti di sollevamento, piani magnetici di ancoraggio usati in rettifica\u2026)<\/li>\n<li>Avvicinamento a un pezzo ferromagnetico magnetizzato (ad es. in magazzino, durante il trasporto\u2026)<\/li>\n<li>Przep\u0142yw pr\u0105du przez element<br \/>Badania nieniszcz\u0105ce (magnetoskopia, pr\u0105dy wirowe\u2026)<\/li>\n<li>Ustawienie elementu wzd\u0142u\u017c osi p\u00f3\u0142noc-po\u0142udnie<\/li>\n<li>Obr\u00f3bka mechaniczna (ci\u0119cie, gi\u0119cie\u2026)<\/li>\n<\/ul>\n<p>[\/vc_column_text][\/vc_accordion_tab][vc_accordion_tab gutter_size=&#8221;2&#8243; column_padding=&#8221;2&#8243; title=&#8221;Czy po demagnetyzacji element mo\u017ce ponownie si\u0119 namagnesowa\u0107?&#8221; tab_id=&#8221;1745941510524-4-8&#8243;][vc_column_text uncode_shortcode_id=&#8221;631489&#8243;]Po demagnetyzacji element nadal mo\u017ce si\u0119 ponownie namagnesowa\u0107, je\u015bli przyczyna pierwotnej magnetyzacji nie zostanie usuni\u0119ta. Ponadto, je\u015bli tylko cz\u0119\u015b\u0107 elementu zosta\u0142a zdemagnetyzowana (np. tylko jeden koniec lub tylko warstwy zewn\u0119trzne), pozosta\u0142e namagnesowane cz\u0119\u015bci mog\u0105 ponownie namagnesowa\u0107 te zdemagnetyzowane.[\/vc_column_text][\/vc_accordion_tab][vc_accordion_tab gutter_size=&#8221;2&#8243; column_padding=&#8221;2&#8243; title=&#8221;Czy po demagnetyzacji element moze zostac ponownie namagnesowany?&#8221; tab_id=&#8221;1745941528529-5-5&#8243;][vc_column_text uncode_shortcode_id=&#8221;128511&#8243;]Tak.[\/vc_column_text][\/vc_accordion_tab][vc_accordion_tab gutter_size=&#8221;2&#8243; column_padding=&#8221;2&#8243; title=&#8221;Mam element, kt\u00f3ry przyci\u0105ga magnes lub sam jest przyci\u0105gany przez magnes. Jak b\u0119dzie si\u0119 zachowywa\u0142 po demagnetyzacji? &#8221; tab_id=&#8221;1745941554835-6-1&#8243;][vc_column_text uncode_shortcode_id=&#8221;126378&#8243;]Ta sytuacja si\u0119 nie zmieni: element nadal b\u0119dzie przyci\u0105gany przez magnes lub b\u0119dzie przyci\u0105ga\u0107 magnes. Demagnetyzacja zmniejsza jedynie zdolno\u015b\u0107 do przyci\u0105gania cz\u0105stek \u017celaznych lub element\u00f3w \u017celaznych.[\/vc_column_text][\/vc_accordion_tab][vc_accordion_tab gutter_size=&#8221;2&#8243; column_padding=&#8221;2&#8243; title=&#8221;Zdemagnetyzowa\u0142em rur\u0119\/pr\u0119t. Po pewnym czasie ponownie si\u0119 namagnesowa\u0142. Dlaczego?  &#8221; tab_id=&#8221;1745941573273-7-4&#8243;][vc_column_text uncode_shortcode_id=&#8221;278629&#8243;]Je\u015bli rura\/pr\u0119t zosta\u0142a zdemagnetyzowana tylko cz\u0119\u015bciowo, niezmagnezyzowana cz\u0119\u015b\u0107 mo\u017ce ponownie namagnesowa\u0107 cz\u0119\u015b\u0107, kt\u00f3ra by\u0142a poddana demagnetyzacji. Je\u015bli ca\u0142a rura\/pr\u0119t by\u0142a zdemagnetyzowana, mo\u017cliwe jest, \u017ce demagnetyzacja by\u0142a powierzchowna, wi\u0119c g\u0142\u0119bsze warstwy mog\u0105 ponownie namagnesowa\u0107 powierzchni\u0119.[\/vc_column_text][\/vc_accordion_tab][vc_accordion_tab gutter_size=&#8221;2&#8243; column_padding=&#8221;2&#8243; title=&#8221;Jaka jest r\u00f3\u017cnica mi\u0119dzy elementem magnetycznym, namagnesowanym, ferromagnetycznym a &quot;calamitato&quot;?&#8221; tab_id=&#8221;1745941601589-8-3&#8243;][vc_column_text uncode_shortcode_id=&#8221;778087&#8243;]Okre\u015blenia magnetyczny, namagnesowany i &#8222;kt\u00f3ry przyci\u0105ga \u017celazo&#8221; to synonimy. Ferromagnetyczny oznacza podatny na przyci\u0105ganie lub przyci\u0105gaj\u0105cy magnesy i inne elementy magnetyczne.[\/vc_column_text][\/vc_accordion_tab][vc_accordion_tab gutter_size=&#8221;2&#8243; column_padding=&#8221;2&#8243; title=&#8221;Jak mog\u0119 sprawi\u0107, \u017ceby m\u00f3j element nie by\u0142 ferromagnetyczny?&#8221; tab_id=&#8221;1745941824007-9-1&#8243;][vc_column_text uncode_shortcode_id=&#8221;869948&#8243;]To nie jest mo\u017cliwe.[\/vc_column_text][\/vc_accordion_tab][vc_accordion_tab gutter_size=&#8221;2&#8243; column_padding=&#8221;2&#8243; title=&#8221;Zdemagnetyzowa\u0142em dok\u0142adnie element, ale po obr\u00f3bce mechanicznej znowu jest mocno namagnesowany. Dlaczego?  &#8221; tab_id=&#8221;1745941846346-10-8&#8243;][vc_column_text uncode_shortcode_id=&#8221;450371&#8243;]Procesy obr\u00f3bki mechanicznej mog\u0105 namagnesowa\u0107 element. Mo\u017cliwe te\u017c, \u017ce element nie by\u0142 dok\u0142adnie zdemagnetyzowany; na przyk\u0142ad pier\u015bcie\u0144 mo\u017ce wydawa\u0107 si\u0119 perfekcyjnie zdemagnetyzowany, ale po jego przeci\u0119ciu mo\u017ce ujawni\u0107 si\u0119 pole magnetyczne ukryte pod powierzchni\u0105.[\/vc_column_text][\/vc_accordion_tab][vc_accordion_tab gutter_size=&#8221;2&#8243; column_padding=&#8221;2&#8243; title=&#8221;Jak mierzy si\u0119 magnetyzm szcz\u0105tkowy?&#8221; tab_id=&#8221;1745941864433-11-9&#8243;][vc_column_text uncode_shortcode_id=&#8221;506635&#8243;]Mo\u017cna zmierzy\u0107 magnetyzm resztkowy na powierzchni elementu; niestety, nie mo\u017cna zmierzy\u0107 tego, co pozostaje wewn\u0105trz elementu i mo\u017ce ujawni\u0107 si\u0119 dopiero po obr\u00f3bce mechanicznej. Najdok\u0142adniejszym sposobem pomiaru magnetyzmu resztkowego jest u\u017cycie cyfrowego miernika magnetyzmu, nazywanego gaussometrem lub teslametrem. W przypadku du\u017cych element\u00f3w wygodniejsze s\u0105 analogowe wska\u017aniki pola magnetycznego, zwane gausstestami. Prosty, ale mniej dok\u0142adny spos\u00f3b to u\u017cycie stalowych spinaczy biurowych: je\u015bli s\u0105 przyci\u0105gane przez element, oznacza to, \u017ce element ma magnetyzm resztkowy na tej powierzchni.[\/vc_column_text][\/vc_accordion_tab][vc_accordion_tab gutter_size=&#8221;2&#8243; column_padding=&#8221;2&#8243; title=&#8221;Nie sta\u0107 mnie na inwestycj\u0119 w instalacj\u0119 do demagnetyzacji dla jednego elementu. Co mog\u0119 zrobi\u0107? &#8221; tab_id=&#8221;1745941882871-12-5&#8243;][vc_column_text uncode_shortcode_id=&#8221;443924&#8243;]Nasz zesp\u00f3\u0142 jest do Twojej dyspozycji, aby zdemagnetyzowa\u0107 Twoje elementy, zar\u00f3wno w naszej siedzibie, jak i u Ciebie.[\/vc_column_text][\/vc_accordion_tab][vc_accordion_tab gutter_size=&#8221;2&#8243; column_padding=&#8221;2&#8243; title=&#8221;Ile r\u00f3\u017cnych nazw nadano waszym systemom w r\u00f3\u017cnych regionach W\u0142och?&#8221; tab_id=&#8221;1745941903510-13-0&#8243;][vc_column_text uncode_shortcode_id=&#8221;213705&#8243;]W naszej karierze zawodowej odwiedzali\u015bmy firmy w ca\u0142ych W\u0142oszech, od p\u00f3\u0142nocy na po\u0142udnie, w tym na wyspach. Spotkali\u015bmy si\u0119 z nast\u0119puj\u0105cymi terminami w kolejno\u015bci ich wyst\u0119powania: Smagnetizzatore, Demagnetizzatore, Scalamitatore, Scalamizzatore, Scalamitatrice. Co ciekawe, wi\u0119kszo\u015b\u0107 \u017ce\u0144skich termin\u00f3w nie jest u\u017cywana: Scalamizzatrice, Smagnetizzatrice, Demagnetizzatrice&#8230;[\/vc_column_text][\/vc_accordion_tab][vc_accordion_tab gutter_size=&#8221;2&#8243; column_padding=&#8221;2&#8243; title=&#8221;Jak mierzy si\u0119 magnetyzm szcz\u0105tkowy?&#8221; tab_id=&#8221;1745942023960-14-8&#8243;][vc_column_text uncode_shortcode_id=&#8221;127587&#8243;]Resztkow\u0105 magnetyzacj\u0119 cz\u0119\u015bci stalowych mierzy si\u0119, w zale\u017cno\u015bci od wymaganej precyzji, za pomoc\u0105 analogowych przyrz\u0105d\u00f3w (takich jak gausstesty) lub cyfrowych urz\u0105dze\u0144 (takich jak gaussometry lub teslametry).<\/p>\n<p>Zaleca si\u0119 przeprowadzanie pomiaru w neutralnym \u015brodowisku, czyli takim, kt\u00f3re nie wp\u0142ywa na wynik pomiaru. Przyk\u0142adami neutralnych \u015brodowisk s\u0105 miejsca oddalone od du\u017cych mas ferromagnetycznych, magnes\u00f3w, elektromagnes\u00f3w lub rozdzielni elektrycznych. W razie potrzeby pomiary powinny by\u0107 wykonywane w odpowiednio ekranowanym \u015brodowisku.  <\/p>\n<p>W przypadku d\u0142ugich element\u00f3w zaleca si\u0119 ich u\u0142o\u017cenie w kierunku wsch\u00f3d-zach\u00f3d, aby zminimalizowa\u0107 wp\u0142yw ziemskiego pola magnetycznego.[\/vc_column_text][\/vc_accordion_tab][vc_accordion_tab gutter_size=&#8221;2&#8243; column_padding=&#8221;2&#8243; title=&#8221;Jak mierzy\u0107 magnetyzm cz\u0119\u015bci stalowych?&#8221; tab_id=&#8221;1745942069072-15-2&#8243;][vc_column_text uncode_shortcode_id=&#8221;213005&#8243;]Zobacz odpowied\u017a na pytanie &#8222;Jak mierzy si\u0119 magnetyzm szcz\u0105tkowy?&#8221;.[\/vc_column_text][\/vc_accordion_tab][vc_accordion_tab gutter_size=&#8221;2&#8243; column_padding=&#8221;2&#8243; title=&#8221;Dlaczego cz\u0119\u015bci si\u0119 magnetyzuj\u0105?&#8221; tab_id=&#8221;1745942098740-16-0&#8243;][vc_column_text uncode_shortcode_id=&#8221;105786&#8243;]Zobacz odpowied\u017a na pytanie &#8222;Dlaczego element si\u0119 magnetyzuje?&#8221;.[\/vc_column_text][\/vc_accordion_tab][\/vc_accordion][\/vc_column][\/vc_row][vc_row row_height_percent=&#8221;0&#8243; override_padding=&#8221;yes&#8221; h_padding=&#8221;2&#8243; top_padding=&#8221;5&#8243; bottom_padding=&#8221;0&#8243; overlay_alpha=&#8221;50&#8243; gutter_size=&#8221;3&#8243; column_width_use_pixel=&#8221;yes&#8221; shift_y=&#8221;0&#8243; z_index=&#8221;2&#8243; top_divider=&#8221;gradient&#8221; enable_bottom_divider=&#8221;default&#8221; bottom_divider=&#8221;step&#8221; shape_bottom_h_use_pixel=&#8221;&#8221; shape_bottom_height=&#8221;96&#8243; shape_bottom_color=&#8221;color-165227&#8243; shape_bottom_opacity=&#8221;100&#8243; shape_bottom_index=&#8221;1&#8243; content_parallax=&#8221;0&#8243; uncode_shortcode_id=&#8221;174917&#8243; back_color_type=&#8221;uncode-solid&#8221; shape_bottom_color_type=&#8221;uncode-palette&#8221; back_color_solid=&#8221;#0b1a35&#8243; el_id=&#8221;modulo-contatti&#8221;][vc_column column_width_percent=&#8221;100&#8243; gutter_size=&#8221;3&#8243; overlay_alpha=&#8221;50&#8243; shift_x=&#8221;0&#8243; shift_y=&#8221;0&#8243; shift_y_down=&#8221;0&#8243; z_index=&#8221;0&#8243; medium_width=&#8221;0&#8243; mobile_width=&#8221;0&#8243; width=&#8221;1\/1&#8243; uncode_shortcode_id=&#8221;491323&#8243;]<div id=\"vcparticlesbackground_1755697245_853028331\" data-theid=\"vcparticlesbackground_1755697245_853028331\" data-particles-number-value=\"30\" data-particles-density-value=\"400\" data-particles-shape-type=\"Circle\" data-particles-color=\"#E41E2F\" data-particles-shape-stroke-color=\"#E41E2F\" data-particles-shape-stroke-width=\"0\" data-particles-size-value=\"2\" data-particles-size-random=\"true\" data-particles-size-anim-enable=\"false\" data-particles-opacity-value=\"0.55\" data-particles-opacity-random=\"true\" data-particles-opacity-anim-enable=\"false\" data-particles-move-enabled=\"true\" data-particles-move-direction=\"none\" data-particles-move-random=\"false\" data-particles-move-straight=\"false\" data-particles-move-speed=\"5\" data-particles-move-out-mode=\"bounce\" data-particles-line-linked-enable-auto=\"true\" data-particles-line-linked-distance=\"150\" data-particles-line-linked-color=\"#E41E2F\" data-particles-line-linked-opacity=\"0.40\" data-particles-line-linked-width=\"1\" data-particles-interactivity-onhover-enable=\"false\" data-particles-compatibility-customclass=\".boomapps_vcrow, .vc_row, .wpb_row\" data-particles-compatibility-zindex=\"2\" data-particles-shape-image-src=\"\" data-particles-shape-image-width=\"\" data-particles-shape-image-height=\"\" class=\"vc-particles-background\" style=\"display:none;\"><\/div>[vc_row_inner][vc_column_inner column_width_use_pixel=&#8221;yes&#8221; position_horizontal=&#8221;left&#8221; gutter_size=&#8221;3&#8243; style=&#8221;dark&#8221; overlay_alpha=&#8221;50&#8243; shift_x=&#8221;0&#8243; shift_y=&#8221;0&#8243; shift_y_down=&#8221;0&#8243; z_index=&#8221;0&#8243; medium_width=&#8221;0&#8243; mobile_width=&#8221;0&#8243; width=&#8221;1\/2&#8243; uncode_shortcode_id=&#8221;171322&#8243; column_width_pixel=&#8221;480&#8243;][vc_empty_space empty_h=&#8221;1&#8243; medium_visibility=&#8221;yes&#8221; mobile_visibility=&#8221;yes&#8221;][vc_custom_heading text_size=&#8221;&#8221; uncode_shortcode_id=&#8221;394886&#8243;]Masz jeszcze w\u0105tpliwo\u015bci?[\/vc_custom_heading][vc_column_text uncode_shortcode_id=&#8221;958200&#8243;]Jeste\u015bmy do Twojej dyspozycji, aby odpowiedzie\u0107 na wszelkie pytania dotycz\u0105ce problem\u00f3w z demagnetyzacj\u0105 lub naszych produkt\u00f3w.<\/p>\n<p>Uwa\u017casz, \u017ce Tw\u00f3j problem z demagnetyzacj\u0105 jest nierozwi\u0105zywalny? Razem znajdziemy rozwi\u0105zanie najbardziej odpowiednie dla Twoich potrzeb.[\/vc_column_text][\/vc_column_inner][vc_column_inner column_width_percent=&#8221;100&#8243; gutter_size=&#8221;3&#8243; override_padding=&#8221;yes&#8221; column_padding=&#8221;3&#8243; back_color=&#8221;color-xsdn&#8221; overlay_alpha=&#8221;50&#8243; radius=&#8221;lg&#8221; shadow=&#8221;std&#8221; shift_x=&#8221;0&#8243; shift_y=&#8221;0&#8243; shift_y_down=&#8221;0&#8243; z_index=&#8221;0&#8243; medium_width=&#8221;0&#8243; mobile_width=&#8221;0&#8243; width=&#8221;1\/2&#8243; uncode_shortcode_id=&#8221;164176&#8243; back_color_type=&#8221;uncode-palette&#8221;]\n<div class=\"wpcf7 no-js\" id=\"wpcf7-f158607-o1\" lang=\"pl-PL\" dir=\"ltr\" data-wpcf7-id=\"158607\">\n<div class=\"screen-reader-response\"><p role=\"status\" aria-live=\"polite\" aria-atomic=\"true\"><\/p> <ul><\/ul><\/div>\n<form action=\"\/pl\/wp-json\/wp\/v2\/pages\/158209#wpcf7-f158607-o1\" method=\"post\" class=\"wpcf7-form init input-underline\" aria-label=\"Formularz kontaktowy\" novalidate=\"novalidate\" data-status=\"init\">\n<fieldset class=\"hidden-fields-container\"><input type=\"hidden\" name=\"_wpcf7\" value=\"158607\" \/><input type=\"hidden\" name=\"_wpcf7_version\" value=\"6.1.5\" \/><input type=\"hidden\" name=\"_wpcf7_locale\" value=\"pl_PL\" \/><input type=\"hidden\" name=\"_wpcf7_unit_tag\" value=\"wpcf7-f158607-o1\" \/><input type=\"hidden\" name=\"_wpcf7_container_post\" value=\"0\" \/><input type=\"hidden\" name=\"_wpcf7_posted_data_hash\" value=\"\" \/>\n<\/fieldset>\n<div class=\"wpcf7-inline-wrapper\">\n\t<p class=\"wpcf7-inline-field\"><span class=\"wpcf7-form-control-wrap\" data-name=\"nome\"><input size=\"40\" maxlength=\"400\" class=\"wpcf7-form-control wpcf7-text wpcf7-validates-as-required\" aria-required=\"true\" aria-invalid=\"false\" placeholder=\"Nazwa\" value=\"\" type=\"text\" name=\"nome\" \/><\/span>\n\t<\/p>\n\t<p class=\"wpcf7-inline-field\"><span class=\"wpcf7-form-control-wrap\" data-name=\"cognome\"><input size=\"40\" maxlength=\"400\" class=\"wpcf7-form-control wpcf7-text wpcf7-validates-as-required form-fluid\" aria-required=\"true\" aria-invalid=\"false\" placeholder=\"Nazwisko\" value=\"\" type=\"text\" name=\"cognome\" \/><\/span>\n\t<\/p>\n<\/div>\n<div class=\"wpcf7-inline-wrapper\">\n\t<p class=\"wpcf7-inline-field\"><span class=\"wpcf7-form-control-wrap\" data-name=\"email\"><input size=\"40\" maxlength=\"400\" class=\"wpcf7-form-control wpcf7-email wpcf7-validates-as-required wpcf7-text wpcf7-validates-as-email\" aria-required=\"true\" aria-invalid=\"false\" placeholder=\"Email\" value=\"\" type=\"email\" name=\"email\" \/><\/span>\n\t<\/p>\n\t<p class=\"wpcf7-inline-field\"><span class=\"wpcf7-form-control-wrap\" data-name=\"telefono\"><input size=\"40\" maxlength=\"400\" class=\"wpcf7-form-control wpcf7-text wpcf7-validates-as-required form-fluid\" aria-required=\"true\" aria-invalid=\"false\" placeholder=\"Telefon\" value=\"\" type=\"text\" name=\"telefono\" \/><\/span>\n\t<\/p>\n<\/div>\n<p><span class=\"wpcf7-form-control-wrap\" data-name=\"your-message\"><textarea cols=\"40\" rows=\"8\" maxlength=\"2000\" class=\"wpcf7-form-control wpcf7-textarea\" aria-invalid=\"false\" placeholder=\"Wiadomo\u015b\u0107\" name=\"your-message\"><\/textarea><\/span>\n<\/p>\n<p><span class=\"wpcf7-form-control-wrap\" data-name=\"acceptance-476\"><span class=\"wpcf7-form-control wpcf7-acceptance optional\"><span class=\"wpcf7-list-item\"><label><input type=\"checkbox\" name=\"acceptance-476\" value=\"1\" aria-invalid=\"false\" \/><span class=\"wpcf7-list-item-label\">Zapozna\u0142em\/am si\u0119 z polityk\u0105 prywatno\u015bci i wyra\u017cam zgod\u0119 na przetwarzanie moich danych osobowych w celu otrzymania \u017c\u0105danych informacji (wymagane).<\/span><\/label><\/span><\/span><\/span>\n<\/p>\n<p><input class=\"wpcf7-form-control wpcf7-submit has-spinner btn btn-accent btn-circle btn-lg\" type=\"submit\" value=\"Wys\u0142a\u0107\" \/>\n<\/p><div class=\"wpcf7-response-output\" aria-hidden=\"true\"><\/div>\n<\/form>\n<\/div>\n[\/vc_column_inner][\/vc_row_inner][\/vc_column][\/vc_row]<\/p>\n<\/div>","protected":false},"excerpt":{"rendered":"<p>[vc_row row_height_percent=&#8221;0&#8243; override_padding=&#8221;yes&#8221; h_padding=&#8221;2&#8243; top_padding=&#8221;7&#8243; bottom_padding=&#8221;7&#8243; back_color=&#8221;color-165227&#8243; back_image=&#8221;157012&#8243; overlay_alpha=&#8221;50&#8243; equal_height=&#8221;yes&#8221; gutter_size=&#8221;4&#8243; column_width_percent=&#8221;100&#8243; shift_y=&#8221;0&#8243; z_index=&#8221;0&#8243; content_parallax=&#8221;0&#8243; uncode_shortcode_id=&#8221;204839&#8243; back_color_type=&#8221;uncode-palette&#8221;][vc_column column_width_percent=&#8221;100&#8243; gutter_size=&#8221;3&#8243; style=&#8221;dark&#8221; [&hellip;]<\/p>\n","protected":false},"author":1,"featured_media":0,"parent":0,"menu_order":0,"comment_status":"closed","ping_status":"closed","template":"","meta":{"footnotes":""},"class_list":["post-158209","page","type-page","status-publish","hentry"],"_links":{"self":[{"href":"https:\/\/gaussko.urbangap.dev\/pl\/wp-json\/wp\/v2\/pages\/158209","targetHints":{"allow":["GET"]}}],"collection":[{"href":"https:\/\/gaussko.urbangap.dev\/pl\/wp-json\/wp\/v2\/pages"}],"about":[{"href":"https:\/\/gaussko.urbangap.dev\/pl\/wp-json\/wp\/v2\/types\/page"}],"author":[{"embeddable":true,"href":"https:\/\/gaussko.urbangap.dev\/pl\/wp-json\/wp\/v2\/users\/1"}],"replies":[{"embeddable":true,"href":"https:\/\/gaussko.urbangap.dev\/pl\/wp-json\/wp\/v2\/comments?post=158209"}],"version-history":[{"count":2,"href":"https:\/\/gaussko.urbangap.dev\/pl\/wp-json\/wp\/v2\/pages\/158209\/revisions"}],"predecessor-version":[{"id":158211,"href":"https:\/\/gaussko.urbangap.dev\/pl\/wp-json\/wp\/v2\/pages\/158209\/revisions\/158211"}],"wp:attachment":[{"href":"https:\/\/gaussko.urbangap.dev\/pl\/wp-json\/wp\/v2\/media?parent=158209"}],"curies":[{"name":"wp","href":"https:\/\/api.w.org\/{rel}","templated":true}]}}