{"id":157805,"date":"2025-04-28T14:50:46","date_gmt":"2025-04-28T12:50:46","guid":{"rendered":"https:\/\/gaussko.urbangap.dev\/demagnetyzacja-przed-chromowaniem\/"},"modified":"2026-03-19T00:08:38","modified_gmt":"2026-03-18T23:08:38","slug":"demagnetyzacja-przed-chromowaniem","status":"publish","type":"page","link":"https:\/\/gaussko.urbangap.dev\/pl\/applicazioni\/demagnetyzacja-przed-chromowaniem\/","title":{"rendered":"Demagnetyzacja przed chromowaniem"},"content":{"rendered":"<div class=\"wpb-content-wrapper\"><p>[vc_row row_height_percent=&#8221;0&#8243; override_padding=&#8221;yes&#8221; h_padding=&#8221;2&#8243; top_padding=&#8221;7&#8243; bottom_padding=&#8221;7&#8243; back_color=&#8221;color-165227&#8243; back_image=&#8221;157012&#8243; overlay_alpha=&#8221;50&#8243; equal_height=&#8221;yes&#8221; gutter_size=&#8221;4&#8243; column_width_percent=&#8221;100&#8243; shift_y=&#8221;0&#8243; z_index=&#8221;0&#8243; content_parallax=&#8221;0&#8243; uncode_shortcode_id=&#8221;115467&#8243; back_color_type=&#8221;uncode-palette&#8221;][vc_column column_width_percent=&#8221;100&#8243; gutter_size=&#8221;3&#8243; style=&#8221;dark&#8221; overlay_alpha=&#8221;50&#8243; shift_x=&#8221;0&#8243; shift_y=&#8221;0&#8243; shift_y_down=&#8221;0&#8243; z_index=&#8221;0&#8243; medium_width=&#8221;0&#8243; mobile_width=&#8221;0&#8243; width=&#8221;1\/1&#8243; uncode_shortcode_id=&#8221;322707&#8243;]<div id=\"vcparticlesbackground_1755697245_853028330\" data-theid=\"vcparticlesbackground_1755697245_853028330\" data-particles-number-value=\"60\" data-particles-density-value=\"600\" data-particles-shape-type=\"Circle\" data-particles-color=\"#0063A0\" data-particles-shape-stroke-color=\"#0063A0\" data-particles-shape-stroke-width=\"0\" data-particles-size-value=\"5\" data-particles-size-random=\"true\" data-particles-size-anim-enable=\"false\" data-particles-opacity-value=\"0.45\" data-particles-opacity-random=\"true\" data-particles-opacity-anim-enable=\"false\" data-particles-move-enabled=\"true\" data-particles-move-direction=\"none\" data-particles-move-random=\"false\" data-particles-move-straight=\"false\" data-particles-move-speed=\"5\" data-particles-move-out-mode=\"bounce\" data-particles-line-linked-enable-auto=\"true\" data-particles-line-linked-distance=\"160\" data-particles-line-linked-color=\"#0063A0\" data-particles-line-linked-opacity=\"0.40\" data-particles-line-linked-width=\"1\" data-particles-interactivity-onhover-enable=\"false\" data-particles-compatibility-customclass=\".boomapps_vcrow, .vc_row, .wpb_row\" data-particles-compatibility-zindex=\"2\" data-particles-shape-image-src=\"\" data-particles-shape-image-width=\"\" data-particles-shape-image-height=\"\" class=\"vc-particles-background\" style=\"display:none;\"><\/div>[uncode_breadcrumbs text_lead=&#8221;small&#8221;][vc_row_inner row_inner_height_percent=&#8221;0&#8243; overlay_alpha=&#8221;50&#8243; gutter_size=&#8221;4&#8243; shift_y=&#8221;0&#8243; z_index=&#8221;0&#8243; uncode_shortcode_id=&#8221;396108&#8243;][vc_column_inner column_width_percent=&#8221;100&#8243; gutter_size=&#8221;3&#8243; style=&#8221;dark&#8221; overlay_alpha=&#8221;50&#8243; shift_x=&#8221;0&#8243; shift_y=&#8221;0&#8243; shift_y_down=&#8221;0&#8243; z_index=&#8221;0&#8243; medium_width=&#8221;0&#8243; mobile_width=&#8221;0&#8243; width=&#8221;1\/2&#8243; uncode_shortcode_id=&#8221;140574&#8243;][vc_custom_heading heading_semantic=&#8221;h1&#8243; text_size=&#8221;h1&#8243; sub_lead=&#8221;yes&#8221; uncode_shortcode_id=&#8221;106260&#8243;]Chromowanie stali[\/vc_custom_heading][vc_column_text uncode_shortcode_id=&#8221;191882&#8243;]Je\u015bli po chromowaniu stali zauwa\u017cysz niedoskona\u0142o\u015bci, mo\u017cesz mie\u0107 do czynienia z problemem <strong>magnetyzmu resztkowego<\/strong>.<\/p>\n<p>Magnetyzm powoduje powa\u017cne <strong>wady chromowania<\/strong>: tworzy chropowato\u015b\u0107 powierzchni i wp\u0142ywa na jako\u015b\u0107 obr\u00f3bki stali.[\/vc_column_text][vc_button button_color=&#8221;color-457632&#8243; size=&#8221;btn-lg&#8221; radius=&#8221;btn-circle&#8221; border_width=&#8221;0&#8243; uncode_shortcode_id=&#8221;127357&#8243; button_color_type=&#8221;uncode-palette&#8221; link=&#8221;url:%23prevenzione-difetti-cromatura-acciaio-consulenza|&#8221;]Pom\u00f3\u017c mi zapobiec wadom chromowania![\/vc_button][\/vc_column_inner][vc_column_inner column_width_percent=&#8221;100&#8243; gutter_size=&#8221;3&#8243; override_padding=&#8221;yes&#8221; column_padding=&#8221;3&#8243; back_color=&#8221;color-lxmt&#8221; overlay_alpha=&#8221;50&#8243; radius=&#8221;lg&#8221; shift_x=&#8221;0&#8243; shift_y=&#8221;0&#8243; shift_y_down=&#8221;0&#8243; z_index=&#8221;0&#8243; medium_width=&#8221;0&#8243; mobile_width=&#8221;0&#8243; width=&#8221;1\/2&#8243; uncode_shortcode_id=&#8221;130973&#8243; back_color_type=&#8221;uncode-palette&#8221;][uncode_list icon=&#8221;fa fa-arrow-right2&#8243; uncode_shortcode_id=&#8221;185572&#8243; el_class=&#8221;gaussko-summary&#8221;]<\/p>\n<ul>\n<li><a href=\"#smagnetizzatore-bassa-frequenza-cromatura\">Odkryj rozwi\u0105zanie: smagnetyzer niskiej cz\u0119stotliwo\u015bci<\/a><\/li>\n<li><a href=\"#difetti-di-cromatura\">Problemy przy chromowaniu<\/a><\/li>\n<li><a href=\"#prevenzione-difetti-cromatura-acciaio-consulenza\">Skontaktuj si\u0119 z nami, aby uzyska\u0107 bezp\u0142atn\u0105 konsultacj\u0119<\/a><\/li>\n<\/ul>\n<p>[\/uncode_list][\/vc_column_inner][\/vc_row_inner][\/vc_column][\/vc_row][vc_row row_height_percent=&#8221;0&#8243; override_padding=&#8221;yes&#8221; h_padding=&#8221;2&#8243; top_padding=&#8221;5&#8243; bottom_padding=&#8221;5&#8243; back_color=&#8221;color-165227&#8243; overlay_alpha=&#8221;50&#8243; gutter_size=&#8221;4&#8243; column_width_percent=&#8221;100&#8243; shift_y=&#8221;0&#8243; z_index=&#8221;0&#8243; content_parallax=&#8221;0&#8243; uncode_shortcode_id=&#8221;728209&#8243; back_color_type=&#8221;uncode-palette&#8221; row_name=&#8221;smagnetizzatore-bassa-frequenza-cromatura&#8221;][vc_column column_width_percent=&#8221;100&#8243; gutter_size=&#8221;3&#8243; overlay_alpha=&#8221;50&#8243; shift_x=&#8221;0&#8243; shift_y=&#8221;0&#8243; shift_y_down=&#8221;0&#8243; z_index=&#8221;0&#8243; medium_width=&#8221;0&#8243; mobile_width=&#8221;0&#8243; css_animation=&#8221;alpha-anim&#8221; animation_speed=&#8221;1000&#8243; width=&#8221;1\/2&#8243; uncode_shortcode_id=&#8221;148075&#8243;][vc_single_image media=&#8221;157489&#8243; media_width_percent=&#8221;100&#8243; media_ratio=&#8221;one-one&#8221; alignment=&#8221;center&#8221; shape=&#8221;img-round&#8221; radius=&#8221;lg&#8221; uncode_shortcode_id=&#8221;188642&#8243;][\/vc_column][vc_column column_width_percent=&#8221;100&#8243; gutter_size=&#8221;3&#8243; style=&#8221;dark&#8221; overlay_alpha=&#8221;50&#8243; shift_x=&#8221;0&#8243; shift_y=&#8221;0&#8243; shift_y_down=&#8221;0&#8243; z_index=&#8221;0&#8243; medium_width=&#8221;0&#8243; mobile_width=&#8221;0&#8243; css_animation=&#8221;alpha-anim&#8221; animation_speed=&#8221;1000&#8243; width=&#8221;1\/2&#8243; uncode_shortcode_id=&#8221;523929&#8243;][vc_empty_space empty_h=&#8221;1&#8243; medium_visibility=&#8221;yes&#8221; mobile_visibility=&#8221;yes&#8221;][vc_custom_heading text_size=&#8221;&#8221; uncode_shortcode_id=&#8221;190020&#8243;]Rozwi\u0105zanie?<br \/>Smagnetyzer do chromowania![\/vc_custom_heading][vc_column_text uncode_shortcode_id=&#8221;143734&#8243;]Dzi\u0119ki <strong>smagnetyzerowi niskiej cz\u0119stotliwo\u015bci<\/strong> znacznie poprawisz wyniki chromowania, eliminuj\u0105c chropowato\u015b\u0107 powierzchni spowodowan\u0105 cz\u0105stkami magnetycznymi. Urz\u0105dzenie <strong>redukuje poziom magnetyzmu resztkowego<\/strong> w rurach i pr\u0119tach, docieraj\u0105c do samego rdzenia elementu i usuwaj\u0105c cz\u0105stki. <\/p>\n<p>Jest to idealne rozwi\u0105zanie dla <strong>du\u017cych element\u00f3w<\/strong> i dzia\u0142a <strong>r\u00f3wnie\u017c na wi\u0105zki rur oraz pr\u0119t\u00f3w<\/strong>, czyni\u0105c je gotowymi do sprzeda\u017cy i optymalizuj\u0105c produkcj\u0119![\/vc_column_text][vc_button button_color=&#8221;color-457632&#8243; size=&#8221;btn-lg&#8221; radius=&#8221;btn-circle&#8221; border_width=&#8221;0&#8243; uncode_shortcode_id=&#8221;208228&#8243; button_color_type=&#8221;uncode-palette&#8221; link=&#8221;url:https%3A%2F%2Fgaussko.urbangap.dev%2Fpl%2Fsmagnetyzer-wysokiej-wydajnosci%2F|title:Wysokowydajny%20przemys%C5%82owy%20demagnetyzer|&#8221;]Wyja\u015bnij mi wi\u0119cej o smagnetyzerze[\/vc_button][\/vc_column][\/vc_row][vc_row row_height_percent=&#8221;0&#8243; override_padding=&#8221;yes&#8221; h_padding=&#8221;2&#8243; top_padding=&#8221;5&#8243; bottom_padding=&#8221;3&#8243; overlay_alpha=&#8221;50&#8243; gutter_size=&#8221;4&#8243; column_width_percent=&#8221;100&#8243; shift_y=&#8221;0&#8243; z_index=&#8221;0&#8243; inverted_device_order=&#8221;yes&#8221; content_parallax=&#8221;0&#8243; uncode_shortcode_id=&#8221;119124&#8243; row_name=&#8221;difetti-di-cromatura&#8221;][vc_column column_width_percent=&#8221;100&#8243; gutter_size=&#8221;3&#8243; overlay_alpha=&#8221;50&#8243; shift_x=&#8221;0&#8243; shift_y=&#8221;0&#8243; shift_y_down=&#8221;0&#8243; z_index=&#8221;0&#8243; medium_width=&#8221;0&#8243; mobile_width=&#8221;0&#8243; css_animation=&#8221;alpha-anim&#8221; animation_speed=&#8221;1000&#8243; width=&#8221;1\/2&#8243; uncode_shortcode_id=&#8221;587951&#8243;][vc_empty_space empty_h=&#8221;1&#8243; medium_visibility=&#8221;yes&#8221; mobile_visibility=&#8221;yes&#8221;][vc_custom_heading text_size=&#8221;&#8221; uncode_shortcode_id=&#8221;205885&#8243;]Magnetyzm powoduje chropowato\u015b\u0107 powierzchni, b\u0119d\u0105c\u0105 wad\u0105 chromowania[\/vc_custom_heading][vc_column_text uncode_shortcode_id=&#8221;183717&#8243;]Element stalowy o <strong>wysokim poziomie magnetyzmu resztkowego<\/strong> znacznie pogarsza jako\u015b\u0107 chromowania: cz\u0119sto powierzchnia pow\u0142oki staje si\u0119 chropowata. <strong>Niedoskona\u0142o\u015bci te mog\u0105 by\u0107 bardzo widoczne<\/strong>, poniewa\u017c podczas obr\u00f3bki chrom ma tendencj\u0119 do odwzorowywania profilu elementu.[\/vc_column_text][\/vc_column][vc_column column_width_percent=&#8221;100&#8243; gutter_size=&#8221;3&#8243; overlay_alpha=&#8221;50&#8243; shift_x=&#8221;0&#8243; shift_y=&#8221;0&#8243; shift_y_down=&#8221;0&#8243; z_index=&#8221;0&#8243; medium_width=&#8221;0&#8243; mobile_width=&#8221;0&#8243; css_animation=&#8221;alpha-anim&#8221; animation_speed=&#8221;1000&#8243; width=&#8221;1\/2&#8243; uncode_shortcode_id=&#8221;408720&#8243;][vc_single_image media=&#8221;157803&#8243; media_width_percent=&#8221;100&#8243; media_ratio=&#8221;one-one&#8221; alignment=&#8221;center&#8221; shape=&#8221;img-round&#8221; radius=&#8221;lg&#8221; uncode_shortcode_id=&#8221;173283&#8243;][\/vc_column][\/vc_row][vc_row row_height_percent=&#8221;0&#8243; override_padding=&#8221;yes&#8221; h_padding=&#8221;2&#8243; top_padding=&#8221;3&#8243; bottom_padding=&#8221;5&#8243; overlay_alpha=&#8221;50&#8243; gutter_size=&#8221;4&#8243; column_width_percent=&#8221;100&#8243; shift_y=&#8221;0&#8243; z_index=&#8221;0&#8243; content_parallax=&#8221;0&#8243; uncode_shortcode_id=&#8221;381592&#8243; row_name=&#8221;la-soluzione-smagnetizzatore-a-bassa-frequenza&#8221;][vc_column column_width_percent=&#8221;100&#8243; gutter_size=&#8221;3&#8243; overlay_alpha=&#8221;50&#8243; shift_x=&#8221;0&#8243; shift_y=&#8221;0&#8243; shift_y_down=&#8221;0&#8243; z_index=&#8221;0&#8243; medium_width=&#8221;0&#8243; mobile_width=&#8221;0&#8243; css_animation=&#8221;alpha-anim&#8221; animation_speed=&#8221;1000&#8243; width=&#8221;1\/2&#8243; uncode_shortcode_id=&#8221;734615&#8243;][vc_single_image media=&#8221;157804&#8243; media_width_percent=&#8221;100&#8243; media_ratio=&#8221;one-one&#8221; alignment=&#8221;center&#8221; shape=&#8221;img-round&#8221; radius=&#8221;lg&#8221; uncode_shortcode_id=&#8221;246746&#8243;][\/vc_column][vc_column column_width_percent=&#8221;100&#8243; gutter_size=&#8221;3&#8243; overlay_alpha=&#8221;50&#8243; shift_x=&#8221;0&#8243; shift_y=&#8221;0&#8243; shift_y_down=&#8221;0&#8243; z_index=&#8221;0&#8243; medium_width=&#8221;0&#8243; mobile_width=&#8221;0&#8243; css_animation=&#8221;alpha-anim&#8221; animation_speed=&#8221;1000&#8243; width=&#8221;1\/2&#8243; uncode_shortcode_id=&#8221;147903&#8243;][vc_empty_space empty_h=&#8221;1&#8243; medium_visibility=&#8221;yes&#8221; mobile_visibility=&#8221;yes&#8221;][vc_custom_heading text_size=&#8221;&#8221; uncode_shortcode_id=&#8221;984218&#8243;]Jak magnetyzacja wp\u0142ywa na proces chromowania[\/vc_custom_heading][vc_column_text uncode_shortcode_id=&#8221;188496&#8243;]Podczas procesu chromowania nierozpuszczalne materia\u0142y obecne w k\u0105pielach mog\u0105 zosta\u0107 uwi\u0119zione i osadzi\u0107 si\u0119 na elemencie, co sprawia, \u017ce powierzchnia staje si\u0119 chropowata. <strong>Cz\u0105stki magnetyczne przyczepiaj\u0105 si\u0119 do powierzchni<\/strong>.<\/p>\n<p>Je\u015bli <strong>element ma wi\u00f3ry, cz\u0105stki lub metalowe wypuk\u0142o\u015bci<\/strong>, mog\u0105 one dzia\u0142a\u0107 jak &#8222;<strong>ma\u0142e piorunochrony<\/strong>&#8222;, przyci\u0105gaj\u0105c nadmiar pr\u0105du i powoduj\u0105c lokalne nagromadzenie chromu. W rezultacie powierzchnia staje si\u0119 chropowata, chromowanie przebiega nieprawid\u0142owo, a <strong>Ty musisz odrzuci\u0107 elementy lub podda\u0107 je dodatkowej obr\u00f3bce<\/strong>.[\/vc_column_text][\/vc_column][\/vc_row][vc_row row_height_percent=&#8221;0&#8243; override_padding=&#8221;yes&#8221; h_padding=&#8221;2&#8243; top_padding=&#8221;5&#8243; bottom_padding=&#8221;0&#8243; overlay_alpha=&#8221;50&#8243; gutter_size=&#8221;3&#8243; column_width_use_pixel=&#8221;yes&#8221; shift_y=&#8221;0&#8243; z_index=&#8221;2&#8243; top_divider=&#8221;gradient&#8221; enable_bottom_divider=&#8221;default&#8221; bottom_divider=&#8221;step&#8221; shape_bottom_h_use_pixel=&#8221;&#8221; shape_bottom_height=&#8221;96&#8243; shape_bottom_color=&#8221;color-165227&#8243; shape_bottom_opacity=&#8221;100&#8243; shape_bottom_index=&#8221;1&#8243; content_parallax=&#8221;0&#8243; uncode_shortcode_id=&#8221;181353&#8243; back_color_type=&#8221;uncode-solid&#8221; shape_bottom_color_type=&#8221;uncode-palette&#8221; back_color_solid=&#8221;#0b1a35&#8243; row_name=&#8221;prevenzione-difetti-cromatura-acciaio-consulenza&#8221;][vc_column column_width_percent=&#8221;100&#8243; gutter_size=&#8221;3&#8243; overlay_alpha=&#8221;50&#8243; shift_x=&#8221;0&#8243; shift_y=&#8221;0&#8243; shift_y_down=&#8221;0&#8243; z_index=&#8221;0&#8243; medium_width=&#8221;0&#8243; mobile_width=&#8221;0&#8243; width=&#8221;1\/1&#8243; uncode_shortcode_id=&#8221;491323&#8243;]<div id=\"vcparticlesbackground_1755697245_853028331\" data-theid=\"vcparticlesbackground_1755697245_853028331\" data-particles-number-value=\"30\" data-particles-density-value=\"400\" data-particles-shape-type=\"Circle\" data-particles-color=\"#E41E2F\" data-particles-shape-stroke-color=\"#E41E2F\" data-particles-shape-stroke-width=\"0\" data-particles-size-value=\"2\" data-particles-size-random=\"true\" data-particles-size-anim-enable=\"false\" data-particles-opacity-value=\"0.55\" data-particles-opacity-random=\"true\" data-particles-opacity-anim-enable=\"false\" data-particles-move-enabled=\"true\" data-particles-move-direction=\"none\" data-particles-move-random=\"false\" data-particles-move-straight=\"false\" data-particles-move-speed=\"5\" data-particles-move-out-mode=\"bounce\" data-particles-line-linked-enable-auto=\"true\" data-particles-line-linked-distance=\"150\" data-particles-line-linked-color=\"#E41E2F\" data-particles-line-linked-opacity=\"0.40\" data-particles-line-linked-width=\"1\" data-particles-interactivity-onhover-enable=\"false\" data-particles-compatibility-customclass=\".boomapps_vcrow, .vc_row, .wpb_row\" data-particles-compatibility-zindex=\"2\" data-particles-shape-image-src=\"\" data-particles-shape-image-width=\"\" data-particles-shape-image-height=\"\" class=\"vc-particles-background\" style=\"display:none;\"><\/div>[vc_row_inner][vc_column_inner column_width_use_pixel=&#8221;yes&#8221; position_horizontal=&#8221;left&#8221; gutter_size=&#8221;3&#8243; style=&#8221;dark&#8221; overlay_alpha=&#8221;50&#8243; shift_x=&#8221;0&#8243; shift_y=&#8221;0&#8243; shift_y_down=&#8221;0&#8243; z_index=&#8221;0&#8243; medium_width=&#8221;0&#8243; mobile_width=&#8221;0&#8243; width=&#8221;1\/2&#8243; uncode_shortcode_id=&#8221;171322&#8243; column_width_pixel=&#8221;480&#8243;][vc_empty_space empty_h=&#8221;1&#8243; medium_visibility=&#8221;yes&#8221; mobile_visibility=&#8221;yes&#8221;][vc_custom_heading text_size=&#8221;&#8221; uncode_shortcode_id=&#8221;547369&#8243;]Zapobiegaj wadom chromowania stali![\/vc_custom_heading][vc_column_text uncode_shortcode_id=&#8221;193296&#8243;]Oferuj swoim klientom produkty o wy\u017cszej jako\u015bci: zmniejsz chropowato\u015b\u0107 wyko\u0144czenia powierzchni.<\/p>\n<p>Zam\u00f3w teraz bezp\u0142atn\u0105 konsultacj\u0119 u naszego wykwalifikowanego personelu.<br \/>\n[\/vc_column_text][\/vc_column_inner][vc_column_inner column_width_percent=&#8221;100&#8243; gutter_size=&#8221;3&#8243; override_padding=&#8221;yes&#8221; column_padding=&#8221;3&#8243; back_color=&#8221;color-xsdn&#8221; overlay_alpha=&#8221;50&#8243; radius=&#8221;lg&#8221; shadow=&#8221;std&#8221; shift_x=&#8221;0&#8243; shift_y=&#8221;0&#8243; shift_y_down=&#8221;0&#8243; z_index=&#8221;0&#8243; medium_width=&#8221;0&#8243; mobile_width=&#8221;0&#8243; width=&#8221;1\/2&#8243; uncode_shortcode_id=&#8221;164176&#8243; back_color_type=&#8221;uncode-palette&#8221;]\n<div class=\"wpcf7 no-js\" id=\"wpcf7-f158607-o1\" lang=\"pl-PL\" dir=\"ltr\" data-wpcf7-id=\"158607\">\n<div class=\"screen-reader-response\"><p role=\"status\" aria-live=\"polite\" aria-atomic=\"true\"><\/p> <ul><\/ul><\/div>\n<form action=\"\/pl\/wp-json\/wp\/v2\/pages\/157805#wpcf7-f158607-o1\" method=\"post\" class=\"wpcf7-form init input-underline\" aria-label=\"Formularz kontaktowy\" novalidate=\"novalidate\" data-status=\"init\">\n<fieldset class=\"hidden-fields-container\"><input type=\"hidden\" name=\"_wpcf7\" value=\"158607\" \/><input type=\"hidden\" name=\"_wpcf7_version\" value=\"6.1.5\" \/><input type=\"hidden\" name=\"_wpcf7_locale\" value=\"pl_PL\" \/><input type=\"hidden\" name=\"_wpcf7_unit_tag\" value=\"wpcf7-f158607-o1\" \/><input type=\"hidden\" name=\"_wpcf7_container_post\" value=\"0\" \/><input type=\"hidden\" name=\"_wpcf7_posted_data_hash\" value=\"\" \/>\n<\/fieldset>\n<div class=\"wpcf7-inline-wrapper\">\n\t<p class=\"wpcf7-inline-field\"><span class=\"wpcf7-form-control-wrap\" data-name=\"nome\"><input size=\"40\" maxlength=\"400\" class=\"wpcf7-form-control wpcf7-text wpcf7-validates-as-required\" aria-required=\"true\" aria-invalid=\"false\" placeholder=\"Nazwa\" value=\"\" type=\"text\" name=\"nome\" \/><\/span>\n\t<\/p>\n\t<p class=\"wpcf7-inline-field\"><span class=\"wpcf7-form-control-wrap\" data-name=\"cognome\"><input size=\"40\" maxlength=\"400\" class=\"wpcf7-form-control wpcf7-text wpcf7-validates-as-required form-fluid\" aria-required=\"true\" aria-invalid=\"false\" placeholder=\"Nazwisko\" value=\"\" type=\"text\" name=\"cognome\" \/><\/span>\n\t<\/p>\n<\/div>\n<div class=\"wpcf7-inline-wrapper\">\n\t<p class=\"wpcf7-inline-field\"><span class=\"wpcf7-form-control-wrap\" data-name=\"email\"><input size=\"40\" maxlength=\"400\" class=\"wpcf7-form-control wpcf7-email wpcf7-validates-as-required wpcf7-text wpcf7-validates-as-email\" aria-required=\"true\" aria-invalid=\"false\" placeholder=\"Email\" value=\"\" type=\"email\" name=\"email\" \/><\/span>\n\t<\/p>\n\t<p class=\"wpcf7-inline-field\"><span class=\"wpcf7-form-control-wrap\" data-name=\"telefono\"><input size=\"40\" maxlength=\"400\" class=\"wpcf7-form-control wpcf7-text wpcf7-validates-as-required form-fluid\" aria-required=\"true\" aria-invalid=\"false\" placeholder=\"Telefon\" value=\"\" type=\"text\" name=\"telefono\" \/><\/span>\n\t<\/p>\n<\/div>\n<p><span class=\"wpcf7-form-control-wrap\" data-name=\"your-message\"><textarea cols=\"40\" rows=\"8\" maxlength=\"2000\" class=\"wpcf7-form-control wpcf7-textarea\" aria-invalid=\"false\" placeholder=\"Wiadomo\u015b\u0107\" name=\"your-message\"><\/textarea><\/span>\n<\/p>\n<p><span class=\"wpcf7-form-control-wrap\" data-name=\"acceptance-476\"><span class=\"wpcf7-form-control wpcf7-acceptance optional\"><span class=\"wpcf7-list-item\"><label><input type=\"checkbox\" name=\"acceptance-476\" value=\"1\" aria-invalid=\"false\" \/><span class=\"wpcf7-list-item-label\">Zapozna\u0142em\/am si\u0119 z polityk\u0105 prywatno\u015bci i wyra\u017cam zgod\u0119 na przetwarzanie moich danych osobowych w celu otrzymania \u017c\u0105danych informacji (wymagane).<\/span><\/label><\/span><\/span><\/span>\n<\/p>\n<p><input class=\"wpcf7-form-control wpcf7-submit has-spinner btn btn-accent btn-circle btn-lg\" type=\"submit\" value=\"Wys\u0142a\u0107\" \/>\n<\/p><div class=\"wpcf7-response-output\" aria-hidden=\"true\"><\/div>\n<\/form>\n<\/div>\n[\/vc_column_inner][\/vc_row_inner][\/vc_column][\/vc_row]<\/p>\n<\/div>","protected":false},"excerpt":{"rendered":"<p>[vc_row row_height_percent=&#8221;0&#8243; override_padding=&#8221;yes&#8221; h_padding=&#8221;2&#8243; top_padding=&#8221;7&#8243; bottom_padding=&#8221;7&#8243; back_color=&#8221;color-165227&#8243; back_image=&#8221;157012&#8243; overlay_alpha=&#8221;50&#8243; equal_height=&#8221;yes&#8221; gutter_size=&#8221;4&#8243; column_width_percent=&#8221;100&#8243; shift_y=&#8221;0&#8243; z_index=&#8221;0&#8243; content_parallax=&#8221;0&#8243; uncode_shortcode_id=&#8221;115467&#8243; back_color_type=&#8221;uncode-palette&#8221;][vc_column column_width_percent=&#8221;100&#8243; gutter_size=&#8221;3&#8243; style=&#8221;dark&#8221; [&hellip;]<\/p>\n","protected":false},"author":1,"featured_media":0,"parent":158179,"menu_order":0,"comment_status":"closed","ping_status":"closed","template":"","meta":{"footnotes":""},"class_list":["post-157805","page","type-page","status-publish","hentry"],"_links":{"self":[{"href":"https:\/\/gaussko.urbangap.dev\/pl\/wp-json\/wp\/v2\/pages\/157805","targetHints":{"allow":["GET"]}}],"collection":[{"href":"https:\/\/gaussko.urbangap.dev\/pl\/wp-json\/wp\/v2\/pages"}],"about":[{"href":"https:\/\/gaussko.urbangap.dev\/pl\/wp-json\/wp\/v2\/types\/page"}],"author":[{"embeddable":true,"href":"https:\/\/gaussko.urbangap.dev\/pl\/wp-json\/wp\/v2\/users\/1"}],"replies":[{"embeddable":true,"href":"https:\/\/gaussko.urbangap.dev\/pl\/wp-json\/wp\/v2\/comments?post=157805"}],"version-history":[{"count":7,"href":"https:\/\/gaussko.urbangap.dev\/pl\/wp-json\/wp\/v2\/pages\/157805\/revisions"}],"predecessor-version":[{"id":157813,"href":"https:\/\/gaussko.urbangap.dev\/pl\/wp-json\/wp\/v2\/pages\/157805\/revisions\/157813"}],"up":[{"embeddable":true,"href":"https:\/\/gaussko.urbangap.dev\/pl\/wp-json\/wp\/v2\/pages\/158179"}],"wp:attachment":[{"href":"https:\/\/gaussko.urbangap.dev\/pl\/wp-json\/wp\/v2\/media?parent=157805"}],"curies":[{"name":"wp","href":"https:\/\/api.w.org\/{rel}","templated":true}]}}