{"id":158260,"date":"2025-05-07T16:49:05","date_gmt":"2025-05-07T14:49:05","guid":{"rendered":"https:\/\/gaussko.urbangap.dev\/produkte-und-dienstleistungen\/tunnel-entmagnetisierer\/"},"modified":"2026-03-24T22:14:30","modified_gmt":"2026-03-24T21:14:30","slug":"tunnel-entmagnetisierer","status":"publish","type":"page","link":"https:\/\/gaussko.urbangap.dev\/de\/produkte-und-dienstleistungen\/tunnel-entmagnetisierer\/","title":{"rendered":"Tunnel-Entmagnetisierer"},"content":{"rendered":"<div class=\"wpb-content-wrapper\"><p>[vc_row row_height_percent=&#8220;0&#8243; override_padding=&#8220;yes&#8220; h_padding=&#8220;2&#8243; top_padding=&#8220;7&#8243; bottom_padding=&#8220;7&#8243; back_color=&#8220;color-165227&#8243; back_image=&#8220;157012&#8243; overlay_alpha=&#8220;50&#8243; equal_height=&#8220;yes&#8220; gutter_size=&#8220;4&#8243; column_width_percent=&#8220;100&#8243; shift_y=&#8220;0&#8243; z_index=&#8220;0&#8243; content_parallax=&#8220;0&#8243; uncode_shortcode_id=&#8220;169708&#8243; back_color_type=&#8220;uncode-palette&#8220;][vc_column column_width_percent=&#8220;100&#8243; gutter_size=&#8220;3&#8243; style=&#8220;dark&#8220; overlay_alpha=&#8220;50&#8243; shift_x=&#8220;0&#8243; shift_y=&#8220;0&#8243; shift_y_down=&#8220;0&#8243; z_index=&#8220;0&#8243; medium_width=&#8220;0&#8243; mobile_width=&#8220;0&#8243; width=&#8220;1\/1&#8243; uncode_shortcode_id=&#8220;322707&#8243;]<div id=\"vcparticlesbackground_1755697245_853028330\" data-theid=\"vcparticlesbackground_1755697245_853028330\" data-particles-number-value=\"60\" data-particles-density-value=\"600\" data-particles-shape-type=\"Circle\" data-particles-color=\"#0063A0\" data-particles-shape-stroke-color=\"#0063A0\" data-particles-shape-stroke-width=\"0\" data-particles-size-value=\"5\" data-particles-size-random=\"true\" data-particles-size-anim-enable=\"false\" data-particles-opacity-value=\"0.45\" data-particles-opacity-random=\"true\" data-particles-opacity-anim-enable=\"false\" data-particles-move-enabled=\"true\" data-particles-move-direction=\"none\" data-particles-move-random=\"false\" data-particles-move-straight=\"false\" data-particles-move-speed=\"5\" data-particles-move-out-mode=\"bounce\" data-particles-line-linked-enable-auto=\"true\" data-particles-line-linked-distance=\"160\" data-particles-line-linked-color=\"#0063A0\" data-particles-line-linked-opacity=\"0.40\" data-particles-line-linked-width=\"1\" data-particles-interactivity-onhover-enable=\"false\" data-particles-compatibility-customclass=\".boomapps_vcrow, .vc_row, .wpb_row\" data-particles-compatibility-zindex=\"2\" data-particles-shape-image-src=\"\" data-particles-shape-image-width=\"\" data-particles-shape-image-height=\"\" class=\"vc-particles-background\" style=\"display:none;\"><\/div>[uncode_breadcrumbs text_lead=&#8220;small&#8220;][vc_row_inner row_inner_height_percent=&#8220;0&#8243; overlay_alpha=&#8220;50&#8243; gutter_size=&#8220;4&#8243; shift_y=&#8220;0&#8243; z_index=&#8220;0&#8243; uncode_shortcode_id=&#8220;396108&#8243;][vc_column_inner column_width_percent=&#8220;100&#8243; gutter_size=&#8220;3&#8243; style=&#8220;dark&#8220; overlay_alpha=&#8220;50&#8243; shift_x=&#8220;0&#8243; shift_y=&#8220;0&#8243; shift_y_down=&#8220;0&#8243; z_index=&#8220;0&#8243; medium_width=&#8220;0&#8243; mobile_width=&#8220;0&#8243; width=&#8220;1\/2&#8243; uncode_shortcode_id=&#8220;495479&#8243;][vc_custom_heading heading_semantic=&#8220;h1&#8243; text_size=&#8220;h1&#8243; sub_lead=&#8220;yes&#8220; uncode_shortcode_id=&#8220;203076&#8243;]Tunnel-Entmagnetisierer[\/vc_custom_heading][vc_column_text uncode_shortcode_id=&#8220;545891&#8243;]Von Magnetismus befreit: <strong>Tunnel-Entmagnetisierer<\/strong> sind die L\u00f6sung f\u00fcr die meisten F\u00e4lle, in denen eine <strong>vollst\u00e4ndige<\/strong> und <strong>homogene<\/strong> Entmagnetisierung von Stahlteilen erforderlich ist. Sie garantieren eine <strong>hohe Produktivit\u00e4t<\/strong> und <strong>Sicherheit<\/strong> f\u00fcr die Bediener. <\/p>\n<p>Hier sind die verschiedenen Modelle unserer Tunnel-Entmagnetisierer:[\/vc_column_text][\/vc_column_inner][vc_column_inner column_width_percent=&#8220;100&#8243; gutter_size=&#8220;3&#8243; override_padding=&#8220;yes&#8220; column_padding=&#8220;3&#8243; overlay_alpha=&#8220;50&#8243; radius=&#8220;lg&#8220; shift_x=&#8220;0&#8243; shift_y=&#8220;0&#8243; shift_y_down=&#8220;0&#8243; z_index=&#8220;0&#8243; medium_width=&#8220;0&#8243; mobile_width=&#8220;0&#8243; width=&#8220;1\/2&#8243; uncode_shortcode_id=&#8220;149570&#8243;][\/vc_column_inner][\/vc_row_inner][\/vc_column][\/vc_row][vc_row row_height_percent=&#8220;0&#8243; override_padding=&#8220;yes&#8220; h_padding=&#8220;2&#8243; top_padding=&#8220;5&#8243; bottom_padding=&#8220;5&#8243; back_color=&#8220;color-lxmt&#8220; overlay_alpha=&#8220;50&#8243; equal_height=&#8220;yes&#8220; gutter_size=&#8220;3&#8243; column_width_percent=&#8220;100&#8243; shift_y=&#8220;0&#8243; z_index=&#8220;0&#8243; top_divider=&#8220;gradient&#8220; bottom_divider=&#8220;step&#8220; content_parallax=&#8220;0&#8243; uncode_shortcode_id=&#8220;590216&#8243; back_color_type=&#8220;uncode-palette&#8220;][vc_column column_width_percent=&#8220;100&#8243; position_vertical=&#8220;middle&#8220; align_horizontal=&#8220;align_center&#8220; gutter_size=&#8220;3&#8243; overlay_alpha=&#8220;50&#8243; shift_x=&#8220;0&#8243; shift_y=&#8220;0&#8243; shift_y_down=&#8220;0&#8243; z_index=&#8220;0&#8243; medium_width=&#8220;0&#8243; mobile_width=&#8220;0&#8243; width=&#8220;1\/1&#8243; uncode_shortcode_id=&#8220;987535&#8243;][vc_row_inner row_inner_height_percent=&#8220;0&#8243; overlay_alpha=&#8220;50&#8243; equal_height=&#8220;yes&#8220; gutter_size=&#8220;3&#8243; shift_y=&#8220;0&#8243; z_index=&#8220;0&#8243; uncode_shortcode_id=&#8220;184822&#8243;][vc_column_inner column_width_percent=&#8220;100&#8243; gutter_size=&#8220;3&#8243; override_padding=&#8220;yes&#8220; column_padding=&#8220;3&#8243; back_color=&#8220;color-xsdn&#8220; overlay_alpha=&#8220;50&#8243; radius=&#8220;lg&#8220; shift_x=&#8220;0&#8243; shift_y=&#8220;0&#8243; shift_y_down=&#8220;0&#8243; z_index=&#8220;0&#8243; medium_width=&#8220;0&#8243; mobile_width=&#8220;0&#8243; width=&#8220;1\/3&#8243; uncode_shortcode_id=&#8220;200220&#8243; back_color_type=&#8220;uncode-palette&#8220;][vc_custom_heading heading_semantic=&#8220;h3&#8243; text_size=&#8220;&#8220; uncode_shortcode_id=&#8220;819718&#8243;]Kolossus | Niederfrequenz-Tunnelsystem f\u00fcr:[\/vc_custom_heading][vc_column_text uncode_shortcode_id=&#8220;908125&#8243;]<\/p>\n<ul>\n<li>Dicke Rohre und St\u00e4be<\/li>\n<li>B\u00fcndel von Rohren und St\u00e4ben<\/li>\n<li>Fortgeschrittene Anwendungen<\/li>\n<\/ul>\n<p>[\/vc_column_text][uncode_list icon=&#8220;fa fa-circle-check&#8220; uncode_shortcode_id=&#8220;203786&#8243;]<\/p>\n<ul>\n<li>Dicke Rohre und St\u00e4be<\/li>\n<li>B\u00fcndel von Rohren und St\u00e4ben<\/li>\n<li>Fortgeschrittene Anwendungen<\/li>\n<\/ul>\n<p>[\/uncode_list][\/vc_column_inner][vc_column_inner column_width_percent=&#8220;100&#8243; gutter_size=&#8220;3&#8243; override_padding=&#8220;yes&#8220; column_padding=&#8220;3&#8243; back_color=&#8220;color-xsdn&#8220; overlay_alpha=&#8220;50&#8243; radius=&#8220;lg&#8220; shift_x=&#8220;0&#8243; shift_y=&#8220;0&#8243; shift_y_down=&#8220;0&#8243; z_index=&#8220;0&#8243; medium_width=&#8220;0&#8243; mobile_width=&#8220;0&#8243; width=&#8220;1\/3&#8243; uncode_shortcode_id=&#8220;850342&#8243; back_color_type=&#8220;uncode-palette&#8220;][vc_custom_heading heading_semantic=&#8220;h3&#8243; text_size=&#8220;&#8220; uncode_shortcode_id=&#8220;110596&#8243;]Titan | Mittelfrequenz-Tunnelsystem f\u00fcr:[\/vc_custom_heading][vc_column_text uncode_shortcode_id=&#8220;465667&#8243;]<\/p>\n<ul>\n<li>Mittelgro\u00dfe und dicke Werkst\u00fccke<\/li>\n<li>Schwer entmagnetisierbare Materialien<\/li>\n<\/ul>\n<p>[\/vc_column_text][\/vc_column_inner][vc_column_inner column_width_percent=&#8220;100&#8243; gutter_size=&#8220;3&#8243; override_padding=&#8220;yes&#8220; column_padding=&#8220;3&#8243; back_color=&#8220;color-xsdn&#8220; overlay_alpha=&#8220;50&#8243; radius=&#8220;lg&#8220; shift_x=&#8220;0&#8243; shift_y=&#8220;0&#8243; shift_y_down=&#8220;0&#8243; z_index=&#8220;0&#8243; medium_width=&#8220;0&#8243; mobile_width=&#8220;0&#8243; width=&#8220;1\/3&#8243; uncode_shortcode_id=&#8220;529287&#8243; back_color_type=&#8220;uncode-palette&#8220;][vc_custom_heading heading_semantic=&#8220;h3&#8243; text_size=&#8220;&#8220; uncode_shortcode_id=&#8220;770698&#8243;]Apollon | Phasenentzerrtes 50Hz-Tunnelsystem f\u00fcr:[\/vc_custom_heading][vc_column_text uncode_shortcode_id=&#8220;904965&#8243;]<\/p>\n<ul>\n<li>Kleine oder d\u00fcnne Werkst\u00fccke<\/li>\n<li>Bearbeitete und fertige Teile<\/li>\n<li>Hohe Prozessgeschwindigkeit<\/li>\n<\/ul>\n<p>[\/vc_column_text][\/vc_column_inner][\/vc_row_inner][vc_row_inner row_inner_height_percent=&#8220;0&#8243; overlay_alpha=&#8220;50&#8243; equal_height=&#8220;yes&#8220; gutter_size=&#8220;3&#8243; shift_y=&#8220;0&#8243; z_index=&#8220;0&#8243; uncode_shortcode_id=&#8220;184822&#8243;][vc_column_inner column_width_percent=&#8220;100&#8243; gutter_size=&#8220;3&#8243; override_padding=&#8220;yes&#8220; column_padding=&#8220;3&#8243; back_color=&#8220;color-xsdn&#8220; overlay_alpha=&#8220;50&#8243; radius=&#8220;lg&#8220; shift_x=&#8220;0&#8243; shift_y=&#8220;0&#8243; shift_y_down=&#8220;0&#8243; z_index=&#8220;0&#8243; medium_width=&#8220;0&#8243; mobile_width=&#8220;0&#8243; width=&#8220;1\/3&#8243; uncode_shortcode_id=&#8220;200220&#8243; back_color_type=&#8220;uncode-palette&#8220;][vc_custom_heading heading_semantic=&#8220;h3&#8243; text_size=&#8220;&#8220; uncode_shortcode_id=&#8220;158358&#8243;]Ares | Tunnelsystem mit sehr hoher magnetischer Induktion f\u00fcr:[\/vc_custom_heading][vc_column_text uncode_shortcode_id=&#8220;172921&#8243;]<\/p>\n<ul>\n<li>Schwer zu entmagnetisierende Werkst\u00fccke mit komplexen Geometrien<\/li>\n<li>Hartmetall<\/li>\n<\/ul>\n<p>[\/vc_column_text][\/vc_column_inner][vc_column_inner column_width_percent=&#8220;100&#8243; gutter_size=&#8220;3&#8243; override_padding=&#8220;yes&#8220; column_padding=&#8220;3&#8243; overlay_alpha=&#8220;50&#8243; radius=&#8220;lg&#8220; shift_x=&#8220;0&#8243; shift_y=&#8220;0&#8243; shift_y_down=&#8220;0&#8243; z_index=&#8220;0&#8243; medium_visibility=&#8220;yes&#8220; medium_width=&#8220;0&#8243; mobile_visibility=&#8220;yes&#8220; mobile_width=&#8220;0&#8243; width=&#8220;1\/3&#8243; uncode_shortcode_id=&#8220;997154&#8243;][\/vc_column_inner][vc_column_inner column_width_percent=&#8220;100&#8243; gutter_size=&#8220;3&#8243; override_padding=&#8220;yes&#8220; column_padding=&#8220;3&#8243; overlay_alpha=&#8220;50&#8243; radius=&#8220;lg&#8220; shift_x=&#8220;0&#8243; shift_y=&#8220;0&#8243; shift_y_down=&#8220;0&#8243; z_index=&#8220;0&#8243; medium_visibility=&#8220;yes&#8220; medium_width=&#8220;0&#8243; mobile_visibility=&#8220;yes&#8220; mobile_width=&#8220;0&#8243; width=&#8220;1\/3&#8243; uncode_shortcode_id=&#8220;149922&#8243;][\/vc_column_inner][\/vc_row_inner][\/vc_column][\/vc_row][vc_row row_height_percent=&#8220;0&#8243; override_padding=&#8220;yes&#8220; h_padding=&#8220;2&#8243; top_padding=&#8220;5&#8243; bottom_padding=&#8220;5&#8243; overlay_alpha=&#8220;50&#8243; gutter_size=&#8220;4&#8243; column_width_percent=&#8220;100&#8243; shift_y=&#8220;0&#8243; z_index=&#8220;0&#8243; content_parallax=&#8220;0&#8243; uncode_shortcode_id=&#8220;183730&#8243; el_id=&#8220;Probleml\u00f6sung-Schneiden-Drehen-Entmagnetisieren&#8220;][vc_column column_width_percent=&#8220;100&#8243; gutter_size=&#8220;3&#8243; overlay_alpha=&#8220;50&#8243; shift_x=&#8220;0&#8243; shift_y=&#8220;0&#8243; shift_y_down=&#8220;0&#8243; z_index=&#8220;0&#8243; medium_width=&#8220;0&#8243; mobile_width=&#8220;0&#8243; css_animation=&#8220;alpha-anim&#8220; animation_speed=&#8220;1000&#8243; width=&#8220;1\/2&#8243; uncode_shortcode_id=&#8220;107754&#8243;][vc_single_image media=&#8220;158259&#8243; media_width_percent=&#8220;100&#8243; media_ratio=&#8220;one-one&#8220; alignment=&#8220;center&#8220; shape=&#8220;img-round&#8220; radius=&#8220;lg&#8220; uncode_shortcode_id=&#8220;183739&#8243;][\/vc_column][vc_column column_width_percent=&#8220;100&#8243; gutter_size=&#8220;3&#8243; overlay_alpha=&#8220;50&#8243; shift_x=&#8220;0&#8243; shift_y=&#8220;0&#8243; shift_y_down=&#8220;0&#8243; z_index=&#8220;0&#8243; medium_width=&#8220;0&#8243; mobile_width=&#8220;0&#8243; css_animation=&#8220;alpha-anim&#8220; animation_speed=&#8220;1000&#8243; width=&#8220;1\/2&#8243; uncode_shortcode_id=&#8220;715201&#8243;][vc_empty_space empty_h=&#8220;1&#8243; medium_visibility=&#8220;yes&#8220; mobile_visibility=&#8220;yes&#8220;][vc_column_text uncode_shortcode_id=&#8220;160051&#8243;]Wir k\u00f6nnen Tunnel-Entmagnetisierer liefern, komplett mit:<\/p>\n<ul>\n<li><strong>Rutsche aus nichtmagnetischem Material<\/strong>: Bei der Installation dieser Rutsche fallen die Werkst\u00fccke durch den Tunnel. Es ist die ideale L\u00f6sung f\u00fcr kleine Teile wie Federn und Schrauben oder f\u00fcr Rohlinge oder Halbfertigprodukte. <\/li>\n<li><strong>Manuell bedienbarer Korb<\/strong>: Der Korb erm\u00f6glicht das Heranfahren und Entfernen des zu entmagnetisierenden Werkst\u00fccks (oder Werkst\u00fccke).<\/li>\n<li>Motorisierter Korb mit allen von den Normen vorgesehenen Sicherheiten: Der Korb erm\u00f6glicht das Be- und Entladen auf der gleichen Seite des Tunnels (ausgef\u00fchrt durch denselben Bediener oder Automatismus) oder an zwei gegen\u00fcberliegenden Positionen (ausgef\u00fchrt durch zwei Bediener oder Automatismen).<\/li>\n<li><strong>F\u00f6rderband mit allen von den Normen vorgesehenen Sicherheiten<\/strong>: Es bietet die M\u00f6glichkeit des Be- und Entladens an zwei gegen\u00fcberliegenden Positionen (ausgef\u00fchrt von zwei Bedienern oder Automatismen).<\/li>\n<\/ul>\n<p>[\/vc_column_text][\/vc_column][\/vc_row][vc_row row_height_percent=&#8220;0&#8243; override_padding=&#8220;yes&#8220; h_padding=&#8220;2&#8243; top_padding=&#8220;5&#8243; bottom_padding=&#8220;0&#8243; overlay_alpha=&#8220;50&#8243; gutter_size=&#8220;3&#8243; column_width_use_pixel=&#8220;yes&#8220; shift_y=&#8220;0&#8243; z_index=&#8220;2&#8243; top_divider=&#8220;gradient&#8220; enable_bottom_divider=&#8220;default&#8220; bottom_divider=&#8220;step&#8220; shape_bottom_h_use_pixel=&#8220;&#8220; shape_bottom_height=&#8220;96&#8243; shape_bottom_color=&#8220;color-165227&#8243; shape_bottom_opacity=&#8220;100&#8243; shape_bottom_index=&#8220;1&#8243; content_parallax=&#8220;0&#8243; uncode_shortcode_id=&#8220;121330&#8243; back_color_type=&#8220;uncode-solid&#8220; shape_bottom_color_type=&#8220;uncode-palette&#8220; back_color_solid=&#8220;#0b1a35&#8243; row_name=&#8220;modulo-contatti&#8220;][vc_column column_width_percent=&#8220;100&#8243; gutter_size=&#8220;3&#8243; overlay_alpha=&#8220;50&#8243; shift_x=&#8220;0&#8243; shift_y=&#8220;0&#8243; shift_y_down=&#8220;0&#8243; z_index=&#8220;0&#8243; medium_width=&#8220;0&#8243; mobile_width=&#8220;0&#8243; width=&#8220;1\/1&#8243; uncode_shortcode_id=&#8220;491323&#8243;]<div id=\"vcparticlesbackground_1755697245_853028331\" data-theid=\"vcparticlesbackground_1755697245_853028331\" data-particles-number-value=\"30\" data-particles-density-value=\"400\" data-particles-shape-type=\"Circle\" data-particles-color=\"#E41E2F\" data-particles-shape-stroke-color=\"#E41E2F\" data-particles-shape-stroke-width=\"0\" data-particles-size-value=\"2\" data-particles-size-random=\"true\" data-particles-size-anim-enable=\"false\" data-particles-opacity-value=\"0.55\" data-particles-opacity-random=\"true\" data-particles-opacity-anim-enable=\"false\" data-particles-move-enabled=\"true\" data-particles-move-direction=\"none\" data-particles-move-random=\"false\" data-particles-move-straight=\"false\" data-particles-move-speed=\"5\" data-particles-move-out-mode=\"bounce\" data-particles-line-linked-enable-auto=\"true\" data-particles-line-linked-distance=\"150\" data-particles-line-linked-color=\"#E41E2F\" data-particles-line-linked-opacity=\"0.40\" data-particles-line-linked-width=\"1\" data-particles-interactivity-onhover-enable=\"false\" data-particles-compatibility-customclass=\".boomapps_vcrow, .vc_row, .wpb_row\" data-particles-compatibility-zindex=\"2\" data-particles-shape-image-src=\"\" data-particles-shape-image-width=\"\" data-particles-shape-image-height=\"\" class=\"vc-particles-background\" style=\"display:none;\"><\/div>[vc_row_inner][vc_column_inner column_width_use_pixel=&#8220;yes&#8220; position_horizontal=&#8220;left&#8220; gutter_size=&#8220;3&#8243; style=&#8220;dark&#8220; overlay_alpha=&#8220;50&#8243; shift_x=&#8220;0&#8243; shift_y=&#8220;0&#8243; shift_y_down=&#8220;0&#8243; z_index=&#8220;0&#8243; medium_width=&#8220;0&#8243; mobile_width=&#8220;0&#8243; width=&#8220;1\/2&#8243; uncode_shortcode_id=&#8220;171322&#8243; column_width_pixel=&#8220;480&#8243;][vc_empty_space empty_h=&#8220;1&#8243; medium_visibility=&#8220;yes&#8220; mobile_visibility=&#8220;yes&#8220;][vc_custom_heading text_size=&#8220;&#8220; uncode_shortcode_id=&#8220;187611&#8243;]Entmagnetisieren Sie Ihre Teile jetzt und machen Sie sie so f\u00fcr die Anforderungen Ihrer Kunden geeignet![\/vc_custom_heading][vc_column_text uncode_shortcode_id=&#8220;625395&#8243;]Erf\u00fcllen Sie die Bed\u00fcrfnisse Ihrer Kunden: Fordern Sie eine kostenlose Beratung an! Unsere spezialisierten Mitarbeiter zeigen Ihnen, wie Sie Magnetismus mit einem Tunnelentmagnetisierer reduzieren k\u00f6nnen.[\/vc_column_text][\/vc_column_inner][vc_column_inner column_width_percent=&#8220;100&#8243; gutter_size=&#8220;3&#8243; override_padding=&#8220;yes&#8220; column_padding=&#8220;3&#8243; back_color=&#8220;color-xsdn&#8220; overlay_alpha=&#8220;50&#8243; radius=&#8220;lg&#8220; shadow=&#8220;std&#8220; shift_x=&#8220;0&#8243; shift_y=&#8220;0&#8243; shift_y_down=&#8220;0&#8243; z_index=&#8220;0&#8243; medium_width=&#8220;0&#8243; mobile_width=&#8220;0&#8243; width=&#8220;1\/2&#8243; uncode_shortcode_id=&#8220;164176&#8243; back_color_type=&#8220;uncode-palette&#8220;]\n<div class=\"wpcf7 no-js\" id=\"wpcf7-f158606-o1\" lang=\"de-DE\" dir=\"ltr\" data-wpcf7-id=\"158606\">\n<div class=\"screen-reader-response\"><p role=\"status\" aria-live=\"polite\" aria-atomic=\"true\"><\/p> <ul><\/ul><\/div>\n<form action=\"\/de\/wp-json\/wp\/v2\/pages\/158260#wpcf7-f158606-o1\" method=\"post\" class=\"wpcf7-form init input-underline\" aria-label=\"Kontaktformular\" novalidate=\"novalidate\" data-status=\"init\">\n<fieldset class=\"hidden-fields-container\"><input type=\"hidden\" name=\"_wpcf7\" value=\"158606\" \/><input type=\"hidden\" name=\"_wpcf7_version\" value=\"6.1.5\" \/><input type=\"hidden\" name=\"_wpcf7_locale\" value=\"de_DE\" \/><input type=\"hidden\" name=\"_wpcf7_unit_tag\" value=\"wpcf7-f158606-o1\" \/><input type=\"hidden\" name=\"_wpcf7_container_post\" value=\"0\" \/><input type=\"hidden\" name=\"_wpcf7_posted_data_hash\" value=\"\" \/>\n<\/fieldset>\n<div class=\"wpcf7-inline-wrapper\">\n\t<p class=\"wpcf7-inline-field\"><span class=\"wpcf7-form-control-wrap\" data-name=\"nome\"><input size=\"40\" maxlength=\"400\" class=\"wpcf7-form-control wpcf7-text wpcf7-validates-as-required\" aria-required=\"true\" aria-invalid=\"false\" placeholder=\"Name\" value=\"\" type=\"text\" name=\"nome\" \/><\/span>\n\t<\/p>\n\t<p class=\"wpcf7-inline-field\"><span class=\"wpcf7-form-control-wrap\" data-name=\"cognome\"><input size=\"40\" maxlength=\"400\" class=\"wpcf7-form-control wpcf7-text wpcf7-validates-as-required form-fluid\" aria-required=\"true\" aria-invalid=\"false\" placeholder=\"Nachname\" value=\"\" type=\"text\" name=\"cognome\" \/><\/span>\n\t<\/p>\n<\/div>\n<div class=\"wpcf7-inline-wrapper\">\n\t<p class=\"wpcf7-inline-field\"><span class=\"wpcf7-form-control-wrap\" data-name=\"email\"><input size=\"40\" maxlength=\"400\" class=\"wpcf7-form-control wpcf7-email wpcf7-validates-as-required wpcf7-text wpcf7-validates-as-email\" aria-required=\"true\" aria-invalid=\"false\" placeholder=\"E-Mail\" value=\"\" type=\"email\" name=\"email\" \/><\/span>\n\t<\/p>\n\t<p class=\"wpcf7-inline-field\"><span class=\"wpcf7-form-control-wrap\" data-name=\"telefono\"><input size=\"40\" maxlength=\"400\" class=\"wpcf7-form-control wpcf7-text wpcf7-validates-as-required form-fluid\" aria-required=\"true\" aria-invalid=\"false\" placeholder=\"Telefon\" value=\"\" type=\"text\" name=\"telefono\" \/><\/span>\n\t<\/p>\n<\/div>\n<p><span class=\"wpcf7-form-control-wrap\" data-name=\"your-message\"><textarea cols=\"40\" rows=\"8\" maxlength=\"2000\" class=\"wpcf7-form-control wpcf7-textarea\" aria-invalid=\"false\" placeholder=\"Nachricht\" name=\"your-message\"><\/textarea><\/span>\n<\/p>\n<p><span class=\"wpcf7-form-control-wrap\" data-name=\"acceptance-476\"><span class=\"wpcf7-form-control wpcf7-acceptance optional\"><span class=\"wpcf7-list-item\"><label><input type=\"checkbox\" name=\"acceptance-476\" value=\"1\" aria-invalid=\"false\" \/><span class=\"wpcf7-list-item-label\">Ich habe die Datenschutzbestimmungen gelesen und stimme der Verarbeitung meiner personenbezogenen Daten zum Erhalt der angeforderten Informationen zu (erforderlich).<\/span><\/label><\/span><\/span><\/span>\n<\/p>\n<p><input class=\"wpcf7-form-control wpcf7-submit has-spinner btn btn-accent btn-circle btn-lg\" type=\"submit\" value=\"Schicken\" \/>\n<\/p><div class=\"wpcf7-response-output\" aria-hidden=\"true\"><\/div>\n<\/form>\n<\/div>\n[\/vc_column_inner][\/vc_row_inner][\/vc_column][\/vc_row]<\/p>\n<\/div>","protected":false},"excerpt":{"rendered":"<p>[vc_row row_height_percent=&#8220;0&#8243; override_padding=&#8220;yes&#8220; h_padding=&#8220;2&#8243; top_padding=&#8220;7&#8243; bottom_padding=&#8220;7&#8243; back_color=&#8220;color-165227&#8243; back_image=&#8220;157012&#8243; overlay_alpha=&#8220;50&#8243; equal_height=&#8220;yes&#8220; gutter_size=&#8220;4&#8243; column_width_percent=&#8220;100&#8243; shift_y=&#8220;0&#8243; z_index=&#8220;0&#8243; content_parallax=&#8220;0&#8243; uncode_shortcode_id=&#8220;169708&#8243; back_color_type=&#8220;uncode-palette&#8220;][vc_column column_width_percent=&#8220;100&#8243; gutter_size=&#8220;3&#8243; style=&#8220;dark&#8220; [&hellip;]<\/p>\n","protected":false},"author":1,"featured_media":0,"parent":158219,"menu_order":0,"comment_status":"closed","ping_status":"closed","template":"","meta":{"footnotes":""},"class_list":["post-158260","page","type-page","status-publish","hentry"],"_links":{"self":[{"href":"https:\/\/gaussko.urbangap.dev\/de\/wp-json\/wp\/v2\/pages\/158260","targetHints":{"allow":["GET"]}}],"collection":[{"href":"https:\/\/gaussko.urbangap.dev\/de\/wp-json\/wp\/v2\/pages"}],"about":[{"href":"https:\/\/gaussko.urbangap.dev\/de\/wp-json\/wp\/v2\/types\/page"}],"author":[{"embeddable":true,"href":"https:\/\/gaussko.urbangap.dev\/de\/wp-json\/wp\/v2\/users\/1"}],"replies":[{"embeddable":true,"href":"https:\/\/gaussko.urbangap.dev\/de\/wp-json\/wp\/v2\/comments?post=158260"}],"version-history":[{"count":5,"href":"https:\/\/gaussko.urbangap.dev\/de\/wp-json\/wp\/v2\/pages\/158260\/revisions"}],"predecessor-version":[{"id":158265,"href":"https:\/\/gaussko.urbangap.dev\/de\/wp-json\/wp\/v2\/pages\/158260\/revisions\/158265"}],"up":[{"embeddable":true,"href":"https:\/\/gaussko.urbangap.dev\/de\/wp-json\/wp\/v2\/pages\/158219"}],"wp:attachment":[{"href":"https:\/\/gaussko.urbangap.dev\/de\/wp-json\/wp\/v2\/media?parent=158260"}],"curies":[{"name":"wp","href":"https:\/\/api.w.org\/{rel}","templated":true}]}}