{"id":158244,"date":"2025-05-07T16:43:33","date_gmt":"2025-05-07T14:43:33","guid":{"rendered":"https:\/\/gaussko.urbangap.dev\/produkte-und-dienstleistungen\/entmagnetisierungsdienst\/"},"modified":"2026-03-24T21:52:13","modified_gmt":"2026-03-24T20:52:13","slug":"entmagnetisierungsdienst","status":"publish","type":"page","link":"https:\/\/gaussko.urbangap.dev\/de\/produkte-und-dienstleistungen\/entmagnetisierungsdienst\/","title":{"rendered":"Entmagnetisierungsdienst"},"content":{"rendered":"<div class=\"wpb-content-wrapper\"><p>[vc_row row_height_percent=&#8220;0&#8243; override_padding=&#8220;yes&#8220; h_padding=&#8220;2&#8243; top_padding=&#8220;7&#8243; bottom_padding=&#8220;7&#8243; back_color=&#8220;color-165227&#8243; back_image=&#8220;157012&#8243; overlay_alpha=&#8220;50&#8243; equal_height=&#8220;yes&#8220; gutter_size=&#8220;4&#8243; column_width_percent=&#8220;100&#8243; shift_y=&#8220;0&#8243; z_index=&#8220;0&#8243; content_parallax=&#8220;0&#8243; uncode_shortcode_id=&#8220;746096&#8243; back_color_type=&#8220;uncode-palette&#8220;][vc_column column_width_percent=&#8220;100&#8243; gutter_size=&#8220;3&#8243; style=&#8220;dark&#8220; overlay_alpha=&#8220;50&#8243; shift_x=&#8220;0&#8243; shift_y=&#8220;0&#8243; shift_y_down=&#8220;0&#8243; z_index=&#8220;0&#8243; medium_width=&#8220;0&#8243; mobile_width=&#8220;0&#8243; width=&#8220;1\/1&#8243; uncode_shortcode_id=&#8220;322707&#8243;]<div id=\"vcparticlesbackground_1755697245_853028330\" data-theid=\"vcparticlesbackground_1755697245_853028330\" data-particles-number-value=\"60\" data-particles-density-value=\"600\" data-particles-shape-type=\"Circle\" data-particles-color=\"#0063A0\" data-particles-shape-stroke-color=\"#0063A0\" data-particles-shape-stroke-width=\"0\" data-particles-size-value=\"5\" data-particles-size-random=\"true\" data-particles-size-anim-enable=\"false\" data-particles-opacity-value=\"0.45\" data-particles-opacity-random=\"true\" data-particles-opacity-anim-enable=\"false\" data-particles-move-enabled=\"true\" data-particles-move-direction=\"none\" data-particles-move-random=\"false\" data-particles-move-straight=\"false\" data-particles-move-speed=\"5\" data-particles-move-out-mode=\"bounce\" data-particles-line-linked-enable-auto=\"true\" data-particles-line-linked-distance=\"160\" data-particles-line-linked-color=\"#0063A0\" data-particles-line-linked-opacity=\"0.40\" data-particles-line-linked-width=\"1\" data-particles-interactivity-onhover-enable=\"false\" data-particles-compatibility-customclass=\".boomapps_vcrow, .vc_row, .wpb_row\" data-particles-compatibility-zindex=\"2\" data-particles-shape-image-src=\"\" data-particles-shape-image-width=\"\" data-particles-shape-image-height=\"\" class=\"vc-particles-background\" style=\"display:none;\"><\/div>[uncode_breadcrumbs text_lead=&#8220;small&#8220;][vc_row_inner row_inner_height_percent=&#8220;0&#8243; overlay_alpha=&#8220;50&#8243; gutter_size=&#8220;4&#8243; shift_y=&#8220;0&#8243; z_index=&#8220;0&#8243; uncode_shortcode_id=&#8220;396108&#8243;][vc_column_inner column_width_percent=&#8220;100&#8243; gutter_size=&#8220;3&#8243; style=&#8220;dark&#8220; overlay_alpha=&#8220;50&#8243; shift_x=&#8220;0&#8243; shift_y=&#8220;0&#8243; shift_y_down=&#8220;0&#8243; z_index=&#8220;0&#8243; medium_width=&#8220;0&#8243; mobile_width=&#8220;0&#8243; width=&#8220;1\/2&#8243; uncode_shortcode_id=&#8220;968403&#8243;][vc_custom_heading heading_semantic=&#8220;h1&#8243; text_size=&#8220;h1&#8243; sub_lead=&#8220;yes&#8220; uncode_shortcode_id=&#8220;135517&#8243;]Service[\/vc_custom_heading][vc_column_text uncode_shortcode_id=&#8220;843840&#8243;]Mithilfe modernster Entmagnetisierungstechniken entmagnetisieren unsere Techniker Ihre Teile, egal ob Einzelteile oder Serienprodukte. Standard- und Express-Services sind verf\u00fcgbar.[\/vc_column_text][\/vc_column_inner][vc_column_inner column_width_percent=&#8220;100&#8243; position_vertical=&#8220;middle&#8220; gutter_size=&#8220;3&#8243; overlay_alpha=&#8220;50&#8243; shift_x=&#8220;0&#8243; shift_y=&#8220;0&#8243; shift_y_down=&#8220;0&#8243; z_index=&#8220;0&#8243; medium_width=&#8220;0&#8243; mobile_width=&#8220;0&#8243; width=&#8220;1\/2&#8243; uncode_shortcode_id=&#8220;132564&#8243;][\/vc_column_inner][\/vc_row_inner][\/vc_column][\/vc_row][vc_row row_height_percent=&#8220;0&#8243; override_padding=&#8220;yes&#8220; h_padding=&#8220;2&#8243; top_padding=&#8220;5&#8243; bottom_padding=&#8220;3&#8243; overlay_alpha=&#8220;50&#8243; gutter_size=&#8220;4&#8243; column_width_percent=&#8220;100&#8243; shift_y=&#8220;0&#8243; z_index=&#8220;0&#8243; content_parallax=&#8220;0&#8243; uncode_shortcode_id=&#8220;928184&#8243;][vc_column column_width_percent=&#8220;100&#8243; gutter_size=&#8220;3&#8243; overlay_alpha=&#8220;50&#8243; shift_x=&#8220;0&#8243; shift_y=&#8220;0&#8243; shift_y_down=&#8220;0&#8243; z_index=&#8220;0&#8243; medium_width=&#8220;0&#8243; mobile_width=&#8220;0&#8243; css_animation=&#8220;alpha-anim&#8220; animation_speed=&#8220;1000&#8243; width=&#8220;1\/2&#8243; uncode_shortcode_id=&#8220;554943&#8243;][vc_single_image media=&#8220;158234&#8243; media_width_percent=&#8220;100&#8243; media_ratio=&#8220;one-one&#8220; alignment=&#8220;center&#8220; shape=&#8220;img-round&#8220; radius=&#8220;lg&#8220; uncode_shortcode_id=&#8220;110179&#8243;][\/vc_column][vc_column column_width_percent=&#8220;100&#8243; gutter_size=&#8220;3&#8243; overlay_alpha=&#8220;50&#8243; shift_x=&#8220;0&#8243; shift_y=&#8220;0&#8243; shift_y_down=&#8220;0&#8243; z_index=&#8220;0&#8243; medium_width=&#8220;0&#8243; mobile_width=&#8220;0&#8243; css_animation=&#8220;alpha-anim&#8220; animation_speed=&#8220;1000&#8243; width=&#8220;1\/2&#8243; uncode_shortcode_id=&#8220;162285&#8243;][vc_empty_space empty_h=&#8220;1&#8243; medium_visibility=&#8220;yes&#8220; mobile_visibility=&#8220;yes&#8220;][vc_custom_heading text_size=&#8220;&#8220; uncode_shortcode_id=&#8220;177395&#8243;]Entmagnetisierung in unseren Labors (intern)[\/vc_custom_heading][vc_column_text uncode_shortcode_id=&#8220;102539&#8243;]GaussKO bietet Entmagnetisierungsdienste in seinen Einrichtungen in Gussago (Brescia, Italien) und Villa d&#8217;Adda (Bergamo, Italien) an.<\/p>\n<p>Dieser Service ist ideal f\u00fcr kleine Serien oder Muster mit Restmagnetismus, die bestimmte Grenzwerte einhalten m\u00fcssen. Neben der Entmagnetisierung wird das Verfahren h\u00e4ufig genutzt, um Teile auf Magnetismus zu analysieren und ma\u00dfgeschneiderte Entmagnetisierungsverfahren f\u00fcr die k\u00fcnftige Serienproduktion zu entwickeln.[\/vc_column_text][\/vc_column][\/vc_row][vc_row row_height_percent=&#8220;0&#8243; override_padding=&#8220;yes&#8220; h_padding=&#8220;2&#8243; top_padding=&#8220;3&#8243; bottom_padding=&#8220;3&#8243; overlay_alpha=&#8220;50&#8243; gutter_size=&#8220;4&#8243; column_width_percent=&#8220;100&#8243; shift_y=&#8220;0&#8243; z_index=&#8220;0&#8243; inverted_device_order=&#8220;yes&#8220; content_parallax=&#8220;0&#8243; uncode_shortcode_id=&#8220;611416&#8243;][vc_column column_width_percent=&#8220;100&#8243; gutter_size=&#8220;3&#8243; overlay_alpha=&#8220;50&#8243; shift_x=&#8220;0&#8243; shift_y=&#8220;0&#8243; shift_y_down=&#8220;0&#8243; z_index=&#8220;0&#8243; medium_width=&#8220;0&#8243; mobile_width=&#8220;0&#8243; css_animation=&#8220;alpha-anim&#8220; animation_speed=&#8220;1000&#8243; width=&#8220;1\/2&#8243; uncode_shortcode_id=&#8220;103985&#8243;][vc_empty_space empty_h=&#8220;1&#8243; medium_visibility=&#8220;yes&#8220; mobile_visibility=&#8220;yes&#8220;][vc_custom_heading text_size=&#8220;&#8220; uncode_shortcode_id=&#8220;198087&#8243;]Vor-Ort-Entmagnetisierung[\/vc_custom_heading][vc_column_text uncode_shortcode_id=&#8220;696099&#8243;]Die Vor-Ort-Entmagnetisierung beim Kunden ist f\u00fcr alle Situationen verf\u00fcgbar, in denen Bauteile oder Maschinen nicht leicht bewegt werden k\u00f6nnen oder wenn die Zeit ein kritischer Faktor ist.<\/p>\n<p>GaussKO setzt je nach Anwendung verschiedene Entmagnetisierer ein, darunter die hochpr\u00e4zise Sinus-Impuls-Entmagnetisierung mit niedriger Frequenz, die die mit induzierten Spannungen oder Str\u00f6men verbundenen Risiken minimiert. <br \/>Mit dieser Methode k\u00f6nnen kritische Bauteile, wie z.B. Servomotoren und Sensoren, installiert bleiben und m\u00fcssen nur w\u00e4hrend des Prozesses deaktiviert werden.<\/p>\n<p>Beispiele f\u00fcr Vor-Ort-Entmagnetisierungdienstleistungen sind:<\/p>\n<ul>\n<li>Entmagnetisierung von gro\u00dfen Kompressorbauteilen<\/li>\n<li>Entmagnetisierung von NC-Maschinen, Spannsystemen und Werkzeugen<\/li>\n<li>Entmagnetisierung von Stabstahl, sowohl im eingebauten Zustand als auch vor dem Einbetonieren<\/li>\n<li>Einhaltung von Restmagnetismus-Grenzwerten in Stahlprodukten<\/li>\n<li>Unterst\u00fctzung beim Schwei\u00dfen von unterirdischen Rohren<\/li>\n<li>Entmagnetisierung von Stanzwerkzeugen und Schneidwerkzeugen<\/li>\n<li>Beseitigung von Restmagnetismus zur Vermeidung von Spannungsproblemen in Wellen<\/li>\n<li>Unterst\u00fctzung beim Schwei\u00dfen komplexer Strukturen<\/li>\n<\/ul>\n<p>[\/vc_column_text][\/vc_column][vc_column column_width_percent=&#8220;100&#8243; gutter_size=&#8220;3&#8243; overlay_alpha=&#8220;50&#8243; shift_x=&#8220;0&#8243; shift_y=&#8220;0&#8243; shift_y_down=&#8220;0&#8243; z_index=&#8220;0&#8243; medium_width=&#8220;0&#8243; mobile_width=&#8220;0&#8243; css_animation=&#8220;alpha-anim&#8220; animation_speed=&#8220;1000&#8243; width=&#8220;1\/2&#8243; uncode_shortcode_id=&#8220;758964&#8243;][vc_single_image media=&#8220;158235&#8243; media_width_percent=&#8220;100&#8243; media_ratio=&#8220;one-one&#8220; alignment=&#8220;center&#8220; shape=&#8220;img-round&#8220; radius=&#8220;lg&#8220; uncode_shortcode_id=&#8220;170961&#8243;][\/vc_column][\/vc_row][vc_row row_height_percent=&#8220;0&#8243; override_padding=&#8220;yes&#8220; h_padding=&#8220;2&#8243; top_padding=&#8220;3&#8243; bottom_padding=&#8220;5&#8243; overlay_alpha=&#8220;50&#8243; gutter_size=&#8220;4&#8243; column_width_percent=&#8220;100&#8243; shift_y=&#8220;0&#8243; z_index=&#8220;0&#8243; content_parallax=&#8220;0&#8243; uncode_shortcode_id=&#8220;205089&#8243;][vc_column column_width_percent=&#8220;100&#8243; gutter_size=&#8220;3&#8243; overlay_alpha=&#8220;50&#8243; shift_x=&#8220;0&#8243; shift_y=&#8220;0&#8243; shift_y_down=&#8220;0&#8243; z_index=&#8220;0&#8243; medium_width=&#8220;0&#8243; mobile_width=&#8220;0&#8243; css_animation=&#8220;alpha-anim&#8220; animation_speed=&#8220;1000&#8243; width=&#8220;1\/2&#8243; uncode_shortcode_id=&#8220;125066&#8243;][vc_single_image media=&#8220;158236&#8243; media_width_percent=&#8220;100&#8243; media_ratio=&#8220;one-one&#8220; alignment=&#8220;center&#8220; shape=&#8220;img-round&#8220; radius=&#8220;lg&#8220; uncode_shortcode_id=&#8220;591846&#8243;][\/vc_column][vc_column column_width_percent=&#8220;100&#8243; gutter_size=&#8220;3&#8243; overlay_alpha=&#8220;50&#8243; shift_x=&#8220;0&#8243; shift_y=&#8220;0&#8243; shift_y_down=&#8220;0&#8243; z_index=&#8220;0&#8243; medium_width=&#8220;0&#8243; mobile_width=&#8220;0&#8243; css_animation=&#8220;alpha-anim&#8220; animation_speed=&#8220;1000&#8243; width=&#8220;1\/2&#8243; uncode_shortcode_id=&#8220;502114&#8243;][vc_empty_space empty_h=&#8220;1&#8243; medium_visibility=&#8220;yes&#8220; mobile_visibility=&#8220;yes&#8220;][vc_custom_heading text_size=&#8220;&#8220; uncode_shortcode_id=&#8220;186723&#8243;]Vermietung von Entmagnetisierern[\/vc_custom_heading][vc_column_text uncode_shortcode_id=&#8220;204694&#8243;]GaussKO bietet industrielle und mobile Entmagnetisierer zum Mieten an, mit ma\u00dfgeschneiderten L\u00f6sungen f\u00fcr spezifische Kundenanforderungen. <\/p>\n<p>Mietger\u00e4te sind f\u00fcr kurze oder l\u00e4ngere Zeitr\u00e4ume verf\u00fcgbar, mit Inbetriebnahme, Schulung und Einweisung vor Ort.[\/vc_column_text][\/vc_column][\/vc_row][vc_row row_height_percent=&#8220;0&#8243; override_padding=&#8220;yes&#8220; h_padding=&#8220;2&#8243; top_padding=&#8220;5&#8243; bottom_padding=&#8220;0&#8243; overlay_alpha=&#8220;50&#8243; gutter_size=&#8220;3&#8243; column_width_use_pixel=&#8220;yes&#8220; shift_y=&#8220;0&#8243; z_index=&#8220;2&#8243; top_divider=&#8220;gradient&#8220; enable_bottom_divider=&#8220;default&#8220; bottom_divider=&#8220;step&#8220; shape_bottom_h_use_pixel=&#8220;&#8220; shape_bottom_height=&#8220;96&#8243; shape_bottom_color=&#8220;color-165227&#8243; shape_bottom_opacity=&#8220;100&#8243; shape_bottom_index=&#8220;1&#8243; content_parallax=&#8220;0&#8243; uncode_shortcode_id=&#8220;626051&#8243; back_color_type=&#8220;uncode-solid&#8220; shape_bottom_color_type=&#8220;uncode-palette&#8220; back_color_solid=&#8220;#0b1a35&#8243; el_id=&#8220;modulo-contatti&#8220;][vc_column column_width_percent=&#8220;100&#8243; gutter_size=&#8220;3&#8243; overlay_alpha=&#8220;50&#8243; shift_x=&#8220;0&#8243; shift_y=&#8220;0&#8243; shift_y_down=&#8220;0&#8243; z_index=&#8220;0&#8243; medium_width=&#8220;0&#8243; mobile_width=&#8220;0&#8243; width=&#8220;1\/1&#8243; uncode_shortcode_id=&#8220;491323&#8243;]<div id=\"vcparticlesbackground_1755697245_853028331\" data-theid=\"vcparticlesbackground_1755697245_853028331\" data-particles-number-value=\"30\" data-particles-density-value=\"400\" data-particles-shape-type=\"Circle\" data-particles-color=\"#E41E2F\" data-particles-shape-stroke-color=\"#E41E2F\" data-particles-shape-stroke-width=\"0\" data-particles-size-value=\"2\" data-particles-size-random=\"true\" data-particles-size-anim-enable=\"false\" data-particles-opacity-value=\"0.55\" data-particles-opacity-random=\"true\" data-particles-opacity-anim-enable=\"false\" data-particles-move-enabled=\"true\" data-particles-move-direction=\"none\" data-particles-move-random=\"false\" data-particles-move-straight=\"false\" data-particles-move-speed=\"5\" data-particles-move-out-mode=\"bounce\" data-particles-line-linked-enable-auto=\"true\" data-particles-line-linked-distance=\"150\" data-particles-line-linked-color=\"#E41E2F\" data-particles-line-linked-opacity=\"0.40\" data-particles-line-linked-width=\"1\" data-particles-interactivity-onhover-enable=\"false\" data-particles-compatibility-customclass=\".boomapps_vcrow, .vc_row, .wpb_row\" data-particles-compatibility-zindex=\"2\" data-particles-shape-image-src=\"\" data-particles-shape-image-width=\"\" data-particles-shape-image-height=\"\" class=\"vc-particles-background\" style=\"display:none;\"><\/div>[vc_row_inner][vc_column_inner column_width_use_pixel=&#8220;yes&#8220; position_horizontal=&#8220;left&#8220; gutter_size=&#8220;3&#8243; style=&#8220;dark&#8220; overlay_alpha=&#8220;50&#8243; shift_x=&#8220;0&#8243; shift_y=&#8220;0&#8243; shift_y_down=&#8220;0&#8243; z_index=&#8220;0&#8243; medium_width=&#8220;0&#8243; mobile_width=&#8220;0&#8243; width=&#8220;1\/2&#8243; uncode_shortcode_id=&#8220;171322&#8243; column_width_pixel=&#8220;480&#8243;][vc_empty_space empty_h=&#8220;1&#8243; medium_visibility=&#8220;yes&#8220; mobile_visibility=&#8220;yes&#8220;][vc_custom_heading text_size=&#8220;&#8220; uncode_shortcode_id=&#8220;119446&#8243;]Kontaktieren Sie uns f\u00fcr ein individuelles Angebot[\/vc_custom_heading][vc_column_text uncode_shortcode_id=&#8220;118587&#8243;]Wir setzen uns mit Ihnen in Verbindung, um Ihre konkreten Bed\u00fcrfnisse zu besprechen und Ihnen die ideale L\u00f6sung anzubieten.[\/vc_column_text][\/vc_column_inner][vc_column_inner column_width_percent=&#8220;100&#8243; gutter_size=&#8220;3&#8243; override_padding=&#8220;yes&#8220; column_padding=&#8220;3&#8243; back_color=&#8220;color-xsdn&#8220; overlay_alpha=&#8220;50&#8243; radius=&#8220;lg&#8220; shadow=&#8220;std&#8220; shift_x=&#8220;0&#8243; shift_y=&#8220;0&#8243; shift_y_down=&#8220;0&#8243; z_index=&#8220;0&#8243; medium_width=&#8220;0&#8243; mobile_width=&#8220;0&#8243; width=&#8220;1\/2&#8243; uncode_shortcode_id=&#8220;164176&#8243; back_color_type=&#8220;uncode-palette&#8220;]\n<div class=\"wpcf7 no-js\" id=\"wpcf7-f158606-o1\" lang=\"de-DE\" dir=\"ltr\" data-wpcf7-id=\"158606\">\n<div class=\"screen-reader-response\"><p role=\"status\" aria-live=\"polite\" aria-atomic=\"true\"><\/p> <ul><\/ul><\/div>\n<form action=\"\/de\/wp-json\/wp\/v2\/pages\/158244#wpcf7-f158606-o1\" method=\"post\" class=\"wpcf7-form init input-underline\" aria-label=\"Kontaktformular\" novalidate=\"novalidate\" data-status=\"init\">\n<fieldset class=\"hidden-fields-container\"><input type=\"hidden\" name=\"_wpcf7\" value=\"158606\" \/><input type=\"hidden\" name=\"_wpcf7_version\" value=\"6.1.5\" \/><input type=\"hidden\" name=\"_wpcf7_locale\" value=\"de_DE\" \/><input type=\"hidden\" name=\"_wpcf7_unit_tag\" value=\"wpcf7-f158606-o1\" \/><input type=\"hidden\" name=\"_wpcf7_container_post\" value=\"0\" \/><input type=\"hidden\" name=\"_wpcf7_posted_data_hash\" value=\"\" \/>\n<\/fieldset>\n<div class=\"wpcf7-inline-wrapper\">\n\t<p class=\"wpcf7-inline-field\"><span class=\"wpcf7-form-control-wrap\" data-name=\"nome\"><input size=\"40\" maxlength=\"400\" class=\"wpcf7-form-control wpcf7-text wpcf7-validates-as-required\" aria-required=\"true\" aria-invalid=\"false\" placeholder=\"Name\" value=\"\" type=\"text\" name=\"nome\" \/><\/span>\n\t<\/p>\n\t<p class=\"wpcf7-inline-field\"><span class=\"wpcf7-form-control-wrap\" data-name=\"cognome\"><input size=\"40\" maxlength=\"400\" class=\"wpcf7-form-control wpcf7-text wpcf7-validates-as-required form-fluid\" aria-required=\"true\" aria-invalid=\"false\" placeholder=\"Nachname\" value=\"\" type=\"text\" name=\"cognome\" \/><\/span>\n\t<\/p>\n<\/div>\n<div class=\"wpcf7-inline-wrapper\">\n\t<p class=\"wpcf7-inline-field\"><span class=\"wpcf7-form-control-wrap\" data-name=\"email\"><input size=\"40\" maxlength=\"400\" class=\"wpcf7-form-control wpcf7-email wpcf7-validates-as-required wpcf7-text wpcf7-validates-as-email\" aria-required=\"true\" aria-invalid=\"false\" placeholder=\"E-Mail\" value=\"\" type=\"email\" name=\"email\" \/><\/span>\n\t<\/p>\n\t<p class=\"wpcf7-inline-field\"><span class=\"wpcf7-form-control-wrap\" data-name=\"telefono\"><input size=\"40\" maxlength=\"400\" class=\"wpcf7-form-control wpcf7-text wpcf7-validates-as-required form-fluid\" aria-required=\"true\" aria-invalid=\"false\" placeholder=\"Telefon\" value=\"\" type=\"text\" name=\"telefono\" \/><\/span>\n\t<\/p>\n<\/div>\n<p><span class=\"wpcf7-form-control-wrap\" data-name=\"your-message\"><textarea cols=\"40\" rows=\"8\" maxlength=\"2000\" class=\"wpcf7-form-control wpcf7-textarea\" aria-invalid=\"false\" placeholder=\"Nachricht\" name=\"your-message\"><\/textarea><\/span>\n<\/p>\n<p><span class=\"wpcf7-form-control-wrap\" data-name=\"acceptance-476\"><span class=\"wpcf7-form-control wpcf7-acceptance optional\"><span class=\"wpcf7-list-item\"><label><input type=\"checkbox\" name=\"acceptance-476\" value=\"1\" aria-invalid=\"false\" \/><span class=\"wpcf7-list-item-label\">Ich habe die Datenschutzbestimmungen gelesen und stimme der Verarbeitung meiner personenbezogenen Daten zum Erhalt der angeforderten Informationen zu (erforderlich).<\/span><\/label><\/span><\/span><\/span>\n<\/p>\n<p><input class=\"wpcf7-form-control wpcf7-submit has-spinner btn btn-accent btn-circle btn-lg\" type=\"submit\" value=\"Schicken\" \/>\n<\/p><div class=\"wpcf7-response-output\" aria-hidden=\"true\"><\/div>\n<\/form>\n<\/div>\n[\/vc_column_inner][\/vc_row_inner][\/vc_column][\/vc_row]<\/p>\n<\/div>","protected":false},"excerpt":{"rendered":"<p>[vc_row row_height_percent=&#8220;0&#8243; override_padding=&#8220;yes&#8220; h_padding=&#8220;2&#8243; top_padding=&#8220;7&#8243; bottom_padding=&#8220;7&#8243; back_color=&#8220;color-165227&#8243; back_image=&#8220;157012&#8243; overlay_alpha=&#8220;50&#8243; equal_height=&#8220;yes&#8220; gutter_size=&#8220;4&#8243; column_width_percent=&#8220;100&#8243; shift_y=&#8220;0&#8243; z_index=&#8220;0&#8243; content_parallax=&#8220;0&#8243; uncode_shortcode_id=&#8220;746096&#8243; back_color_type=&#8220;uncode-palette&#8220;][vc_column column_width_percent=&#8220;100&#8243; gutter_size=&#8220;3&#8243; style=&#8220;dark&#8220; [&hellip;]<\/p>\n","protected":false},"author":1,"featured_media":0,"parent":158219,"menu_order":0,"comment_status":"closed","ping_status":"closed","template":"","meta":{"footnotes":""},"class_list":["post-158244","page","type-page","status-publish","hentry"],"_links":{"self":[{"href":"https:\/\/gaussko.urbangap.dev\/de\/wp-json\/wp\/v2\/pages\/158244","targetHints":{"allow":["GET"]}}],"collection":[{"href":"https:\/\/gaussko.urbangap.dev\/de\/wp-json\/wp\/v2\/pages"}],"about":[{"href":"https:\/\/gaussko.urbangap.dev\/de\/wp-json\/wp\/v2\/types\/page"}],"author":[{"embeddable":true,"href":"https:\/\/gaussko.urbangap.dev\/de\/wp-json\/wp\/v2\/users\/1"}],"replies":[{"embeddable":true,"href":"https:\/\/gaussko.urbangap.dev\/de\/wp-json\/wp\/v2\/comments?post=158244"}],"version-history":[{"count":3,"href":"https:\/\/gaussko.urbangap.dev\/de\/wp-json\/wp\/v2\/pages\/158244\/revisions"}],"predecessor-version":[{"id":158247,"href":"https:\/\/gaussko.urbangap.dev\/de\/wp-json\/wp\/v2\/pages\/158244\/revisions\/158247"}],"up":[{"embeddable":true,"href":"https:\/\/gaussko.urbangap.dev\/de\/wp-json\/wp\/v2\/pages\/158219"}],"wp:attachment":[{"href":"https:\/\/gaussko.urbangap.dev\/de\/wp-json\/wp\/v2\/media?parent=158244"}],"curies":[{"name":"wp","href":"https:\/\/api.w.org\/{rel}","templated":true}]}}