{"id":158203,"date":"2025-04-29T17:38:15","date_gmt":"2025-04-29T15:38:15","guid":{"rendered":"https:\/\/gaussko.urbangap.dev\/faq\/"},"modified":"2026-03-24T15:32:12","modified_gmt":"2026-03-24T14:32:12","slug":"faq","status":"publish","type":"page","link":"https:\/\/gaussko.urbangap.dev\/de\/faq\/","title":{"rendered":"Faq"},"content":{"rendered":"<div class=\"wpb-content-wrapper\"><p>[vc_row row_height_percent=&#8220;0&#8243; override_padding=&#8220;yes&#8220; h_padding=&#8220;2&#8243; top_padding=&#8220;7&#8243; bottom_padding=&#8220;7&#8243; back_color=&#8220;color-165227&#8243; back_image=&#8220;157012&#8243; overlay_alpha=&#8220;50&#8243; equal_height=&#8220;yes&#8220; gutter_size=&#8220;4&#8243; column_width_percent=&#8220;100&#8243; shift_y=&#8220;0&#8243; z_index=&#8220;0&#8243; content_parallax=&#8220;0&#8243; uncode_shortcode_id=&#8220;204839&#8243; back_color_type=&#8220;uncode-palette&#8220;][vc_column column_width_percent=&#8220;100&#8243; gutter_size=&#8220;3&#8243; style=&#8220;dark&#8220; overlay_alpha=&#8220;50&#8243; shift_x=&#8220;0&#8243; shift_y=&#8220;0&#8243; shift_y_down=&#8220;0&#8243; z_index=&#8220;0&#8243; medium_width=&#8220;0&#8243; mobile_width=&#8220;0&#8243; width=&#8220;1\/1&#8243; uncode_shortcode_id=&#8220;322707&#8243;]<div id=\"vcparticlesbackground_1755697245_853028330\" data-theid=\"vcparticlesbackground_1755697245_853028330\" data-particles-number-value=\"60\" data-particles-density-value=\"600\" data-particles-shape-type=\"Circle\" data-particles-color=\"#0063A0\" data-particles-shape-stroke-color=\"#0063A0\" data-particles-shape-stroke-width=\"0\" data-particles-size-value=\"5\" data-particles-size-random=\"true\" data-particles-size-anim-enable=\"false\" data-particles-opacity-value=\"0.45\" data-particles-opacity-random=\"true\" data-particles-opacity-anim-enable=\"false\" data-particles-move-enabled=\"true\" data-particles-move-direction=\"none\" data-particles-move-random=\"false\" data-particles-move-straight=\"false\" data-particles-move-speed=\"5\" data-particles-move-out-mode=\"bounce\" data-particles-line-linked-enable-auto=\"true\" data-particles-line-linked-distance=\"160\" data-particles-line-linked-color=\"#0063A0\" data-particles-line-linked-opacity=\"0.40\" data-particles-line-linked-width=\"1\" data-particles-interactivity-onhover-enable=\"false\" data-particles-compatibility-customclass=\".boomapps_vcrow, .vc_row, .wpb_row\" data-particles-compatibility-zindex=\"2\" data-particles-shape-image-src=\"\" data-particles-shape-image-width=\"\" data-particles-shape-image-height=\"\" class=\"vc-particles-background\" style=\"display:none;\"><\/div>[vc_row_inner row_inner_height_percent=&#8220;0&#8243; overlay_alpha=&#8220;50&#8243; gutter_size=&#8220;4&#8243; shift_y=&#8220;0&#8243; z_index=&#8220;0&#8243; uncode_shortcode_id=&#8220;396108&#8243;][vc_column_inner column_width_percent=&#8220;100&#8243; gutter_size=&#8220;3&#8243; style=&#8220;dark&#8220; overlay_alpha=&#8220;50&#8243; shift_x=&#8220;0&#8243; shift_y=&#8220;0&#8243; shift_y_down=&#8220;0&#8243; z_index=&#8220;0&#8243; medium_width=&#8220;0&#8243; mobile_width=&#8220;0&#8243; width=&#8220;1\/2&#8243; uncode_shortcode_id=&#8220;137074&#8243;][vc_custom_heading heading_semantic=&#8220;h1&#8243; text_size=&#8220;h1&#8243; sub_lead=&#8220;yes&#8220; uncode_shortcode_id=&#8220;506545&#8243;]H\u00e4ufig gestellte Fragen[\/vc_custom_heading][vc_column_text uncode_shortcode_id=&#8220;155881&#8243;]Sie m\u00fcssen Stahlteile waschen, aber Metallstaub bleibt am Teil haften? Dann haben Sie ein Problem mit Restmagnetismus! Wenn Stahlteile magnetisiert sind, verhalten sie sich wie Magnete und ziehen Eisenstaub an.[\/vc_column_text][\/vc_column_inner][vc_column_inner column_width_percent=&#8220;100&#8243; position_vertical=&#8220;middle&#8220; gutter_size=&#8220;3&#8243; override_padding=&#8220;yes&#8220; column_padding=&#8220;3&#8243; overlay_alpha=&#8220;50&#8243; radius=&#8220;lg&#8220; shift_x=&#8220;0&#8243; shift_y=&#8220;0&#8243; shift_y_down=&#8220;0&#8243; z_index=&#8220;0&#8243; medium_width=&#8220;0&#8243; mobile_width=&#8220;0&#8243; width=&#8220;1\/2&#8243; uncode_shortcode_id=&#8220;176458&#8243;][\/vc_column_inner][\/vc_row_inner][\/vc_column][\/vc_row][vc_row row_height_percent=&#8220;0&#8243; override_padding=&#8220;yes&#8220; h_padding=&#8220;2&#8243; top_padding=&#8220;5&#8243; bottom_padding=&#8220;5&#8243; overlay_alpha=&#8220;50&#8243; gutter_size=&#8220;3&#8243; column_width_percent=&#8220;100&#8243; shift_y=&#8220;0&#8243; z_index=&#8220;0&#8243; content_parallax=&#8220;0&#8243; uncode_shortcode_id=&#8220;882683&#8243;][vc_column width=&#8220;1\/1&#8243;][vc_accordion typography=&#8220;advanced&#8220; gutter_simple=&#8220;0&#8243; heading_semantic=&#8220;h3&#8243; titles_size=&#8220;h4&#8243; titles_weight=&#8220;500&#8243; uncode_shortcode_id=&#8220;206245&#8243; active_tab=&#8220;0&#8243;][vc_accordion_tab gutter_size=&#8220;2&#8243; column_padding=&#8220;2&#8243; title=&#8220;Wann ist ein Werkst\u00fcck magnetisiert?&#8220; tab_id=&#8220;1745941096-1-7&#8243;][vc_column_text uncode_shortcode_id=&#8220;497909&#8243;]Ein Werkst\u00fcck gilt als magnetisiert, wenn es selbst ein mehr oder weniger starker Magnet ist. In der Praxis bedeutet dies, dass es die Kraft hat, eisenhaltige (ferromagnetische) Partikel anzuziehen. Es gibt noch viele andere Effekte, die mit einem magnetischen Werkst\u00fcck zusammenh\u00e4ngen, aber dies ist der offensichtlichste.[\/vc_column_text][\/vc_accordion_tab][vc_accordion_tab gutter_size=&#8220;2&#8243; column_padding=&#8220;2&#8243; title=&#8220;Was ist ein ferromagnetisches Material?&#8220; tab_id=&#8220;1745941096-2-23&#8243;][vc_column_text uncode_shortcode_id=&#8220;474235&#8243;]Ein ferromagnetisches Material ist ein Werkstoff, der auf ein \u00e4u\u00dferes Magnetfeld reagiert. Ein Material, das von einem Magneten oder magnetisiertem Material angezogen wird oder diesen bzw. dieses anzieht, ist ferromagnetisch. Fast alle St\u00e4hle, mit Ausnahme der meisten Edelst\u00e4hle, und Gusseisen sind ferromagnetisch.[\/vc_column_text][\/vc_accordion_tab][vc_accordion_tab gutter_size=&#8220;2&#8243; column_padding=&#8220;2&#8243; title=&#8220;Was bedeutet Entmagnetisierung?&#8220; tab_id=&#8220;1745941317690-2-5&#8243;][vc_column_text uncode_shortcode_id=&#8220;148841&#8243;]Es bedeutet, dass das ferromagnetische Material seinen Restmagnetismus verliert und seine Anziehungskraft auf Eisenpartikel verringert.[\/vc_column_text][\/vc_accordion_tab][vc_accordion_tab gutter_size=&#8220;2&#8243; column_padding=&#8220;2&#8243; title=&#8220;Warum wird es magnetisch?&#8220; tab_id=&#8220;1745941353498-3-9&#8243;][vc_column_text uncode_shortcode_id=&#8220;185693&#8243;]Ein Bauteil aus ferromagnetischem Material kann durch verschiedene Ursachen magnetisiert werden, darunter:<\/p>\n<ul>\n<li>Ann\u00e4herung an einen Magneten (z. B. Lasthebemagnete, magnetische Verankerungsfl\u00e4chen beim Schleifen usw.)<\/li>\n<li>Ann\u00e4herung an ein magnetisiertes ferromagnetisches Werkst\u00fcck (z. B. bei der Lagerung, beim Transport usw.)<\/li>\n<li>Stromdurchgang durch das Werkst\u00fcck<br \/>Zerst\u00f6rungsfreie Pr\u00fcfung (Magnetoskopie, induzierte Str\u00f6me usw.)<\/li>\n<li>Ausrichtung eines langen Werkst\u00fccks entlang der Nord-S\u00fcd-Achse<\/li>\n<li>Mechanische Bearbeitung (Schneiden, Biegen usw.)<\/li>\n<\/ul>\n<p>[\/vc_column_text][\/vc_accordion_tab][vc_accordion_tab gutter_size=&#8220;2&#8243; column_padding=&#8220;2&#8243; title=&#8220;Kann sich ein Werkst\u00fcck nach dem Entmagnetisieren erneut magnetisieren?&#8220; tab_id=&#8220;1745941510524-4-8&#8243;][vc_column_text uncode_shortcode_id=&#8220;631489&#8243;]Wenn ein Werkst\u00fcck entmagnetisiert wird, verliert es nicht die F\u00e4higkeit, sich wieder zu magnetisieren: Wenn die Ursache der ersten Magnetisierung nicht beseitigt wird, wird es sich wieder magnetisieren. Wenn au\u00dferdem nur ein Teil des Werkst\u00fccks entmagnetisiert wird (z. B. nur ein Ende oder nur die \u00e4u\u00dfersten Schichten), werden die verbleibenden magnetischen Bereiche die entmagnetisierten Bereiche wieder magnetisieren.[\/vc_column_text][\/vc_accordion_tab][vc_accordion_tab gutter_size=&#8220;2&#8243; column_padding=&#8220;2&#8243; title=&#8220;Kann ein Werkst\u00fcck nach der Entmagnetisierung erneut magnetisiert werden?&#8220; tab_id=&#8220;1745941528529-5-5&#8243;][vc_column_text uncode_shortcode_id=&#8220;128511&#8243;]Ja.[\/vc_column_text][\/vc_accordion_tab][vc_accordion_tab gutter_size=&#8220;2&#8243; column_padding=&#8220;2&#8243; title=&#8220;Ich habe ein Werkst\u00fcck, das von einem Magneten angezogen wird oder einen Magneten anzieht. Wie wird es sich nach der Entmagnetisierung verhalten? &#8220; tab_id=&#8220;1745941554835-6-1&#8243;][vc_column_text uncode_shortcode_id=&#8220;126378&#8243;]Dieser Zustand wird sich nicht \u00e4ndern: Es wird weiterhin vom Magneten angezogen werden oder ihn anziehen. Was wir \u00e4ndern, ist die F\u00e4higkeit, Eisenpartikel oder Eisenteile anzuziehen.[\/vc_column_text][\/vc_accordion_tab][vc_accordion_tab gutter_size=&#8220;2&#8243; column_padding=&#8220;2&#8243; title=&#8220;Ich habe ein Rohr \/ Stab entmagnetisiert. Nach einer Weile hat sie sich selbst wieder magnetisiert. Warum?  &#8220; tab_id=&#8220;1745941573273-7-4&#8243;][vc_column_text uncode_shortcode_id=&#8220;278629&#8243;]Wenn das Rohr \/ der Stab nur teilweise und nicht auf seiner gesamten L\u00e4nge entmagnetisiert wurde, dann wird der nicht entmagnetisierte Bereich den behandelten Bereich erneut magnetisieren. Wenn das Rohr \/ der Stab \u00fcber seine gesamte L\u00e4nge entmagnetisiert wurde, ist es m\u00f6glich, dass es\/er nur scheinbar, d. h. nur an der Oberfl\u00e4che, entmagnetisiert wurde. Der unter der Oberfl\u00e4che liegende Bereich wird also den oberfl\u00e4chlichen Bereich erneut magnetisieren.[\/vc_column_text][\/vc_accordion_tab][vc_accordion_tab gutter_size=&#8220;2&#8243; column_padding=&#8220;2&#8243; title=&#8220;Was ist der Unterschied zwischen einem magnetischen, einem magnetisierten und einem ferromagnetischen Werkst\u00fcck?&#8220; tab_id=&#8220;1745941601589-8-3&#8243;][vc_column_text uncode_shortcode_id=&#8220;778087&#8243;]Magnetisch bedeutet soviel wie magnetisiert. Sie sind Synonyme. Ferromagnetisch bedeutet, dass Magnete und andere magnetische Teile angezogen werden k\u00f6nnen oder anziehend wirken.<br \/>[\/vc_column_text][\/vc_accordion_tab][vc_accordion_tab gutter_size=&#8220;2&#8243; column_padding=&#8220;2&#8243; title=&#8220;Wie kann ich eines meiner Werkst\u00fccke \u201enicht magnetisierbar\u201c, nicht ferromagnetisch machen?&#8220; tab_id=&#8220;1745941824007-9-1&#8243;][vc_column_text uncode_shortcode_id=&#8220;869948&#8243;]Das ist nicht m\u00f6glich.[\/vc_column_text][\/vc_accordion_tab][vc_accordion_tab gutter_size=&#8220;2&#8243; column_padding=&#8220;2&#8243; title=&#8220;Ich habe ein Werkst\u00fcck sehr gut entmagnetisiert. Nach der mechanischen Bearbeitung ist es jedoch stark magnetisiert. Warum?  &#8220; tab_id=&#8220;1745941846346-10-8&#8243;][vc_column_text uncode_shortcode_id=&#8220;450371&#8243;]Mechanische Bearbeitungsvorg\u00e4nge k\u00f6nnen ein Werkst\u00fcck magnetisieren. Es ist auch m\u00f6glich, dass das Werkst\u00fcck nicht so gut entmagnetisiert war: Ein Ring kann zum Beispiel perfekt entmagnetisiert erscheinen, aber wenn man ihn schneidet, kann an der Oberfl\u00e4che ein Magnetfeld entstehen, das innerhalb der Oberfl\u00e4che eingeschlossen war.[\/vc_column_text][\/vc_accordion_tab][vc_accordion_tab gutter_size=&#8220;2&#8243; column_padding=&#8220;2&#8243; title=&#8220;Wie wird der Restmagnetismus gemessen?&#8220; tab_id=&#8220;1745941864433-11-9&#8243;][vc_column_text uncode_shortcode_id=&#8220;506635&#8243;]Es ist m\u00f6glich, den aus dem Werkst\u00fcck austretenden Restmagnetismus zu messen. Leider ist es nicht m\u00f6glich, den Restmagnetismus zu messen, der im Werkst\u00fcck verbleibt und erst nach der mechanischen Bearbeitung \u201efreigelegt\u201c wird. Die genaueste Art, den Restmagnetismus zu messen, ist die Verwendung eines digitalen Messger\u00e4ts, eines sogenannten Gau\u00dfmeters oder Teslameters. Besonders bei gro\u00dfen Werkst\u00fccken sind analoge Magnetfeldanzeiger, sogenannte Gau\u00dftests, sehr praktisch. Eine einfache, aber ungef\u00e4hre Methode ist die Verwendung von Stahlklammern, die \u00fcbereinander gestapelt werden: Wenn sie vom Werkst\u00fcck angezogen werden, dann hat das Werkst\u00fcck einen magnetischen R\u00fcckstand, der in dem Bereich aus der Oberfl\u00e4che austritt.[\/vc_column_text][\/vc_accordion_tab][vc_accordion_tab gutter_size=&#8220;2&#8243; column_padding=&#8220;2&#8243; title=&#8220;Ich kann mir die Investition in ein Entmagnetisierungssystem f\u00fcr ein einziges Werkst\u00fcck nicht leisten. Was kann ich tun? &#8220; tab_id=&#8220;1745941882871-12-5&#8243;][vc_column_text uncode_shortcode_id=&#8220;443924&#8243;]Unser Team steht Ihnen zur Verf\u00fcgung, um Ihre Bauteile zu entmagnetisieren, entweder bei uns oder bei Ihnen vor Ort.[\/vc_column_text][\/vc_accordion_tab][vc_accordion_tab gutter_size=&#8220;2&#8243; column_padding=&#8220;2&#8243; title=&#8220;Wie viele verschiedene Namen haben Ihre Systeme in den verschiedenen italienischen Regionen?&#8220; tab_id=&#8220;1745941903510-13-0&#8243;][vc_column_text uncode_shortcode_id=&#8220;213705&#8243;]Nella nostra carriera professionale abbiamo visitato aziende in tutta Italia, da nord a sud isole comprese. Troviamo i seguenti appellativi in ordine di frequenza: Smagnetizzatore, Demagnetizzatore, Scalamitatore, Scalamizzatore, Scalamitatrice. Curiosamente, la maggior parte dei termini al femminile non sono usati: Scalamizzatrice, Smagnetizzatrice, Demagnetizzatrice&#8230;[\/vc_column_text][\/vc_accordion_tab][vc_accordion_tab gutter_size=&#8220;2&#8243; column_padding=&#8220;2&#8243; title=&#8220;Wie wird der Restmagnetismus gemessen?&#8220; tab_id=&#8220;1745942023960-14-8&#8243;][vc_column_text uncode_shortcode_id=&#8220;127587&#8243;]Die Restmagnetisierung von Stahlteilen wird je nach dem erforderlichen Genauigkeitsgrad mit analogen (Gau\u00dftest) oder digitalen Ger\u00e4ten (Gau\u00dfmeter oder Teslameter) gemessen.<\/p>\n<p>Die Messung sollte in einer \u201eneutralen\u201c Umgebung durchgef\u00fchrt werden, d. h. in einer Umgebung, die die Messung nicht beeinflusst. Beispiele f\u00fcr \u201eneutrale\u201c Umgebungen sind Bereiche, die von gro\u00dfen ferromagnetischen Massen, Magneten, Elektromagneten oder Schaltschr\u00e4nken entfernt sind. Falls erforderlich, sollten die Messungen in einer entsprechend abgeschirmten Umgebung durchgef\u00fchrt werden.  <\/p>\n<p>Lange Werkst\u00fccke sollten in Ost-West-Richtung angeordnet werden, um den Einfluss des Erdmagnetfeldes zu minimieren.[\/vc_column_text][\/vc_accordion_tab][vc_accordion_tab gutter_size=&#8220;2&#8243; column_padding=&#8220;2&#8243; title=&#8220;Wie misst man den Magnetismus von Stahlteilen?&#8220; tab_id=&#8220;1745942069072-15-2&#8243;][vc_column_text uncode_shortcode_id=&#8220;213005&#8243;]Siehe die Antwort auf die Frage \u201eWie misst man den Restmagnetismus?\u201c.[\/vc_column_text][\/vc_accordion_tab][vc_accordion_tab gutter_size=&#8220;2&#8243; column_padding=&#8220;2&#8243; title=&#8220;Warum werden Teile magnetisch?&#8220; tab_id=&#8220;1745942098740-16-0&#8243;][vc_column_text uncode_shortcode_id=&#8220;105786&#8243;]Siehe die Antwort auf die Frage \u201eWarum wird es magnetisch?\u201c.[\/vc_column_text][\/vc_accordion_tab][\/vc_accordion][\/vc_column][\/vc_row][vc_row row_height_percent=&#8220;0&#8243; override_padding=&#8220;yes&#8220; h_padding=&#8220;2&#8243; top_padding=&#8220;5&#8243; bottom_padding=&#8220;0&#8243; overlay_alpha=&#8220;50&#8243; gutter_size=&#8220;3&#8243; column_width_use_pixel=&#8220;yes&#8220; shift_y=&#8220;0&#8243; z_index=&#8220;2&#8243; top_divider=&#8220;gradient&#8220; enable_bottom_divider=&#8220;default&#8220; bottom_divider=&#8220;step&#8220; shape_bottom_h_use_pixel=&#8220;&#8220; shape_bottom_height=&#8220;96&#8243; shape_bottom_color=&#8220;color-165227&#8243; shape_bottom_opacity=&#8220;100&#8243; shape_bottom_index=&#8220;1&#8243; content_parallax=&#8220;0&#8243; uncode_shortcode_id=&#8220;174917&#8243; back_color_type=&#8220;uncode-solid&#8220; shape_bottom_color_type=&#8220;uncode-palette&#8220; back_color_solid=&#8220;#0b1a35&#8243; el_id=&#8220;modulo-contatti&#8220;][vc_column column_width_percent=&#8220;100&#8243; gutter_size=&#8220;3&#8243; overlay_alpha=&#8220;50&#8243; shift_x=&#8220;0&#8243; shift_y=&#8220;0&#8243; shift_y_down=&#8220;0&#8243; z_index=&#8220;0&#8243; medium_width=&#8220;0&#8243; mobile_width=&#8220;0&#8243; width=&#8220;1\/1&#8243; uncode_shortcode_id=&#8220;491323&#8243;]<div id=\"vcparticlesbackground_1755697245_853028331\" data-theid=\"vcparticlesbackground_1755697245_853028331\" data-particles-number-value=\"30\" data-particles-density-value=\"400\" data-particles-shape-type=\"Circle\" data-particles-color=\"#E41E2F\" data-particles-shape-stroke-color=\"#E41E2F\" data-particles-shape-stroke-width=\"0\" data-particles-size-value=\"2\" data-particles-size-random=\"true\" data-particles-size-anim-enable=\"false\" data-particles-opacity-value=\"0.55\" data-particles-opacity-random=\"true\" data-particles-opacity-anim-enable=\"false\" data-particles-move-enabled=\"true\" data-particles-move-direction=\"none\" data-particles-move-random=\"false\" data-particles-move-straight=\"false\" data-particles-move-speed=\"5\" data-particles-move-out-mode=\"bounce\" data-particles-line-linked-enable-auto=\"true\" data-particles-line-linked-distance=\"150\" data-particles-line-linked-color=\"#E41E2F\" data-particles-line-linked-opacity=\"0.40\" data-particles-line-linked-width=\"1\" data-particles-interactivity-onhover-enable=\"false\" data-particles-compatibility-customclass=\".boomapps_vcrow, .vc_row, .wpb_row\" data-particles-compatibility-zindex=\"2\" data-particles-shape-image-src=\"\" data-particles-shape-image-width=\"\" data-particles-shape-image-height=\"\" class=\"vc-particles-background\" style=\"display:none;\"><\/div>[vc_row_inner][vc_column_inner column_width_use_pixel=&#8220;yes&#8220; position_horizontal=&#8220;left&#8220; gutter_size=&#8220;3&#8243; style=&#8220;dark&#8220; overlay_alpha=&#8220;50&#8243; shift_x=&#8220;0&#8243; shift_y=&#8220;0&#8243; shift_y_down=&#8220;0&#8243; z_index=&#8220;0&#8243; medium_width=&#8220;0&#8243; mobile_width=&#8220;0&#8243; width=&#8220;1\/2&#8243; uncode_shortcode_id=&#8220;171322&#8243; column_width_pixel=&#8220;480&#8243;][vc_empty_space empty_h=&#8220;1&#8243; medium_visibility=&#8220;yes&#8220; mobile_visibility=&#8220;yes&#8220;][vc_custom_heading text_size=&#8220;&#8220; uncode_shortcode_id=&#8220;394886&#8243;]Haben Sie noch Zweifel?[\/vc_custom_heading][vc_column_text uncode_shortcode_id=&#8220;958200&#8243;]Wir stehen Ihnen zur Verf\u00fcgung, um Ihre Fragen zu jeglichen Entmagnetisierungsproblemen oder zu unseren Produkten zu beantworten.<\/p>\n<p>Sind Sie der Meinung, dass Ihr Entmagnetisierungsproblem unl\u00f6sbar ist? Gemeinsam finden wir die beste L\u00f6sung f\u00fcr Ihre Bed\u00fcrfnisse.[\/vc_column_text][\/vc_column_inner][vc_column_inner column_width_percent=&#8220;100&#8243; gutter_size=&#8220;3&#8243; override_padding=&#8220;yes&#8220; column_padding=&#8220;3&#8243; back_color=&#8220;color-xsdn&#8220; overlay_alpha=&#8220;50&#8243; radius=&#8220;lg&#8220; shadow=&#8220;std&#8220; shift_x=&#8220;0&#8243; shift_y=&#8220;0&#8243; shift_y_down=&#8220;0&#8243; z_index=&#8220;0&#8243; medium_width=&#8220;0&#8243; mobile_width=&#8220;0&#8243; width=&#8220;1\/2&#8243; uncode_shortcode_id=&#8220;164176&#8243; back_color_type=&#8220;uncode-palette&#8220;]\n<div class=\"wpcf7 no-js\" id=\"wpcf7-f158606-o1\" lang=\"de-DE\" dir=\"ltr\" data-wpcf7-id=\"158606\">\n<div class=\"screen-reader-response\"><p role=\"status\" aria-live=\"polite\" aria-atomic=\"true\"><\/p> <ul><\/ul><\/div>\n<form action=\"\/de\/wp-json\/wp\/v2\/pages\/158203#wpcf7-f158606-o1\" method=\"post\" class=\"wpcf7-form init input-underline\" aria-label=\"Kontaktformular\" novalidate=\"novalidate\" data-status=\"init\">\n<fieldset class=\"hidden-fields-container\"><input type=\"hidden\" name=\"_wpcf7\" value=\"158606\" \/><input type=\"hidden\" name=\"_wpcf7_version\" value=\"6.1.5\" \/><input type=\"hidden\" name=\"_wpcf7_locale\" value=\"de_DE\" \/><input type=\"hidden\" name=\"_wpcf7_unit_tag\" value=\"wpcf7-f158606-o1\" \/><input type=\"hidden\" name=\"_wpcf7_container_post\" value=\"0\" \/><input type=\"hidden\" name=\"_wpcf7_posted_data_hash\" value=\"\" \/>\n<\/fieldset>\n<div class=\"wpcf7-inline-wrapper\">\n\t<p class=\"wpcf7-inline-field\"><span class=\"wpcf7-form-control-wrap\" data-name=\"nome\"><input size=\"40\" maxlength=\"400\" class=\"wpcf7-form-control wpcf7-text wpcf7-validates-as-required\" aria-required=\"true\" aria-invalid=\"false\" placeholder=\"Name\" value=\"\" type=\"text\" name=\"nome\" \/><\/span>\n\t<\/p>\n\t<p class=\"wpcf7-inline-field\"><span class=\"wpcf7-form-control-wrap\" data-name=\"cognome\"><input size=\"40\" maxlength=\"400\" class=\"wpcf7-form-control wpcf7-text wpcf7-validates-as-required form-fluid\" aria-required=\"true\" aria-invalid=\"false\" placeholder=\"Nachname\" value=\"\" type=\"text\" name=\"cognome\" \/><\/span>\n\t<\/p>\n<\/div>\n<div class=\"wpcf7-inline-wrapper\">\n\t<p class=\"wpcf7-inline-field\"><span class=\"wpcf7-form-control-wrap\" data-name=\"email\"><input size=\"40\" maxlength=\"400\" class=\"wpcf7-form-control wpcf7-email wpcf7-validates-as-required wpcf7-text wpcf7-validates-as-email\" aria-required=\"true\" aria-invalid=\"false\" placeholder=\"E-Mail\" value=\"\" type=\"email\" name=\"email\" \/><\/span>\n\t<\/p>\n\t<p class=\"wpcf7-inline-field\"><span class=\"wpcf7-form-control-wrap\" data-name=\"telefono\"><input size=\"40\" maxlength=\"400\" class=\"wpcf7-form-control wpcf7-text wpcf7-validates-as-required form-fluid\" aria-required=\"true\" aria-invalid=\"false\" placeholder=\"Telefon\" value=\"\" type=\"text\" name=\"telefono\" \/><\/span>\n\t<\/p>\n<\/div>\n<p><span class=\"wpcf7-form-control-wrap\" data-name=\"your-message\"><textarea cols=\"40\" rows=\"8\" maxlength=\"2000\" class=\"wpcf7-form-control wpcf7-textarea\" aria-invalid=\"false\" placeholder=\"Nachricht\" name=\"your-message\"><\/textarea><\/span>\n<\/p>\n<p><span class=\"wpcf7-form-control-wrap\" data-name=\"acceptance-476\"><span class=\"wpcf7-form-control wpcf7-acceptance optional\"><span class=\"wpcf7-list-item\"><label><input type=\"checkbox\" name=\"acceptance-476\" value=\"1\" aria-invalid=\"false\" \/><span class=\"wpcf7-list-item-label\">Ich habe die Datenschutzbestimmungen gelesen und stimme der Verarbeitung meiner personenbezogenen Daten zum Erhalt der angeforderten Informationen zu (erforderlich).<\/span><\/label><\/span><\/span><\/span>\n<\/p>\n<p><input class=\"wpcf7-form-control wpcf7-submit has-spinner btn btn-accent btn-circle btn-lg\" type=\"submit\" value=\"Schicken\" \/>\n<\/p><div class=\"wpcf7-response-output\" aria-hidden=\"true\"><\/div>\n<\/form>\n<\/div>\n[\/vc_column_inner][\/vc_row_inner][\/vc_column][\/vc_row]<\/p>\n<\/div>","protected":false},"excerpt":{"rendered":"<p>[vc_row row_height_percent=&#8220;0&#8243; override_padding=&#8220;yes&#8220; h_padding=&#8220;2&#8243; top_padding=&#8220;7&#8243; bottom_padding=&#8220;7&#8243; back_color=&#8220;color-165227&#8243; back_image=&#8220;157012&#8243; overlay_alpha=&#8220;50&#8243; equal_height=&#8220;yes&#8220; gutter_size=&#8220;4&#8243; column_width_percent=&#8220;100&#8243; shift_y=&#8220;0&#8243; z_index=&#8220;0&#8243; content_parallax=&#8220;0&#8243; uncode_shortcode_id=&#8220;204839&#8243; back_color_type=&#8220;uncode-palette&#8220;][vc_column column_width_percent=&#8220;100&#8243; gutter_size=&#8220;3&#8243; style=&#8220;dark&#8220; [&hellip;]<\/p>\n","protected":false},"author":1,"featured_media":0,"parent":0,"menu_order":0,"comment_status":"closed","ping_status":"closed","template":"","meta":{"footnotes":""},"class_list":["post-158203","page","type-page","status-publish","hentry"],"_links":{"self":[{"href":"https:\/\/gaussko.urbangap.dev\/de\/wp-json\/wp\/v2\/pages\/158203","targetHints":{"allow":["GET"]}}],"collection":[{"href":"https:\/\/gaussko.urbangap.dev\/de\/wp-json\/wp\/v2\/pages"}],"about":[{"href":"https:\/\/gaussko.urbangap.dev\/de\/wp-json\/wp\/v2\/types\/page"}],"author":[{"embeddable":true,"href":"https:\/\/gaussko.urbangap.dev\/de\/wp-json\/wp\/v2\/users\/1"}],"replies":[{"embeddable":true,"href":"https:\/\/gaussko.urbangap.dev\/de\/wp-json\/wp\/v2\/comments?post=158203"}],"version-history":[{"count":5,"href":"https:\/\/gaussko.urbangap.dev\/de\/wp-json\/wp\/v2\/pages\/158203\/revisions"}],"predecessor-version":[{"id":158208,"href":"https:\/\/gaussko.urbangap.dev\/de\/wp-json\/wp\/v2\/pages\/158203\/revisions\/158208"}],"wp:attachment":[{"href":"https:\/\/gaussko.urbangap.dev\/de\/wp-json\/wp\/v2\/media?parent=158203"}],"curies":[{"name":"wp","href":"https:\/\/api.w.org\/{rel}","templated":true}]}}