{"id":157968,"date":"2025-05-07T16:11:54","date_gmt":"2025-05-07T14:11:54","guid":{"rendered":"https:\/\/gaussko.urbangap.dev\/entmagnetisierung-einfach-erklaert\/"},"modified":"2026-03-18T23:23:10","modified_gmt":"2026-03-18T22:23:10","slug":"entmagnetisierung-einfach-erklaert","status":"publish","type":"page","link":"https:\/\/gaussko.urbangap.dev\/de\/entmagnetisierung-einfach-erklaert\/","title":{"rendered":"Entmagnetisierung einfach erkl\u00e4rt"},"content":{"rendered":"<div class=\"wpb-content-wrapper\"><p>[vc_row row_height_percent=&#8220;0&#8243; override_padding=&#8220;yes&#8220; h_padding=&#8220;2&#8243; top_padding=&#8220;7&#8243; bottom_padding=&#8220;7&#8243; back_color=&#8220;color-165227&#8243; back_image=&#8220;157012&#8243; overlay_alpha=&#8220;50&#8243; equal_height=&#8220;yes&#8220; gutter_size=&#8220;4&#8243; column_width_percent=&#8220;100&#8243; shift_y=&#8220;0&#8243; z_index=&#8220;0&#8243; content_parallax=&#8220;0&#8243; uncode_shortcode_id=&#8220;986054&#8243; back_color_type=&#8220;uncode-palette&#8220;][vc_column column_width_percent=&#8220;100&#8243; gutter_size=&#8220;3&#8243; style=&#8220;dark&#8220; overlay_alpha=&#8220;50&#8243; shift_x=&#8220;0&#8243; shift_y=&#8220;0&#8243; shift_y_down=&#8220;0&#8243; z_index=&#8220;0&#8243; medium_width=&#8220;0&#8243; mobile_width=&#8220;0&#8243; width=&#8220;1\/1&#8243; uncode_shortcode_id=&#8220;322707&#8243;]<div id=\"vcparticlesbackground_1755697245_853028330\" data-theid=\"vcparticlesbackground_1755697245_853028330\" data-particles-number-value=\"60\" data-particles-density-value=\"600\" data-particles-shape-type=\"Circle\" data-particles-color=\"#0063A0\" data-particles-shape-stroke-color=\"#0063A0\" data-particles-shape-stroke-width=\"0\" data-particles-size-value=\"5\" data-particles-size-random=\"true\" data-particles-size-anim-enable=\"false\" data-particles-opacity-value=\"0.45\" data-particles-opacity-random=\"true\" data-particles-opacity-anim-enable=\"false\" data-particles-move-enabled=\"true\" data-particles-move-direction=\"none\" data-particles-move-random=\"false\" data-particles-move-straight=\"false\" data-particles-move-speed=\"5\" data-particles-move-out-mode=\"bounce\" data-particles-line-linked-enable-auto=\"true\" data-particles-line-linked-distance=\"160\" data-particles-line-linked-color=\"#0063A0\" data-particles-line-linked-opacity=\"0.40\" data-particles-line-linked-width=\"1\" data-particles-interactivity-onhover-enable=\"false\" data-particles-compatibility-customclass=\".boomapps_vcrow, .vc_row, .wpb_row\" data-particles-compatibility-zindex=\"2\" data-particles-shape-image-src=\"\" data-particles-shape-image-width=\"\" data-particles-shape-image-height=\"\" class=\"vc-particles-background\" style=\"display:none;\"><\/div>[vc_row_inner row_inner_height_percent=&#8220;0&#8243; overlay_alpha=&#8220;50&#8243; equal_height=&#8220;yes&#8220; gutter_size=&#8220;4&#8243; shift_y=&#8220;0&#8243; z_index=&#8220;0&#8243; uncode_shortcode_id=&#8220;112887&#8243;][vc_column_inner column_width_percent=&#8220;100&#8243; gutter_size=&#8220;3&#8243; style=&#8220;dark&#8220; overlay_alpha=&#8220;50&#8243; shift_x=&#8220;0&#8243; shift_y=&#8220;0&#8243; shift_y_down=&#8220;0&#8243; z_index=&#8220;0&#8243; medium_width=&#8220;0&#8243; mobile_width=&#8220;0&#8243; width=&#8220;1\/2&#8243; uncode_shortcode_id=&#8220;202099&#8243;][vc_custom_heading heading_semantic=&#8220;h1&#8243; text_size=&#8220;h1&#8243; sub_lead=&#8220;yes&#8220; uncode_shortcode_id=&#8220;735150&#8243;]Entmagnetisierung: Einfach erkl\u00e4rt[\/vc_custom_heading][vc_column_text uncode_shortcode_id=&#8220;123130&#8243;]Willk\u00fcrlich Ironische Seite!<br \/>Lesezeit 2 Minuten, Mit Ein Paar Lachern Zwischendurch[\/vc_column_text][\/vc_column_inner][vc_column_inner column_width_percent=&#8220;100&#8243; position_vertical=&#8220;middle&#8220; gutter_size=&#8220;3&#8243; override_padding=&#8220;yes&#8220; column_padding=&#8220;0&#8243; overlay_alpha=&#8220;50&#8243; shift_x=&#8220;0&#8243; shift_y=&#8220;0&#8243; shift_y_down=&#8220;0&#8243; z_index=&#8220;0&#8243; medium_width=&#8220;0&#8243; mobile_width=&#8220;0&#8243; width=&#8220;1\/2&#8243; uncode_shortcode_id=&#8220;398231&#8243;][vc_single_image media=&#8220;157967&#8243; media_width_percent=&#8220;100&#8243; alignment=&#8220;center&#8220; css_animation=&#8220;bottom-t-top&#8220; uncode_shortcode_id=&#8220;175807&#8243;][\/vc_column_inner][\/vc_row_inner][\/vc_column][\/vc_row][vc_row row_height_percent=&#8220;0&#8243; override_padding=&#8220;yes&#8220; h_padding=&#8220;2&#8243; top_padding=&#8220;5&#8243; bottom_padding=&#8220;5&#8243; overlay_alpha=&#8220;50&#8243; gutter_size=&#8220;3&#8243; column_width_percent=&#8220;100&#8243; shift_y=&#8220;0&#8243; z_index=&#8220;0&#8243; content_parallax=&#8220;0&#8243; uncode_shortcode_id=&#8220;882683&#8243;][vc_column width=&#8220;1\/1&#8243;][vc_accordion typography=&#8220;advanced&#8220; gutter_simple=&#8220;0&#8243; heading_semantic=&#8220;h3&#8243; titles_size=&#8220;h4&#8243; titles_weight=&#8220;500&#8243; uncode_shortcode_id=&#8220;206245&#8243; active_tab=&#8220;0&#8243;][vc_accordion_tab gutter_size=&#8220;2&#8243; column_padding=&#8220;2&#8243; title=&#8220;Was ist Entmagnetisierung?&#8220; tab_id=&#8220;1745941096-1-7&#8243;][vc_column_text uncode_shortcode_id=&#8220;202087&#8243;]Unter Entmagnetisierung versteht man den Prozess zur Entfernung des Magnetismus aus einem Gegenstand. Magnetismus kann aus vielen verschiedenen Gr\u00fcnden in Stahl- und Gusseisenst\u00fccken verbleiben. Unabh\u00e4ngig von seinem Ursprung kann dieser Restmagnetismus (auch Restmagnetisierung genannt) Probleme verursachen, weshalb es n\u00fctzlich sein kann, zu wissen, wie man ihn entfernt.[\/vc_column_text][\/vc_accordion_tab][vc_accordion_tab gutter_size=&#8220;2&#8243; column_padding=&#8220;2&#8243; title=&#8220;Warum entmagnetisieren?&#8220; tab_id=&#8220;1745941096-2-23&#8243;][vc_column_text uncode_shortcode_id=&#8220;718988&#8243;]Der Magnetismus <strong>erschwert das Schwei\u00dfen<\/strong>. Der Schwei\u00dflichtbogen wird abgelenkt, und die Schwei\u00dfnaht wird ungleichm\u00e4\u00dfig. Im Grunde m\u00f6chten Sie hier schwei\u00dfen, aber Sie schwei\u00dfen dort.  <\/p>\n<p>Oberfl\u00e4chenbehandlungen werden schlecht: Die Vernickelung und die Verchromung gehen schief. Es kommt zu Ablagerungen, und die Oberfl\u00e4che sieht aus wie bei einer Amateurarbeit. <\/p>\n<p>Magnetismus <strong>verlangsamt die Produktion oder macht sie unm\u00f6glich<\/strong>. Magnetisierte Teile ziehen Sp\u00e4ne an und haften aneinander. Sie m\u00f6chten einen sch\u00f6nen, gleichm\u00e4\u00dfigen Span, der sich leicht abf\u00fchren l\u00e4sst, aber stattdessen erhalten Sie einen klebrigen Brei.  <\/p>\n<p>Magnetisierte Teile sind <strong>f\u00fcr den Verkauf nicht geeignet<\/strong>. Die Kunden k\u00f6nnten sie ablehnen, weil sie nicht konform sind. Niemand will sie haben, weil sie bei der Weiterverarbeitung Probleme verursachen.[\/vc_column_text][\/vc_accordion_tab][vc_accordion_tab gutter_size=&#8220;2&#8243; column_padding=&#8220;2&#8243; title=&#8220;Was soll entmagnetisiert werden?&#8220; tab_id=&#8220;1745941317690-2-5&#8243;][vc_column_text uncode_shortcode_id=&#8220;138593&#8243;]<strong>Vorbemerkung: <\/strong>Wir sprechen nur \u00fcber das Entmagnetisieren von Stahl und Gusseisen. M\u00f6chten Sie etwas anderes entmagnetisieren? Wir k\u00f6nnen Ihnen dabei (noch) nicht behilflich sein.  <\/p>\n<p>Rohre und St\u00e4be: Die Entmagnetisierung ist f\u00fcr diese Bauteile besonders wichtig.<\/p>\n<p><strong>Industrieteile aller Art:<\/strong> Zahnr\u00e4der, Wellen, R\u00e4der, Schrauben, Werkzeuge.<\/p>\n<p><strong>Form- und Stanzwerkzeuge aus Stahl:<\/strong> Durch den Magnetismus bleibt der Schrott an den Werkzeugen haften und verhindert eine pr\u00e4zise und reibungslose Bearbeitung.[\/vc_column_text][\/vc_accordion_tab][vc_accordion_tab gutter_size=&#8220;2&#8243; column_padding=&#8220;2&#8243; title=&#8220;Woher wissen Sie, ob Sie eine Entmagnetisierung ben\u00f6tigen?&#8220; tab_id=&#8220;1745941353498-3-9&#8243;][vc_column_text uncode_shortcode_id=&#8220;778447&#8243;]Rufen Sie uns einfach an \u2013 wir helfen Ihnen, es herauszufinden.[\/vc_column_text][\/vc_accordion_tab][vc_accordion_tab gutter_size=&#8220;2&#8243; column_padding=&#8220;2&#8243; title=&#8220;Wie funktioniert die Entmagnetisierung?&#8220; tab_id=&#8220;1745941510524-4-8&#8243;][vc_column_text uncode_shortcode_id=&#8220;185371&#8243;]Es gibt verschiedene Technologien zur Entmagnetisierung, die alle darauf abzielen, die Restmagnetisierung zu entfernen.<\/p>\n<p>Kurz gesagt, werden elektrische Systeme verwendet, um eine magnetische Induktion zu erzeugen, die mit den magnetischen Dom\u00e4nen innerhalb des ferromagnetischen Materials interagiert, indem die Barrieren der Wells-Dom\u00e4nen verschoben werden, um eine feinere Textur der magnetischen K\u00f6rner innerhalb der Metallmatrix zu erreichen; die gleichzeitige Randomisierung der Richtungen der magnetischen Vektoren bewirkt, dass die Vektorsumme aller magnetischen Feldvektoren so nahe wie m\u00f6glich an Null konvergiert.<\/p>\n<p>Einfach, oder? Ja, nein. Deshalb sind wir ja hier, wir k\u00fcmmern uns um diesen Teil.  <\/p>\n<p>Letztendlich k\u00f6nnen wir sagen, dass es daf\u00fcr mehr oder weniger komplexe Methoden gibt, die je nach Art des Werkst\u00fccks, seiner Gr\u00f6\u00dfe, der erforderlichen Produktivit\u00e4t und vielen anderen Faktoren ausgew\u00e4hlt werden, deren Aufz\u00e4hlung hier sinnlos w\u00e4re.[\/vc_column_text][\/vc_accordion_tab][vc_accordion_tab gutter_size=&#8220;2&#8243; column_padding=&#8220;2&#8243; title=&#8220;Wie k\u00f6nnen wir Ihnen helfen?&#8220; tab_id=&#8220;1745941528529-5-5&#8243;][vc_column_text uncode_shortcode_id=&#8220;160496&#8243;]Wenn Sie Probleme mit dem Magnetismus haben, bieten wir Ihnen:<\/p>\n<ul>\n<li><strong>Eine kostenlose Beratung<\/strong>, um Ihre Bed\u00fcrfnisse zu verstehen.<\/li>\n<li><strong>Vor-Ort-Expertise und Beurteilung<\/strong> des Problemkontextes.<\/li>\n<li><strong>Entmagnetisierungstests<\/strong> in unserem Labor.<\/li>\n<li><strong>Ma\u00dfgeschneiderte Ger\u00e4te<\/strong> f\u00fcr Ihre Anwendungen.<\/li>\n<li><strong>Entmagnetisierungsdienste<\/strong> in unseren Einrichtungen oder vor Ort.<\/li>\n<\/ul>\n<p>[\/vc_column_text][\/vc_accordion_tab][\/vc_accordion][\/vc_column][\/vc_row][vc_row row_height_percent=&#8220;0&#8243; override_padding=&#8220;yes&#8220; h_padding=&#8220;2&#8243; top_padding=&#8220;5&#8243; bottom_padding=&#8220;0&#8243; overlay_alpha=&#8220;50&#8243; gutter_size=&#8220;3&#8243; column_width_use_pixel=&#8220;yes&#8220; shift_y=&#8220;0&#8243; z_index=&#8220;2&#8243; top_divider=&#8220;gradient&#8220; enable_bottom_divider=&#8220;default&#8220; bottom_divider=&#8220;step&#8220; shape_bottom_h_use_pixel=&#8220;&#8220; shape_bottom_height=&#8220;96&#8243; shape_bottom_color=&#8220;color-165227&#8243; shape_bottom_opacity=&#8220;100&#8243; shape_bottom_index=&#8220;1&#8243; content_parallax=&#8220;0&#8243; uncode_shortcode_id=&#8220;193703&#8243; back_color_type=&#8220;uncode-solid&#8220; shape_bottom_color_type=&#8220;uncode-palette&#8220; back_color_solid=&#8220;#0b1a35&#8243; row_name=&#8220;modulo-contatti&#8220;][vc_column column_width_percent=&#8220;100&#8243; gutter_size=&#8220;3&#8243; overlay_alpha=&#8220;50&#8243; shift_x=&#8220;0&#8243; shift_y=&#8220;0&#8243; shift_y_down=&#8220;0&#8243; z_index=&#8220;0&#8243; medium_width=&#8220;0&#8243; mobile_width=&#8220;0&#8243; width=&#8220;1\/1&#8243; uncode_shortcode_id=&#8220;491323&#8243;]<div id=\"vcparticlesbackground_1755697245_853028331\" data-theid=\"vcparticlesbackground_1755697245_853028331\" data-particles-number-value=\"30\" data-particles-density-value=\"400\" data-particles-shape-type=\"Circle\" data-particles-color=\"#E41E2F\" data-particles-shape-stroke-color=\"#E41E2F\" data-particles-shape-stroke-width=\"0\" data-particles-size-value=\"2\" data-particles-size-random=\"true\" data-particles-size-anim-enable=\"false\" data-particles-opacity-value=\"0.55\" data-particles-opacity-random=\"true\" data-particles-opacity-anim-enable=\"false\" data-particles-move-enabled=\"true\" data-particles-move-direction=\"none\" data-particles-move-random=\"false\" data-particles-move-straight=\"false\" data-particles-move-speed=\"5\" data-particles-move-out-mode=\"bounce\" data-particles-line-linked-enable-auto=\"true\" data-particles-line-linked-distance=\"150\" data-particles-line-linked-color=\"#E41E2F\" data-particles-line-linked-opacity=\"0.40\" data-particles-line-linked-width=\"1\" data-particles-interactivity-onhover-enable=\"false\" data-particles-compatibility-customclass=\".boomapps_vcrow, .vc_row, .wpb_row\" data-particles-compatibility-zindex=\"2\" data-particles-shape-image-src=\"\" data-particles-shape-image-width=\"\" data-particles-shape-image-height=\"\" class=\"vc-particles-background\" style=\"display:none;\"><\/div>[vc_row_inner][vc_column_inner column_width_use_pixel=&#8220;yes&#8220; position_horizontal=&#8220;left&#8220; gutter_size=&#8220;3&#8243; style=&#8220;dark&#8220; overlay_alpha=&#8220;50&#8243; shift_x=&#8220;0&#8243; shift_y=&#8220;0&#8243; shift_y_down=&#8220;0&#8243; z_index=&#8220;0&#8243; medium_width=&#8220;0&#8243; mobile_width=&#8220;0&#8243; width=&#8220;1\/2&#8243; uncode_shortcode_id=&#8220;171322&#8243; column_width_pixel=&#8220;480&#8243;][vc_empty_space empty_h=&#8220;1&#8243; medium_visibility=&#8220;yes&#8220; mobile_visibility=&#8220;yes&#8220;][vc_custom_heading text_size=&#8220;&#8220; uncode_shortcode_id=&#8220;394886&#8243;]Noch Zweifel?[\/vc_custom_heading][vc_column_text uncode_shortcode_id=&#8220;398569&#8243;]Lassen Sie nicht zu, dass Magnetismus Ihre Produktion ruiniert. <strong>Kontaktieren Sie uns noch<\/strong> heute f\u00fcr eine effektive L\u00f6sung![\/vc_column_text][\/vc_column_inner][vc_column_inner column_width_percent=&#8220;100&#8243; gutter_size=&#8220;3&#8243; override_padding=&#8220;yes&#8220; column_padding=&#8220;3&#8243; back_color=&#8220;color-xsdn&#8220; overlay_alpha=&#8220;50&#8243; radius=&#8220;lg&#8220; shadow=&#8220;std&#8220; shift_x=&#8220;0&#8243; shift_y=&#8220;0&#8243; shift_y_down=&#8220;0&#8243; z_index=&#8220;0&#8243; medium_width=&#8220;0&#8243; mobile_width=&#8220;0&#8243; width=&#8220;1\/2&#8243; uncode_shortcode_id=&#8220;164176&#8243; back_color_type=&#8220;uncode-palette&#8220;]\n<div class=\"wpcf7 no-js\" id=\"wpcf7-f158606-o1\" lang=\"de-DE\" dir=\"ltr\" data-wpcf7-id=\"158606\">\n<div class=\"screen-reader-response\"><p role=\"status\" aria-live=\"polite\" aria-atomic=\"true\"><\/p> <ul><\/ul><\/div>\n<form action=\"\/de\/wp-json\/wp\/v2\/pages\/157968#wpcf7-f158606-o1\" method=\"post\" class=\"wpcf7-form init input-underline\" aria-label=\"Kontaktformular\" novalidate=\"novalidate\" data-status=\"init\">\n<fieldset class=\"hidden-fields-container\"><input type=\"hidden\" name=\"_wpcf7\" value=\"158606\" \/><input type=\"hidden\" name=\"_wpcf7_version\" value=\"6.1.5\" \/><input type=\"hidden\" name=\"_wpcf7_locale\" value=\"de_DE\" \/><input type=\"hidden\" name=\"_wpcf7_unit_tag\" value=\"wpcf7-f158606-o1\" \/><input type=\"hidden\" name=\"_wpcf7_container_post\" value=\"0\" \/><input type=\"hidden\" name=\"_wpcf7_posted_data_hash\" value=\"\" \/>\n<\/fieldset>\n<div class=\"wpcf7-inline-wrapper\">\n\t<p class=\"wpcf7-inline-field\"><span class=\"wpcf7-form-control-wrap\" data-name=\"nome\"><input size=\"40\" maxlength=\"400\" class=\"wpcf7-form-control wpcf7-text wpcf7-validates-as-required\" aria-required=\"true\" aria-invalid=\"false\" placeholder=\"Name\" value=\"\" type=\"text\" name=\"nome\" \/><\/span>\n\t<\/p>\n\t<p class=\"wpcf7-inline-field\"><span class=\"wpcf7-form-control-wrap\" data-name=\"cognome\"><input size=\"40\" maxlength=\"400\" class=\"wpcf7-form-control wpcf7-text wpcf7-validates-as-required form-fluid\" aria-required=\"true\" aria-invalid=\"false\" placeholder=\"Nachname\" value=\"\" type=\"text\" name=\"cognome\" \/><\/span>\n\t<\/p>\n<\/div>\n<div class=\"wpcf7-inline-wrapper\">\n\t<p class=\"wpcf7-inline-field\"><span class=\"wpcf7-form-control-wrap\" data-name=\"email\"><input size=\"40\" maxlength=\"400\" class=\"wpcf7-form-control wpcf7-email wpcf7-validates-as-required wpcf7-text wpcf7-validates-as-email\" aria-required=\"true\" aria-invalid=\"false\" placeholder=\"E-Mail\" value=\"\" type=\"email\" name=\"email\" \/><\/span>\n\t<\/p>\n\t<p class=\"wpcf7-inline-field\"><span class=\"wpcf7-form-control-wrap\" data-name=\"telefono\"><input size=\"40\" maxlength=\"400\" class=\"wpcf7-form-control wpcf7-text wpcf7-validates-as-required form-fluid\" aria-required=\"true\" aria-invalid=\"false\" placeholder=\"Telefon\" value=\"\" type=\"text\" name=\"telefono\" \/><\/span>\n\t<\/p>\n<\/div>\n<p><span class=\"wpcf7-form-control-wrap\" data-name=\"your-message\"><textarea cols=\"40\" rows=\"8\" maxlength=\"2000\" class=\"wpcf7-form-control wpcf7-textarea\" aria-invalid=\"false\" placeholder=\"Nachricht\" name=\"your-message\"><\/textarea><\/span>\n<\/p>\n<p><span class=\"wpcf7-form-control-wrap\" data-name=\"acceptance-476\"><span class=\"wpcf7-form-control wpcf7-acceptance optional\"><span class=\"wpcf7-list-item\"><label><input type=\"checkbox\" name=\"acceptance-476\" value=\"1\" aria-invalid=\"false\" \/><span class=\"wpcf7-list-item-label\">Ich habe die Datenschutzbestimmungen gelesen und stimme der Verarbeitung meiner personenbezogenen Daten zum Erhalt der angeforderten Informationen zu (erforderlich).<\/span><\/label><\/span><\/span><\/span>\n<\/p>\n<p><input class=\"wpcf7-form-control wpcf7-submit has-spinner btn btn-accent btn-circle btn-lg\" type=\"submit\" value=\"Schicken\" \/>\n<\/p><div class=\"wpcf7-response-output\" aria-hidden=\"true\"><\/div>\n<\/form>\n<\/div>\n[\/vc_column_inner][\/vc_row_inner][\/vc_column][\/vc_row]<\/p>\n<\/div>","protected":false},"excerpt":{"rendered":"<p>[vc_row row_height_percent=&#8220;0&#8243; override_padding=&#8220;yes&#8220; h_padding=&#8220;2&#8243; top_padding=&#8220;7&#8243; bottom_padding=&#8220;7&#8243; back_color=&#8220;color-165227&#8243; back_image=&#8220;157012&#8243; overlay_alpha=&#8220;50&#8243; equal_height=&#8220;yes&#8220; gutter_size=&#8220;4&#8243; column_width_percent=&#8220;100&#8243; shift_y=&#8220;0&#8243; z_index=&#8220;0&#8243; content_parallax=&#8220;0&#8243; uncode_shortcode_id=&#8220;986054&#8243; back_color_type=&#8220;uncode-palette&#8220;][vc_column column_width_percent=&#8220;100&#8243; gutter_size=&#8220;3&#8243; style=&#8220;dark&#8220; [&hellip;]<\/p>\n","protected":false},"author":1,"featured_media":0,"parent":0,"menu_order":0,"comment_status":"closed","ping_status":"closed","template":"","meta":{"footnotes":""},"class_list":["post-157968","page","type-page","status-publish","hentry"],"_links":{"self":[{"href":"https:\/\/gaussko.urbangap.dev\/de\/wp-json\/wp\/v2\/pages\/157968","targetHints":{"allow":["GET"]}}],"collection":[{"href":"https:\/\/gaussko.urbangap.dev\/de\/wp-json\/wp\/v2\/pages"}],"about":[{"href":"https:\/\/gaussko.urbangap.dev\/de\/wp-json\/wp\/v2\/types\/page"}],"author":[{"embeddable":true,"href":"https:\/\/gaussko.urbangap.dev\/de\/wp-json\/wp\/v2\/users\/1"}],"replies":[{"embeddable":true,"href":"https:\/\/gaussko.urbangap.dev\/de\/wp-json\/wp\/v2\/comments?post=157968"}],"version-history":[{"count":3,"href":"https:\/\/gaussko.urbangap.dev\/de\/wp-json\/wp\/v2\/pages\/157968\/revisions"}],"predecessor-version":[{"id":157971,"href":"https:\/\/gaussko.urbangap.dev\/de\/wp-json\/wp\/v2\/pages\/157968\/revisions\/157971"}],"wp:attachment":[{"href":"https:\/\/gaussko.urbangap.dev\/de\/wp-json\/wp\/v2\/media?parent=157968"}],"curies":[{"name":"wp","href":"https:\/\/api.w.org\/{rel}","templated":true}]}}