{"id":157851,"date":"2025-04-29T17:10:50","date_gmt":"2025-04-29T15:10:50","guid":{"rendered":"https:\/\/gaussko.urbangap.dev\/entmagnetisierung-und-ausloeschung\/"},"modified":"2026-03-19T00:08:23","modified_gmt":"2026-03-18T23:08:23","slug":"entmagnetisierung-und-ausloeschung","status":"publish","type":"page","link":"https:\/\/gaussko.urbangap.dev\/de\/applicazioni\/entmagnetisierung-und-ausloeschung\/","title":{"rendered":"Entmagnetisierung und Ausl\u00f6schung"},"content":{"rendered":"<div class=\"wpb-content-wrapper\"><p>[vc_row row_height_percent=&#8220;0&#8243; override_padding=&#8220;yes&#8220; h_padding=&#8220;2&#8243; top_padding=&#8220;7&#8243; bottom_padding=&#8220;7&#8243; back_color=&#8220;color-165227&#8243; back_image=&#8220;157012&#8243; overlay_alpha=&#8220;50&#8243; equal_height=&#8220;yes&#8220; gutter_size=&#8220;4&#8243; column_width_percent=&#8220;100&#8243; shift_y=&#8220;0&#8243; z_index=&#8220;0&#8243; content_parallax=&#8220;0&#8243; uncode_shortcode_id=&#8220;539649&#8243; back_color_type=&#8220;uncode-palette&#8220;][vc_column column_width_percent=&#8220;100&#8243; gutter_size=&#8220;3&#8243; style=&#8220;dark&#8220; overlay_alpha=&#8220;50&#8243; shift_x=&#8220;0&#8243; shift_y=&#8220;0&#8243; shift_y_down=&#8220;0&#8243; z_index=&#8220;0&#8243; medium_width=&#8220;0&#8243; mobile_width=&#8220;0&#8243; width=&#8220;1\/1&#8243; uncode_shortcode_id=&#8220;322707&#8243;]<div id=\"vcparticlesbackground_1755697245_853028330\" data-theid=\"vcparticlesbackground_1755697245_853028330\" data-particles-number-value=\"60\" data-particles-density-value=\"600\" data-particles-shape-type=\"Circle\" data-particles-color=\"#0063A0\" data-particles-shape-stroke-color=\"#0063A0\" data-particles-shape-stroke-width=\"0\" data-particles-size-value=\"5\" data-particles-size-random=\"true\" data-particles-size-anim-enable=\"false\" data-particles-opacity-value=\"0.45\" data-particles-opacity-random=\"true\" data-particles-opacity-anim-enable=\"false\" data-particles-move-enabled=\"true\" data-particles-move-direction=\"none\" data-particles-move-random=\"false\" data-particles-move-straight=\"false\" data-particles-move-speed=\"5\" data-particles-move-out-mode=\"bounce\" data-particles-line-linked-enable-auto=\"true\" data-particles-line-linked-distance=\"160\" data-particles-line-linked-color=\"#0063A0\" data-particles-line-linked-opacity=\"0.40\" data-particles-line-linked-width=\"1\" data-particles-interactivity-onhover-enable=\"false\" data-particles-compatibility-customclass=\".boomapps_vcrow, .vc_row, .wpb_row\" data-particles-compatibility-zindex=\"2\" data-particles-shape-image-src=\"\" data-particles-shape-image-width=\"\" data-particles-shape-image-height=\"\" class=\"vc-particles-background\" style=\"display:none;\"><\/div>[uncode_breadcrumbs text_lead=&#8220;small&#8220;][vc_row_inner row_inner_height_percent=&#8220;0&#8243; overlay_alpha=&#8220;50&#8243; gutter_size=&#8220;4&#8243; shift_y=&#8220;0&#8243; z_index=&#8220;0&#8243; uncode_shortcode_id=&#8220;396108&#8243;][vc_column_inner column_width_percent=&#8220;100&#8243; gutter_size=&#8220;3&#8243; style=&#8220;dark&#8220; overlay_alpha=&#8220;50&#8243; shift_x=&#8220;0&#8243; shift_y=&#8220;0&#8243; shift_y_down=&#8220;0&#8243; z_index=&#8220;0&#8243; medium_width=&#8220;0&#8243; mobile_width=&#8220;0&#8243; width=&#8220;1\/2&#8243; uncode_shortcode_id=&#8220;753324&#8243;][vc_custom_heading heading_semantic=&#8220;h1&#8243; text_size=&#8220;h1&#8243; sub_lead=&#8220;yes&#8220; uncode_shortcode_id=&#8220;139299&#8243;]Stanzen von Stahlblechen[\/vc_custom_heading][vc_column_text uncode_shortcode_id=&#8220;916320&#8243;]<strong>Sp\u00e4ne und Grate vom Stanzen bleiben <\/strong>an den Stanzwerkzeugen haften und erschweren den gesamten Prozess? Wenn <strong>Sp\u00e4ne<\/strong> und Grate am Werkzeug haften bleiben und nicht ordnungsgem\u00e4\u00df entsorgt werden, ist es fast sicher, dass das Problem das <strong>magnetisierte Werkzeug<\/strong> ist. <\/p>\n<p>Achtung: Abgesehen von der Verlangsamung der Produktion und der Nichtkonformit\u00e4t des Endprodukts k\u00f6nnten Sie die Presse selbst magnetisieren, was zahlreiche Probleme nach sich ziehen k\u00f6nnte![\/vc_column_text][vc_button button_color=&#8220;color-457632&#8243; size=&#8220;btn-lg&#8220; radius=&#8220;btn-circle&#8220; border_width=&#8220;0&#8243; uncode_shortcode_id=&#8220;174163&#8243; button_color_type=&#8220;uncode-palette&#8220; link=&#8220;url:%23modulo-contatti|&#8220;]Helfen Sie mir, das Problem zu l\u00f6sen![\/vc_button][\/vc_column_inner][vc_column_inner column_width_percent=&#8220;100&#8243; gutter_size=&#8220;3&#8243; override_padding=&#8220;yes&#8220; column_padding=&#8220;3&#8243; back_color=&#8220;color-lxmt&#8220; overlay_alpha=&#8220;50&#8243; radius=&#8220;lg&#8220; shift_x=&#8220;0&#8243; shift_y=&#8220;0&#8243; shift_y_down=&#8220;0&#8243; z_index=&#8220;0&#8243; medium_width=&#8220;0&#8243; mobile_width=&#8220;0&#8243; width=&#8220;1\/2&#8243; uncode_shortcode_id=&#8220;676563&#8243; back_color_type=&#8220;uncode-palette&#8220;][uncode_list icon=&#8220;fa fa-arrow-right2&#8243; uncode_shortcode_id=&#8220;135314&#8243; el_class=&#8220;gaussko-summary&#8220;]<\/p>\n<ul>\n<li><a href=\"#soluzione-problema-tranciatura-lamiere-smagnetizzatore\">Hier ist die L\u00f6sung: der Werkzeugentmagnetisierer<\/a><\/li>\n<li><a href=\"#magnetismo-residuo-tranciatura-lamiere-acciaio\">Wie Magnetismus das Stanzen erschwert<\/a><\/li>\n<li><a href=\"#modulo-contatti\">Fordern Sie unsere kostenlose Beratung an<\/a><\/li>\n<\/ul>\n<p>[\/uncode_list][\/vc_column_inner][\/vc_row_inner][\/vc_column][\/vc_row][vc_row row_height_percent=&#8220;0&#8243; override_padding=&#8220;yes&#8220; h_padding=&#8220;2&#8243; top_padding=&#8220;5&#8243; bottom_padding=&#8220;5&#8243; back_color=&#8220;color-165227&#8243; overlay_alpha=&#8220;50&#8243; gutter_size=&#8220;4&#8243; column_width_percent=&#8220;100&#8243; shift_y=&#8220;0&#8243; z_index=&#8220;0&#8243; content_parallax=&#8220;0&#8243; uncode_shortcode_id=&#8220;592070&#8243; back_color_type=&#8220;uncode-palette&#8220; row_name=&#8220;soluzione-problema-tranciatura-lamiere-smagnetizzatore&#8220;][vc_column column_width_percent=&#8220;100&#8243; gutter_size=&#8220;3&#8243; overlay_alpha=&#8220;50&#8243; shift_x=&#8220;0&#8243; shift_y=&#8220;0&#8243; shift_y_down=&#8220;0&#8243; z_index=&#8220;0&#8243; medium_width=&#8220;0&#8243; mobile_width=&#8220;0&#8243; css_animation=&#8220;alpha-anim&#8220; animation_speed=&#8220;1000&#8243; width=&#8220;1\/2&#8243; uncode_shortcode_id=&#8220;863492&#8243;][vc_single_image media=&#8220;157714&#8243; media_width_percent=&#8220;100&#8243; media_ratio=&#8220;one-one&#8220; alignment=&#8220;center&#8220; shape=&#8220;img-round&#8220; radius=&#8220;lg&#8220; uncode_shortcode_id=&#8220;354407&#8243;][\/vc_column][vc_column column_width_percent=&#8220;100&#8243; gutter_size=&#8220;3&#8243; style=&#8220;dark&#8220; overlay_alpha=&#8220;50&#8243; shift_x=&#8220;0&#8243; shift_y=&#8220;0&#8243; shift_y_down=&#8220;0&#8243; z_index=&#8220;0&#8243; medium_width=&#8220;0&#8243; mobile_width=&#8220;0&#8243; css_animation=&#8220;alpha-anim&#8220; animation_speed=&#8220;1000&#8243; width=&#8220;1\/2&#8243; uncode_shortcode_id=&#8220;182512&#8243;][vc_empty_space empty_h=&#8220;1&#8243; medium_visibility=&#8220;yes&#8220; mobile_visibility=&#8220;yes&#8220;][vc_custom_heading text_size=&#8220;&#8220; uncode_shortcode_id=&#8220;290355&#8243;]L\u00f6sen Sie das Problem mit unserem Hochleistungs-Entmagnetisierer![\/vc_custom_heading][vc_column_text uncode_shortcode_id=&#8220;183442&#8243;]Unsere <strong>Entmagnetisierer f\u00fcr Werkzeuge<\/strong> senken die Restmagnetisierung. Das Ger\u00e4t kann auf das gesamte Werkzeug oder auf definierte Bereiche einwirken, sodass Sie das Werkzeug bedenkenlos wieder in die Maschine einbauen k\u00f6nnen.[\/vc_column_text][vc_button button_color=&#8220;color-457632&#8243; size=&#8220;btn-lg&#8220; radius=&#8220;btn-circle&#8220; border_width=&#8220;0&#8243; uncode_shortcode_id=&#8220;137100&#8243; button_color_type=&#8220;uncode-palette&#8220; link=&#8220;url:https%3A%2F%2Fgaussko.urbangap.dev%2Fde%2Fhochleistungs-entmagnetisierer%2F|title:Smagnetizzatore%20industriale%20ad%20alte%20prestazioni|&#8220;]Mehr \u00fcber den Entmagnetisierer erfahren[\/vc_button][\/vc_column][\/vc_row][vc_row row_height_percent=&#8220;0&#8243; override_padding=&#8220;yes&#8220; h_padding=&#8220;2&#8243; top_padding=&#8220;5&#8243; bottom_padding=&#8220;5&#8243; back_color=&#8220;color-lxmt&#8220; overlay_alpha=&#8220;50&#8243; gutter_size=&#8220;6&#8243; column_width_percent=&#8220;100&#8243; shift_y=&#8220;0&#8243; z_index=&#8220;0&#8243; content_parallax=&#8220;0&#8243; uncode_shortcode_id=&#8220;166748&#8243; back_color_type=&#8220;uncode-palette&#8220; row_name=&#8220;magnetismo-residuo-tranciatura-lamiere-acciaio&#8220;][vc_column column_width_percent=&#8220;100&#8243; gutter_size=&#8220;3&#8243; overlay_alpha=&#8220;50&#8243; shift_x=&#8220;0&#8243; shift_y=&#8220;0&#8243; shift_y_down=&#8220;0&#8243; z_index=&#8220;0&#8243; medium_width=&#8220;0&#8243; mobile_width=&#8220;0&#8243; sticky=&#8220;yes&#8220; width=&#8220;1\/2&#8243; uncode_shortcode_id=&#8220;120365&#8243;][vc_empty_space empty_h=&#8220;1&#8243; medium_visibility=&#8220;yes&#8220; mobile_visibility=&#8220;yes&#8220;][vc_custom_heading text_size=&#8220;&#8220; uncode_shortcode_id=&#8220;207584&#8243;]Wie Magnetismus das Stanzen erschwert[\/vc_custom_heading][vc_column_text uncode_shortcode_id=&#8220;171734&#8243;]Durch das st\u00e4ndige Reiben des Blechs am Werkzeug entstehen kleine Wirbelstr\u00f6me, die ihrerseits kleine lokale Magnetisierungen am Werkzeug erzeugen. Schritt f\u00fcr Schritt summieren sich die Magnetisierungen und werden chronisch, wodurch immer mehr kleine Metallpartikel angezogen werden, die entmagnetisiert werden sollten.[\/vc_column_text][\/vc_column][vc_column width=&#8220;1\/2&#8243;][vc_row_inner row_inner_height_percent=&#8220;0&#8243; overlay_alpha=&#8220;50&#8243; equal_height=&#8220;yes&#8220; gutter_size=&#8220;3&#8243; shift_y=&#8220;0&#8243; z_index=&#8220;0&#8243; uncode_shortcode_id=&#8220;324723&#8243;][vc_column_inner column_width_percent=&#8220;100&#8243; gutter_size=&#8220;2&#8243; override_padding=&#8220;yes&#8220; column_padding=&#8220;3&#8243; back_color=&#8220;color-xsdn&#8220; overlay_alpha=&#8220;50&#8243; radius=&#8220;lg&#8220; shift_x=&#8220;0&#8243; shift_y=&#8220;0&#8243; shift_y_down=&#8220;0&#8243; z_index=&#8220;0&#8243; medium_width=&#8220;0&#8243; mobile_width=&#8220;0&#8243; width=&#8220;1\/1&#8243; uncode_shortcode_id=&#8220;452674&#8243; back_color_type=&#8220;uncode-palette&#8220;][vc_custom_heading heading_semantic=&#8220;h3&#8243; text_size=&#8220;&#8220; uncode_shortcode_id=&#8220;335927&#8243;]Erh\u00f6hter Werkzeugverschlei\u00df[\/vc_custom_heading][vc_column_text uncode_shortcode_id=&#8220;102393&#8243;]Da sich der <strong>Schrott<\/strong> (die Sp\u00e4ne) nur schwer entsorgen l\u00e4sst, <strong>bleibt er am Werkzeug haften<\/strong>. Der <strong>Verschlei\u00df nimmt zu<\/strong> und das teure <strong>Werkzeug k\u00f6nnte kaputtgehen<\/strong>.[\/vc_column_text][\/vc_column_inner][\/vc_row_inner][vc_row_inner row_inner_height_percent=&#8220;0&#8243; overlay_alpha=&#8220;50&#8243; equal_height=&#8220;yes&#8220; gutter_size=&#8220;3&#8243; shift_y=&#8220;0&#8243; z_index=&#8220;0&#8243; uncode_shortcode_id=&#8220;324723&#8243;][vc_column_inner column_width_percent=&#8220;100&#8243; gutter_size=&#8220;2&#8243; override_padding=&#8220;yes&#8220; column_padding=&#8220;3&#8243; back_color=&#8220;color-xsdn&#8220; overlay_alpha=&#8220;50&#8243; radius=&#8220;lg&#8220; shift_x=&#8220;0&#8243; shift_y=&#8220;0&#8243; shift_y_down=&#8220;0&#8243; z_index=&#8220;0&#8243; medium_width=&#8220;0&#8243; mobile_width=&#8220;0&#8243; width=&#8220;1\/1&#8243; uncode_shortcode_id=&#8220;172606&#8243; back_color_type=&#8220;uncode-palette&#8220;][vc_custom_heading heading_semantic=&#8220;h3&#8243; text_size=&#8220;&#8220; uncode_shortcode_id=&#8220;139526&#8243;]L\u00e4ngere Bearbeitungszeiten[\/vc_custom_heading][vc_column_text uncode_shortcode_id=&#8220;106459&#8243;]Um den Stanzvorgang fortzusetzen, sind mehrere (gef\u00e4hrliche) menschliche Eingriffe erforderlich, um die eingeklemmten Sp\u00e4ne zu entfernen, wodurch die Produktivit\u00e4t drastisch sinkt.[\/vc_column_text][\/vc_column_inner][\/vc_row_inner][vc_row_inner row_inner_height_percent=&#8220;0&#8243; overlay_alpha=&#8220;50&#8243; equal_height=&#8220;yes&#8220; gutter_size=&#8220;3&#8243; shift_y=&#8220;0&#8243; z_index=&#8220;0&#8243; uncode_shortcode_id=&#8220;324723&#8243;][vc_column_inner column_width_percent=&#8220;100&#8243; gutter_size=&#8220;2&#8243; override_padding=&#8220;yes&#8220; column_padding=&#8220;3&#8243; back_color=&#8220;color-xsdn&#8220; overlay_alpha=&#8220;50&#8243; radius=&#8220;lg&#8220; shift_x=&#8220;0&#8243; shift_y=&#8220;0&#8243; shift_y_down=&#8220;0&#8243; z_index=&#8220;0&#8243; medium_width=&#8220;0&#8243; mobile_width=&#8220;0&#8243; width=&#8220;1\/1&#8243; uncode_shortcode_id=&#8220;187574&#8243; back_color_type=&#8220;uncode-palette&#8220;][vc_custom_heading heading_semantic=&#8220;h3&#8243; text_size=&#8220;&#8220; uncode_shortcode_id=&#8220;182996&#8243;]Gefahr f\u00fcr die Presse[\/vc_custom_heading][vc_column_text uncode_shortcode_id=&#8220;132325&#8243;]Der weitere Betrieb von magnetisierten Werkzeugen kann der Presse selbst schaden, die langsam, aber sicher selbst magnetisiert werden k\u00f6nnte.[\/vc_column_text][\/vc_column_inner][\/vc_row_inner][\/vc_column][\/vc_row][vc_row row_height_percent=&#8220;0&#8243; override_padding=&#8220;yes&#8220; h_padding=&#8220;2&#8243; top_padding=&#8220;5&#8243; bottom_padding=&#8220;0&#8243; overlay_alpha=&#8220;50&#8243; gutter_size=&#8220;3&#8243; column_width_use_pixel=&#8220;yes&#8220; shift_y=&#8220;0&#8243; z_index=&#8220;2&#8243; top_divider=&#8220;gradient&#8220; enable_bottom_divider=&#8220;default&#8220; bottom_divider=&#8220;step&#8220; shape_bottom_h_use_pixel=&#8220;&#8220; shape_bottom_height=&#8220;96&#8243; shape_bottom_color=&#8220;color-165227&#8243; shape_bottom_opacity=&#8220;100&#8243; shape_bottom_index=&#8220;1&#8243; content_parallax=&#8220;0&#8243; uncode_shortcode_id=&#8220;125327&#8243; back_color_type=&#8220;uncode-solid&#8220; shape_bottom_color_type=&#8220;uncode-palette&#8220; back_color_solid=&#8220;#0b1a35&#8243; row_name=&#8220;modulo-contatti&#8220;][vc_column column_width_percent=&#8220;100&#8243; gutter_size=&#8220;3&#8243; overlay_alpha=&#8220;50&#8243; shift_x=&#8220;0&#8243; shift_y=&#8220;0&#8243; shift_y_down=&#8220;0&#8243; z_index=&#8220;0&#8243; medium_width=&#8220;0&#8243; mobile_width=&#8220;0&#8243; width=&#8220;1\/1&#8243; uncode_shortcode_id=&#8220;491323&#8243;]<div id=\"vcparticlesbackground_1755697245_853028331\" data-theid=\"vcparticlesbackground_1755697245_853028331\" data-particles-number-value=\"30\" data-particles-density-value=\"400\" data-particles-shape-type=\"Circle\" data-particles-color=\"#E41E2F\" data-particles-shape-stroke-color=\"#E41E2F\" data-particles-shape-stroke-width=\"0\" data-particles-size-value=\"2\" data-particles-size-random=\"true\" data-particles-size-anim-enable=\"false\" data-particles-opacity-value=\"0.55\" data-particles-opacity-random=\"true\" data-particles-opacity-anim-enable=\"false\" data-particles-move-enabled=\"true\" data-particles-move-direction=\"none\" data-particles-move-random=\"false\" data-particles-move-straight=\"false\" data-particles-move-speed=\"5\" data-particles-move-out-mode=\"bounce\" data-particles-line-linked-enable-auto=\"true\" data-particles-line-linked-distance=\"150\" data-particles-line-linked-color=\"#E41E2F\" data-particles-line-linked-opacity=\"0.40\" data-particles-line-linked-width=\"1\" data-particles-interactivity-onhover-enable=\"false\" data-particles-compatibility-customclass=\".boomapps_vcrow, .vc_row, .wpb_row\" data-particles-compatibility-zindex=\"2\" data-particles-shape-image-src=\"\" data-particles-shape-image-width=\"\" data-particles-shape-image-height=\"\" class=\"vc-particles-background\" style=\"display:none;\"><\/div>[vc_row_inner][vc_column_inner column_width_use_pixel=&#8220;yes&#8220; position_horizontal=&#8220;left&#8220; gutter_size=&#8220;3&#8243; style=&#8220;dark&#8220; overlay_alpha=&#8220;50&#8243; shift_x=&#8220;0&#8243; shift_y=&#8220;0&#8243; shift_y_down=&#8220;0&#8243; z_index=&#8220;0&#8243; medium_width=&#8220;0&#8243; mobile_width=&#8220;0&#8243; width=&#8220;1\/2&#8243; uncode_shortcode_id=&#8220;171322&#8243; column_width_pixel=&#8220;480&#8243;][vc_empty_space empty_h=&#8220;1&#8243; medium_visibility=&#8220;yes&#8220; mobile_visibility=&#8220;yes&#8220;][vc_custom_heading text_size=&#8220;&#8220; uncode_shortcode_id=&#8220;117245&#8243;]Verbessern Sie Ihren Stanzprozess![\/vc_custom_heading][vc_column_text uncode_shortcode_id=&#8220;416152&#8243;]Erzielen Sie eine qualitativ hochwertige Bearbeitung, indem Sie den Restmagnetismus beseitigen: Lassen Sie sich jetzt von uns beraten.[\/vc_column_text][\/vc_column_inner][vc_column_inner column_width_percent=&#8220;100&#8243; gutter_size=&#8220;3&#8243; override_padding=&#8220;yes&#8220; column_padding=&#8220;3&#8243; back_color=&#8220;color-xsdn&#8220; overlay_alpha=&#8220;50&#8243; radius=&#8220;lg&#8220; shadow=&#8220;std&#8220; shift_x=&#8220;0&#8243; shift_y=&#8220;0&#8243; shift_y_down=&#8220;0&#8243; z_index=&#8220;0&#8243; medium_width=&#8220;0&#8243; mobile_width=&#8220;0&#8243; width=&#8220;1\/2&#8243; uncode_shortcode_id=&#8220;164176&#8243; back_color_type=&#8220;uncode-palette&#8220;]\n<div class=\"wpcf7 no-js\" id=\"wpcf7-f158606-o1\" lang=\"de-DE\" dir=\"ltr\" data-wpcf7-id=\"158606\">\n<div class=\"screen-reader-response\"><p role=\"status\" aria-live=\"polite\" aria-atomic=\"true\"><\/p> <ul><\/ul><\/div>\n<form action=\"\/de\/wp-json\/wp\/v2\/pages\/157851#wpcf7-f158606-o1\" method=\"post\" class=\"wpcf7-form init input-underline\" aria-label=\"Kontaktformular\" novalidate=\"novalidate\" data-status=\"init\">\n<fieldset class=\"hidden-fields-container\"><input type=\"hidden\" name=\"_wpcf7\" value=\"158606\" \/><input type=\"hidden\" name=\"_wpcf7_version\" value=\"6.1.5\" \/><input type=\"hidden\" name=\"_wpcf7_locale\" value=\"de_DE\" \/><input type=\"hidden\" name=\"_wpcf7_unit_tag\" value=\"wpcf7-f158606-o1\" \/><input type=\"hidden\" name=\"_wpcf7_container_post\" value=\"0\" \/><input type=\"hidden\" name=\"_wpcf7_posted_data_hash\" value=\"\" \/>\n<\/fieldset>\n<div class=\"wpcf7-inline-wrapper\">\n\t<p class=\"wpcf7-inline-field\"><span class=\"wpcf7-form-control-wrap\" data-name=\"nome\"><input size=\"40\" maxlength=\"400\" class=\"wpcf7-form-control wpcf7-text wpcf7-validates-as-required\" aria-required=\"true\" aria-invalid=\"false\" placeholder=\"Name\" value=\"\" type=\"text\" name=\"nome\" \/><\/span>\n\t<\/p>\n\t<p class=\"wpcf7-inline-field\"><span class=\"wpcf7-form-control-wrap\" data-name=\"cognome\"><input size=\"40\" maxlength=\"400\" class=\"wpcf7-form-control wpcf7-text wpcf7-validates-as-required form-fluid\" aria-required=\"true\" aria-invalid=\"false\" placeholder=\"Nachname\" value=\"\" type=\"text\" name=\"cognome\" \/><\/span>\n\t<\/p>\n<\/div>\n<div class=\"wpcf7-inline-wrapper\">\n\t<p class=\"wpcf7-inline-field\"><span class=\"wpcf7-form-control-wrap\" data-name=\"email\"><input size=\"40\" maxlength=\"400\" class=\"wpcf7-form-control wpcf7-email wpcf7-validates-as-required wpcf7-text wpcf7-validates-as-email\" aria-required=\"true\" aria-invalid=\"false\" placeholder=\"E-Mail\" value=\"\" type=\"email\" name=\"email\" \/><\/span>\n\t<\/p>\n\t<p class=\"wpcf7-inline-field\"><span class=\"wpcf7-form-control-wrap\" data-name=\"telefono\"><input size=\"40\" maxlength=\"400\" class=\"wpcf7-form-control wpcf7-text wpcf7-validates-as-required form-fluid\" aria-required=\"true\" aria-invalid=\"false\" placeholder=\"Telefon\" value=\"\" type=\"text\" name=\"telefono\" \/><\/span>\n\t<\/p>\n<\/div>\n<p><span class=\"wpcf7-form-control-wrap\" data-name=\"your-message\"><textarea cols=\"40\" rows=\"8\" maxlength=\"2000\" class=\"wpcf7-form-control wpcf7-textarea\" aria-invalid=\"false\" placeholder=\"Nachricht\" name=\"your-message\"><\/textarea><\/span>\n<\/p>\n<p><span class=\"wpcf7-form-control-wrap\" data-name=\"acceptance-476\"><span class=\"wpcf7-form-control wpcf7-acceptance optional\"><span class=\"wpcf7-list-item\"><label><input type=\"checkbox\" name=\"acceptance-476\" value=\"1\" aria-invalid=\"false\" \/><span class=\"wpcf7-list-item-label\">Ich habe die Datenschutzbestimmungen gelesen und stimme der Verarbeitung meiner personenbezogenen Daten zum Erhalt der angeforderten Informationen zu (erforderlich).<\/span><\/label><\/span><\/span><\/span>\n<\/p>\n<p><input class=\"wpcf7-form-control wpcf7-submit has-spinner btn btn-accent btn-circle btn-lg\" type=\"submit\" value=\"Schicken\" \/>\n<\/p><div class=\"wpcf7-response-output\" aria-hidden=\"true\"><\/div>\n<\/form>\n<\/div>\n[\/vc_column_inner][\/vc_row_inner][\/vc_column][\/vc_row]<\/p>\n<\/div>","protected":false},"excerpt":{"rendered":"<p>[vc_row row_height_percent=&#8220;0&#8243; override_padding=&#8220;yes&#8220; h_padding=&#8220;2&#8243; top_padding=&#8220;7&#8243; bottom_padding=&#8220;7&#8243; back_color=&#8220;color-165227&#8243; back_image=&#8220;157012&#8243; overlay_alpha=&#8220;50&#8243; equal_height=&#8220;yes&#8220; gutter_size=&#8220;4&#8243; column_width_percent=&#8220;100&#8243; shift_y=&#8220;0&#8243; z_index=&#8220;0&#8243; content_parallax=&#8220;0&#8243; uncode_shortcode_id=&#8220;539649&#8243; back_color_type=&#8220;uncode-palette&#8220;][vc_column column_width_percent=&#8220;100&#8243; gutter_size=&#8220;3&#8243; style=&#8220;dark&#8220; [&hellip;]<\/p>\n","protected":false},"author":1,"featured_media":0,"parent":158166,"menu_order":0,"comment_status":"closed","ping_status":"closed","template":"","meta":{"footnotes":""},"class_list":["post-157851","page","type-page","status-publish","hentry"],"_links":{"self":[{"href":"https:\/\/gaussko.urbangap.dev\/de\/wp-json\/wp\/v2\/pages\/157851","targetHints":{"allow":["GET"]}}],"collection":[{"href":"https:\/\/gaussko.urbangap.dev\/de\/wp-json\/wp\/v2\/pages"}],"about":[{"href":"https:\/\/gaussko.urbangap.dev\/de\/wp-json\/wp\/v2\/types\/page"}],"author":[{"embeddable":true,"href":"https:\/\/gaussko.urbangap.dev\/de\/wp-json\/wp\/v2\/users\/1"}],"replies":[{"embeddable":true,"href":"https:\/\/gaussko.urbangap.dev\/de\/wp-json\/wp\/v2\/comments?post=157851"}],"version-history":[{"count":4,"href":"https:\/\/gaussko.urbangap.dev\/de\/wp-json\/wp\/v2\/pages\/157851\/revisions"}],"predecessor-version":[{"id":158177,"href":"https:\/\/gaussko.urbangap.dev\/de\/wp-json\/wp\/v2\/pages\/157851\/revisions\/158177"}],"up":[{"embeddable":true,"href":"https:\/\/gaussko.urbangap.dev\/de\/wp-json\/wp\/v2\/pages\/158166"}],"wp:attachment":[{"href":"https:\/\/gaussko.urbangap.dev\/de\/wp-json\/wp\/v2\/media?parent=157851"}],"curies":[{"name":"wp","href":"https:\/\/api.w.org\/{rel}","templated":true}]}}